{"id":2161,"date":"2016-07-10T15:50:57","date_gmt":"2016-07-10T13:50:57","guid":{"rendered":"http:\/\/www.ripess.eu\/fr\/?page_id=2161"},"modified":"2016-12-30T14:21:14","modified_gmt":"2016-12-30T12:21:14","slug":"ag2016-documentation-et-resultats","status":"publish","type":"page","link":"https:\/\/ripess.eu\/fr\/assemblees-generales\/5eme-assemblee-generale-villarceaux-paris-2016\/ag2016-documentation-et-resultats\/","title":{"rendered":"AG2016: Documentation et r\u00e9sultats"},"content":{"rendered":"<h4 align=\"left\">AG2016: Documentation et r\u00e9sultats<\/h4>\n<p align=\"left\">La Bergerie de Villarceaux, joli eco-centre et ferme biologique hors de Paris, a \u00e9t\u00e9 le cadre convivial pour la 5\u00e9me Assembl\u00e9e G\u00e9n\u00e9rale du RIPESS Europe, qui a eu lieu du 20 au 22 juin 2016, gr\u00e2ce \u00e0 l\u2019hospitalit\u00e9 de la Fondation pour le Progr\u00e8s de l\u2019Homme.<\/p>\n<p align=\"left\">Ici vous pouvez trouver les comptes rendus, les interventions et la documentation\u00a0produites dans les\u00a0trois jours.<\/p>\n<h5 align=\"left\"><span style=\"color: #993300;\">LUNDI 20 Juin 2016<\/span><\/h5>\n<p><b>Table ronde d&rsquo;introduction<\/b><br \/>\n\u00ab\u00a0<b>L\u2019Europe solidaire:\u00a0<\/b><strong>les enjeux de l\u2019ESS et la construction du mouvement pour le changement r\u00e9el\u00a0\u00bb<\/strong><\/p>\n<p>Interventions de:<br \/>\n\u2013 <strong>Claudia Neubauer<\/strong> (FPH)<br \/>\n\u2013 <strong>Jean-Louis Laville<\/strong> (CNAM et conseil consultatif RIPESS EU) [<strong><a href=\"https:\/\/europe.ripess.rio20.net\/wp-content\/uploads\/sites\/4\/2016\/07\/AG2016_Int_Jean-Louis-Laville.pdf\">pdf<\/a><\/strong>]<br \/>\n<b>\u2013 <strong>Josette Combes<\/strong>\u00a0<\/b>(MES et comit\u00e9 de coordination RIPESS EU) [<strong><a href=\"https:\/\/europe.ripess.rio20.net\/wp-content\/uploads\/sites\/4\/2016\/07\/AG2016-Int-Josette-Combes.pdf\">pdf<\/a><\/strong>]<\/p>\n<h4><span style=\"color: #993300;\"><b>MARDI<\/b><b>\u00a0<\/b><b>21<\/b><b>\u00a0<\/b>Juin<\/span><\/h4>\n<p align=\"left\"><strong><a href=\"http:\/\/europe.ripess.rio20.net\/?lang=en\/fr\/ag-2016-ateliers\/\">Ateliers et groups de travail<\/a><\/strong><\/p>\n<p><strong>1) Inter-coop\u00e9ration, r\u00e9sauttage et co-construction [<a href=\"https:\/\/europe.ripess.rio20.net\/wp-content\/uploads\/sites\/4\/2016\/07\/GT1_intercooperation_FR.pdf\">pdf<\/a>]<br \/>\n<\/strong><strong>2) Repenser l\u2019\u00e9conomie, le travail et l\u2019entreprise solidaire [<a href=\"https:\/\/europe.ripess.rio20.net\/wp-content\/uploads\/sites\/4\/2016\/07\/GT2_Repenser_leconomie_FR.pdf\">pdf<\/a>]<br \/>\n<\/strong><strong>3) Impact &amp; social audits [<a href=\"https:\/\/europe.ripess.rio20.net\/wp-content\/uploads\/sites\/4\/2016\/07\/GT3_indicateurs_sociaux_impact_FR.pdf\">pdf<\/a>]<br \/>\n<\/strong><strong>4) Panorama \u2013 cartographie &amp; visibilit\u00e9 [<a href=\"https:\/\/europe.ripess.rio20.net\/wp-content\/uploads\/sites\/4\/2016\/07\/GT4_Panorama_ESS_FR.pdf\">pdf<\/a>]<br \/>\n<\/strong><strong>5) Economie Solidaire, Agro\u00e9cologie et Souverainet\u00e9 Alimentaire\u00a0<\/strong><strong>[<a href=\"https:\/\/europe.ripess.rio20.net\/wp-content\/uploads\/sites\/4\/2016\/07\/GT5_agroecologie_sse_FR.pdf\">pdf<\/a>]<br \/>\n<\/strong><strong>6) Lois de ESS &amp; politiques publiques [<a href=\"https:\/\/europe.ripess.rio20.net\/wp-content\/uploads\/sites\/4\/2016\/07\/GT6_politiques_publiques_FR.pdf\">pdf<\/a>]<\/strong><\/p>\n<p align=\"left\"><span style=\"text-decoration: underline;\"><b><br \/>\nAssembl\u00e9e g\u00e9n\u00e9rale \u2013 Pl<\/b><b>\u00e9<\/b><b>n<\/b><b>i\u00e8<\/b><b>re<\/b><\/span><\/p>\n<ul>\n<li><strong>Compte rendu de l&rsquo;AG 2016<\/strong> [<strong><a href=\"https:\/\/europe.ripess.rio20.net\/wp-content\/uploads\/sites\/4\/2016\/07\/AG2016_RIPESSEU_compte-rendu_FR.pdf\">pdf<\/a><\/strong>]<\/li>\n<li><strong>Bilan d&rsquo;activit\u00e9 2015-2016<\/strong> [<strong><a href=\"https:\/\/europe.ripess.rio20.net\/wp-content\/uploads\/sites\/4\/2016\/07\/RIPESS-AG2016-bilan-dactivit\u00e9-2015.pdf\">pdf<\/a><\/strong>]<\/li>\n<li>\n<div class=\"page\" title=\"Page 1\">\n<div class=\"section\">\n<div class=\"layoutArea\">\n<div class=\"column\">\n<p><strong>Orientations strat\u00e9giques 2016-2018 [<a href=\"https:\/\/europe.ripess.rio20.net\/wp-content\/uploads\/sites\/4\/2016\/07\/RIPESSEU_document_orientations_strategiques_FR_2016.pdf\">pdf<\/a>]<\/strong><\/p>\n<\/div>\n<\/div>\n<\/div>\n<\/div>\n<\/li>\n<li><strong>Compte de r\u00e9sultat 2015<\/strong> [<strong><a href=\"https:\/\/europe.ripess.rio20.net\/wp-content\/uploads\/sites\/4\/2016\/07\/CR-pr\u00e9v-RIPESS-EU-2015.pdf\">pdf<\/a><\/strong>]<\/li>\n<li><strong>Modification des statuts<\/strong> [<strong><a href=\"https:\/\/europe.ripess.rio20.net\/wp-content\/uploads\/sites\/4\/2016\/07\/AG2016_RIPESSEU_statuts_mondifi\u00e9.pdf\">pdf<\/a><\/strong>]<\/li>\n<li><strong>Rapport Conseil Consultatif<\/strong> [<strong><a href=\"https:\/\/europe.ripess.rio20.net\/wp-content\/uploads\/sites\/4\/2016\/07\/RIPESSEU_rapport_conseil_consultatif.pdf\">pdf<\/a><\/strong>]<\/li>\n<\/ul>\n<h4 align=\"left\"><span style=\"color: #993300;\"><br \/>\nMERCREDI 22 Juin<\/span><\/h4>\n<p>Table ronde: \u00ab\u00a0<strong>Quelles politiques publiques de l\u2019ESS: legislation et espaces de co-construction europ\u00e9ens pour l\u2019ESS\u00a0\u00bb [<a href=\"https:\/\/europe.ripess.rio20.net\/wp-content\/uploads\/sites\/4\/2016\/07\/AG2016-table_ronde_pol_pub.pdf\">pdf<\/a>]<\/strong><\/p>\n<ul>\n<li><strong>Presentation de Judith Hitchman sur la dimension international [<a href=\"https:\/\/europe.ripess.rio20.net\/wp-content\/uploads\/sites\/4\/2016\/07\/AG2016_Public_policy_roundtable_international_JH.pdf\">pdf<\/a>]<\/strong><\/li>\n<li><strong>Liste de participants<\/strong> [<strong><a href=\"https:\/\/europe.ripess.rio20.net\/wp-content\/uploads\/sites\/4\/2016\/07\/RIPESSEU-AG2016-participants.pdf\">pdf<\/a><\/strong>]<\/li>\n<\/ul>\n","protected":false},"excerpt":{"rendered":"<p>AG2016: Documentation et r\u00e9sultats La Bergerie de Villarceaux, joli eco-centre et ferme biologique hors de Paris, a \u00e9t\u00e9 le cadre convivial pour la 5\u00e9me Assembl\u00e9e G\u00e9n\u00e9rale du RIPESS Europe, qui [&hellip;]<\/p>\n","protected":false},"author":1,"featured_media":2097,"parent":1927,"menu_order":0,"comment_status":"closed","ping_status":"closed","template":"","meta":{"_et_pb_use_builder":"","_et_pb_old_content":"","_et_gb_content_width":"","footnotes":""},"class_list":["post-2161","page","type-page","status-publish","has-post-thumbnail","hentry"],"_links":{"self":[{"href":"https:\/\/ripess.eu\/fr\/wp-json\/wp\/v2\/pages\/2161","targetHints":{"allow":["GET"]}}],"collection":[{"href":"https:\/\/ripess.eu\/fr\/wp-json\/wp\/v2\/pages"}],"about":[{"href":"https:\/\/ripess.eu\/fr\/wp-json\/wp\/v2\/types\/page"}],"author":[{"embeddable":true,"href":"https:\/\/ripess.eu\/fr\/wp-json\/wp\/v2\/users\/1"}],"replies":[{"embeddable":true,"href":"https:\/\/ripess.eu\/fr\/wp-json\/wp\/v2\/comments?post=2161"}],"version-history":[{"count":0,"href":"https:\/\/ripess.eu\/fr\/wp-json\/wp\/v2\/pages\/2161\/revisions"}],"up":[{"embeddable":true,"href":"https:\/\/ripess.eu\/fr\/wp-json\/wp\/v2\/pages\/1927"}],"wp:featuredmedia":[{"embeddable":true,"href":"https:\/\/ripess.eu\/fr\/wp-json\/wp\/v2\/media\/2097"}],"wp:attachment":[{"href":"https:\/\/ripess.eu\/fr\/wp-json\/wp\/v2\/media?parent=2161"}],"curies":[{"name":"wp","href":"https:\/\/api.w.org\/{rel}","templated":true}]}}