{"id":2058,"date":"2016-06-07T10:40:09","date_gmt":"2016-06-07T08:40:09","guid":{"rendered":"http:\/\/www.ripess.eu\/fr\/?page_id=2058"},"modified":"2016-06-07T10:47:51","modified_gmt":"2016-06-07T08:47:51","slug":"se-rendre-a-la-bergerie","status":"publish","type":"page","link":"https:\/\/ripess.eu\/fr\/assemblees-generales\/5eme-assemblee-generale-villarceaux-paris-2016\/se-rendre-a-la-bergerie\/","title":{"rendered":"Se rendre \u00e0 la bergerie"},"content":{"rendered":"<p>La bergerie de Villarceaux se situe \u00e0 Chaussy, commune du Val d&rsquo;Oise (code postal &#8211; 95710). Il n&rsquo;y a pas de nom de rue, \u00ab\u00a0la bergerie\u00a0\u00bb \u00e9tant un lieu dit. Les GPS reconnaissent g\u00e9n\u00e9ralement la localisation \u00ab\u00a0la bergerie &#8211; 95710 Chaussy\u00a0\u00bb.\u00a0<a title=\"Plan acces et indications\" href=\"http:\/\/bergerie-villarceaux.org\/uploads\/PDF\/plan%20acces%20et%20indications%20pour%20venir%20%C3%A0%20la%20bergerie.pdf\">T\u00e9l\u00e9charger le plan d&rsquo;acc\u00e8s et les indications pour venir \u00e0 la Bergerie de Villarceaux (PDF &#8211; 242Ko)<\/a><\/p>\n<p><a href=\"https:\/\/europe.ripess.rio20.net\/wp-content\/uploads\/sites\/4\/2016\/06\/plan-acces-bergerie.jpg\"><img loading=\"lazy\" decoding=\"async\" class=\"alignnone size-full wp-image-2062\" src=\"https:\/\/europe.ripess.rio20.net\/wp-content\/uploads\/sites\/4\/2016\/06\/plan-acces-bergerie.jpg\" alt=\"plan-acces-bergerie\" width=\"500\" height=\"338\" srcset=\"https:\/\/ripess.eu\/wp-content\/uploads\/sites\/4\/2016\/06\/plan-acces-bergerie.jpg 500w, https:\/\/ripess.eu\/wp-content\/uploads\/sites\/4\/2016\/06\/plan-acces-bergerie-300x203.jpg 300w, https:\/\/ripess.eu\/wp-content\/uploads\/sites\/4\/2016\/06\/plan-acces-bergerie-185x125.jpg 185w\" sizes=\"(max-width: 500px) 100vw, 500px\" \/><br \/>\n<\/a>Si la Bergerie de Villarceaux n&rsquo;est pas directement accessible en transport en commun, vous pouvez n\u00e9anmoins vous en rapprocher en grande partie en transport en commun depuis Paris et \u00e9viter ainsi les embouteillages. Les deux gares les plus proches de la Bergerie sont :<\/p>\n<ul>\n<li><strong>la gare de Cergy-le-haut<\/strong> (gare terminus de la branche ouest du RER A &#8211; et terminus des transiliens au d\u00e9part de la gare Saint-Lazare). Cette gare se situe \u00e0 30 kilom\u00e8tres de la bergerie soit 20 minutes en voiture.<\/li>\n<\/ul>\n<p>Consulter les\u00a0<strong><a href=\"https:\/\/europe.ripess.rio20.net\/wp-content\/uploads\/sites\/4\/2016\/06\/rer-a-paris-schedule-monday-friday-2016.pdf\">horaire RER A 2016<\/a><\/strong>\u00a0(pdf) et la <strong><a href=\"https:\/\/europe.ripess.rio20.net\/wp-content\/uploads\/sites\/4\/2016\/06\/RERA_map.pdf\">carte de la RER A<\/a><\/strong>\u00a0(pdf)<\/p>\n<ul>\n<li><strong>la gare de Mantes-la-jolie<\/strong> (gare desservie par les transiliens et gare desservie par le TGV quotidien entre le Havre et Marseille.<\/li>\n<\/ul>\n<p><span style=\"line-height: 1.5;\">\u00a0Vous trouvez\u00a0<\/span><strong style=\"line-height: 1.5;\"><a href=\"http:\/\/bergerie-villarceaux.org\/index.php?page=english\">plusieurs informations ici<\/a>.<\/strong><\/p>\n<p class=\"p1\"><strong>Depuis les a\u00e9roports<br \/>\n<\/strong><strong><br \/>\n<\/strong>De l\u2019a\u00e9roport de <strong>Beauvais<\/strong>, il y a une navette \u00e0 Paris-Porte Maillot. Puis \u00e0 Paris, vous devrez prendre la ligne A du RER jusqu\u2019au terminus de la ligne \u00ab Cergy le Haut \u00bb. A partir de l\u00e0 vous pouvez prendre le bus-navette (lundi \u00e0 16:00) ou un taxi.<\/p>\n<p class=\"p1\">De l\u2019a\u00e9roport de <strong>Roissy CDG et Orly<\/strong>, vous avez le syst\u00e8me de bus lignes sncf pour Paris ou RER B. Vous pouvez changer du\u00a0centre ville\u00a0Paris (Chatelet-Les Halles) \u00e0 la RER A, jusqu\u2019au terminus de la ligne \u00ab Cergy le Haut \u00bb. \u00a0A partir de l\u00e0 vous pouvez prendre le bus-navette (lundi \u00e0 16:00) ou un taxi.<\/p>\n<p class=\"p1\"><strong>Depuis les gares<\/strong><\/p>\n<p>Vous pouvez prendre le RER A \u00e0 partir de la Gare de Lyon ou d\u2019autres stations de m\u00e9tro du centre-ville (voir ci-dessous).<\/p>\n<p><strong>RER A to Cergy le Haut<\/strong><\/p>\n<p>Consulter les\u00a0<strong><a href=\"https:\/\/europe.ripess.rio20.net\/wp-content\/uploads\/sites\/4\/2016\/06\/rer-a-paris-schedule-monday-friday-2016.pdf\">horaire RER A 2016<\/a><\/strong>\u00a0(pdf) et la <strong><a href=\"https:\/\/europe.ripess.rio20.net\/wp-content\/uploads\/sites\/4\/2016\/06\/RERA_map.pdf\">carte de la RER A<\/a><\/strong>\u00a0(pdf). \u00a0Le voyage du centre de Paris (Ch\u00e2telet-Les Halles) \u00e0 Cergy le Haut est d\u2019environ 45 minutes. \u00a0De Cergy \u00e0 La Bergerie c&rsquo;est un autre 20\/30 minutes.<\/p>\n<p><strong>Taxi<\/strong><\/p>\n<p>Vous pouvez\u00a0appeler\u00a0Pascal Caron &#8211; taxi \u00e0 Chaussy 06 09 37 36 35 (<strong><a href=\"https:\/\/europe.ripess.rio20.net\/wp-content\/uploads\/sites\/4\/2016\/06\/Tarifs-2015-Chaussy-Taxi-M.-Pascal-CARON.pdf\">Tarifs &#8211; Chaussy Taxi &#8211; M. Pascal CARON<\/a><\/strong>)<\/p>\n","protected":false},"excerpt":{"rendered":"<p>La bergerie de Villarceaux se situe \u00e0 Chaussy, commune du Val d&rsquo;Oise (code postal &#8211; 95710). Il n&rsquo;y a pas de nom de rue, \u00ab\u00a0la bergerie\u00a0\u00bb \u00e9tant un lieu dit. [&hellip;]<\/p>\n","protected":false},"author":1,"featured_media":0,"parent":1927,"menu_order":0,"comment_status":"closed","ping_status":"closed","template":"","meta":{"_et_pb_use_builder":"","_et_pb_old_content":"","_et_gb_content_width":"","footnotes":""},"class_list":["post-2058","page","type-page","status-publish","hentry"],"_links":{"self":[{"href":"https:\/\/ripess.eu\/fr\/wp-json\/wp\/v2\/pages\/2058","targetHints":{"allow":["GET"]}}],"collection":[{"href":"https:\/\/ripess.eu\/fr\/wp-json\/wp\/v2\/pages"}],"about":[{"href":"https:\/\/ripess.eu\/fr\/wp-json\/wp\/v2\/types\/page"}],"author":[{"embeddable":true,"href":"https:\/\/ripess.eu\/fr\/wp-json\/wp\/v2\/users\/1"}],"replies":[{"embeddable":true,"href":"https:\/\/ripess.eu\/fr\/wp-json\/wp\/v2\/comments?post=2058"}],"version-history":[{"count":0,"href":"https:\/\/ripess.eu\/fr\/wp-json\/wp\/v2\/pages\/2058\/revisions"}],"up":[{"embeddable":true,"href":"https:\/\/ripess.eu\/fr\/wp-json\/wp\/v2\/pages\/1927"}],"wp:attachment":[{"href":"https:\/\/ripess.eu\/fr\/wp-json\/wp\/v2\/media?parent=2058"}],"curies":[{"name":"wp","href":"https:\/\/api.w.org\/{rel}","templated":true}]}}