{"id":1931,"date":"2016-05-03T23:28:21","date_gmt":"2016-05-03T21:28:21","guid":{"rendered":"http:\/\/www.ripess.eu\/fr\/?page_id=1931"},"modified":"2016-06-15T16:28:55","modified_gmt":"2016-06-15T14:28:55","slug":"ag-2016-programme","status":"publish","type":"page","link":"https:\/\/ripess.eu\/fr\/assemblees-generales\/5eme-assemblee-generale-villarceaux-paris-2016\/ag-2016-programme\/","title":{"rendered":"AG 2016: Programme"},"content":{"rendered":"<h2 align=\"center\"><span style=\"color: #993300;\">AG 2016: Programme<\/span><\/h2>\n<h4 align=\"left\"><span style=\"color: #000080;\">LUNDI 20 Juin<\/span><\/h4>\n<p><span style=\"font-family: Arial, sans-serif;\"><b>Rendez-vous \u00e0 16h00 \u00e0 Cergy-le-Haut (RER A) et Transport collectif \u00e0 La Bergerie<\/b><\/span><\/p>\n<p><strong>17h00<\/strong>\u00a0&#8211; Accueil<\/p>\n<p><span style=\"font-family: Arial, sans-serif;\"><strong>17h30<\/strong>\u00a0&#8211; Pr\u00e9sentation du programme de travail<\/span><\/p>\n<p><span style=\"font-family: Arial, sans-serif;\"><strong>18h00<\/strong>\u00a0&#8211; Introduction.\u00a0<\/span><span style=\"font-family: Arial, sans-serif;\"><b>L\u2019Europe solidaire: les enjeux de l\u2019ESS\u00a0<\/b><\/span><span style=\"font-family: Arial, sans-serif;\"><br \/>\nAvec:<br \/>\n&#8211; Claudia Neubauer (FPH)<br \/>\n&#8211; Josette Combes\u00a0(comit\u00e9 de coordination RIPESS EU)<br \/>\n&#8211; Jean-Louis Laville (CNAM et conseil consultatif RIPESS EU)<\/span><\/p>\n<p align=\"left\"><span style=\"color: #434343;\"><span style=\"font-family: Arial, sans-serif;\">D\u00e9bat<\/span><\/span><\/p>\n<p align=\"left\"><strong>19h45<\/strong> &#8211; D\u00eener<\/p>\n<p><strong>21h00<\/strong> &#8211; Pr\u00e9sentation des nouveaux membres<span style=\"color: #000000;\"><span style=\"font-family: Arial, sans-serif;\"><span style=\"font-size: small;\"><br \/>\n<\/span><\/span><\/span><span style=\"color: #000000;\"><span style=\"font-family: Arial, sans-serif;\"><span style=\"font-size: small;\"><b><br \/>\n<\/b><\/span><\/span><\/span><b><\/b><\/p>\n<h4><span style=\"color: #000080;\"><span style=\"font-family: Arial, sans-serif;\"><b>MARDI<\/b><\/span><b>\u00a0<\/b><span style=\"font-family: Arial, sans-serif;\"><b>21<\/b><\/span><span style=\"font-family: Arial, sans-serif;\"><span style=\"font-size: small;\"><b>\u00a0<\/b><\/span><\/span>Juin<\/span><\/h4>\n<p align=\"left\"><span style=\"color: #000000;\"><span style=\"font-family: Arial, sans-serif;\"><span style=\"font-size: small;\"><b><br \/>\n<\/b><\/span><\/span><\/span><span style=\"font-family: Arial, sans-serif;\"><strong>7h45-9h00<\/strong> &#8211; Petit-d\u00e9jeuner<\/span><\/p>\n<p align=\"left\"><span style=\"font-family: Arial, sans-serif;\"><strong>9h00-10h30<\/strong> &#8211;\u00a0<\/span><span style=\"font-family: Arial, sans-serif;\"><b>Strat\u00e9gie des r\u00e9seaux et entre r\u00e9seaux<\/b><\/span><\/p>\n<p align=\"left\"><span style=\"font-family: Arial, sans-serif;\">World caf\u00e9 et choix des ateliers<\/span><\/p>\n<p align=\"left\"><span style=\"font-family: Arial, sans-serif;\"><strong>10h30<\/strong>\u00a0&#8211; Pause caf\u00e9<\/span><\/p>\n<p align=\"left\"><span style=\"font-family: Arial, sans-serif;\"><strong>11:00-12:30 &#8211;<\/strong>\u00a0<strong><a href=\"http:\/\/europe.ripess.rio20.net\/?lang=en\/fr\/ag-2016-ateliers\/\">Ateliers<\/a><\/strong><\/span><\/p>\n<p><span style=\"font-family: arial, helvetica, sans-serif;\">1) Inter-coop\u00e9ration, r\u00e9sauttage et co-construction [S4A, Solidarius]<br \/>\n<\/span><span style=\"font-family: arial, helvetica, sans-serif;\">2) Repenser l\u2019\u00e9conomie, le travail et l\u2019entreprise solidaire [INEES]<br \/>\n<\/span><span style=\"font-family: arial, helvetica, sans-serif;\">3) Impact &amp; social audits [ADEPES + UFISC]<br \/>\n<\/span><span style=\"font-family: arial, helvetica, sans-serif;\">4) Panorama &#8211; cartographie &amp; visibilit\u00e9 [MES + Socioeco]<br \/>\n<\/span><span style=\"font-family: arial, helvetica, sans-serif;\">5) Lois de ESS &amp; politiques publiques [UFISC + MES, RTES]<br \/>\n<\/span><span style=\"font-family: arial, helvetica, sans-serif;\">6) Syst\u00e8mes alimentaires locaux et ESS [URGENCI]<br \/>\n<\/span><span style=\"font-family: arial, helvetica, sans-serif;\">7) Autre<\/span><\/p>\n<p align=\"left\"><span style=\"font-family: Arial, sans-serif;\"><strong>12h30<\/strong>\u00a0&#8211; Repas<\/span><\/p>\n<p align=\"left\"><span style=\"font-family: Arial, sans-serif;\"><strong>14h00<\/strong>\u00a0&#8211;\u00a0<\/span><span style=\"color: #000000;\"><span style=\"font-family: Arial, sans-serif;\"><span style=\"font-size: small;\"><b>Assembl\u00e9e g\u00e9n\u00e9rale &#8211; Pl<\/b><\/span><\/span><\/span><span style=\"font-family: Arial, sans-serif;\"><b>\u00e9<\/b><\/span><span style=\"color: #000000;\"><span style=\"font-family: Arial, sans-serif;\"><span style=\"font-size: small;\"><b>n<\/b><\/span><\/span><\/span><span style=\"font-family: Arial, sans-serif;\"><b>i\u00e8<\/b><\/span><span style=\"color: #000000;\"><span style=\"font-family: Arial, sans-serif;\"><span style=\"font-size: small;\"><b>re<\/b><\/span><\/span><\/span><\/p>\n<p align=\"left\"><span style=\"font-family: Arial, sans-serif;\">(a) Vote pour l\u2019acceptation de nouveaux membres<\/span><\/p>\n<p align=\"left\"><span style=\"font-family: Arial, sans-serif;\">(b) Discussion des orientations strat\u00e9giques 2016-2018 et ratification du document d\u2019orientation et du plan d\u2019action<\/span><\/p>\n<p align=\"left\"><span style=\"font-family: Arial, sans-serif;\"><strong>16h00<\/strong> Pause caf\u00e9<\/span><\/p>\n<p align=\"left\"><span style=\"font-family: Arial, sans-serif;\">(c) Propositions pour l&rsquo;Assembl\u00e9e<\/span><\/p>\n<ol>\n<li>\n<p align=\"left\"><span style=\"font-family: Arial, sans-serif;\">Validation de l&rsquo;adh\u00e9sion des nouveaux membres<\/span><\/p>\n<\/li>\n<li>\n<p align=\"left\"><span style=\"font-family: Arial, sans-serif;\">Orientations strat\u00e9giques, vote des orientations et du plan d&rsquo;action\u00a0<\/span><\/p>\n<\/li>\n<li>\n<p align=\"left\"><span style=\"font-family: Arial, sans-serif;\">Modification des statuts<\/span><\/p>\n<\/li>\n<li>\n<p align=\"left\"><span style=\"font-family: Arial, sans-serif;\">Le conseil consultatif<\/span><\/p>\n<\/li>\n<li>\n<p align=\"left\"><span style=\"font-family: Arial, sans-serif;\">D\u00e9signation des d\u00e9l\u00e9gu\u00e9s au RIPESS Intercontinental<\/span><\/p>\n<\/li>\n<li>\n<p align=\"left\"><span style=\"font-family: Arial, sans-serif;\">Validation du compte d&rsquo;exploitation 2015 et du budget pr\u00e9visionnel 2016.\u00a0<\/span><\/p>\n<\/li>\n<\/ol>\n<p align=\"left\">(d) Renouvellement du Comit\u00e9 de Coordination<\/p>\n<p align=\"left\"><strong>19h30<\/strong>\u00a0&#8211; Diner<\/p>\n<p align=\"left\"><strong>20h30<\/strong>\u00a0&#8211; Activit\u00e9es\u00a0culturelles et conviviales<\/p>\n<h4 align=\"left\"><span style=\"color: #000080;\"><strong>MERCREDI 22 Juin<\/strong><\/span><\/h4>\n<p><strong>7h45-9h00<\/strong> &#8211; Petit-d\u00e9jeuner<\/p>\n<p><strong>9h30 &#8211; 11h00<\/strong>\u00a0&#8211; Table ronde:\u00a0<strong>Quelles politiques publiques de l&rsquo;ESS: legislation et espaces de co-construction europ\u00e9ens pour l&rsquo;ESS\u00a0<\/strong><\/p>\n<p>11h00 &#8211; 11h15 &#8211; Pause Caf\u00e9<\/p>\n<p><strong>11h15 &#8211; 12h15 &#8211; Debat et conclusions<\/strong><\/p>\n<p><strong>12h30<\/strong> &#8211; Repas<\/p>\n<p><strong>14h00<\/strong> &#8211; D\u00e9part, navette pour Cergy-le-Haut (RER A)<\/p>\n","protected":false},"excerpt":{"rendered":"<p>AG 2016: Programme LUNDI 20 Juin Rendez-vous \u00e0 16h00 \u00e0 Cergy-le-Haut (RER A) et Transport collectif \u00e0 La Bergerie 17h00\u00a0&#8211; Accueil 17h30\u00a0&#8211; Pr\u00e9sentation du programme de travail 18h00\u00a0&#8211; Introduction.\u00a0L\u2019Europe solidaire: [&hellip;]<\/p>\n","protected":false},"author":1,"featured_media":0,"parent":1927,"menu_order":0,"comment_status":"closed","ping_status":"closed","template":"","meta":{"_et_pb_use_builder":"","_et_pb_old_content":"","_et_gb_content_width":"","footnotes":""},"class_list":["post-1931","page","type-page","status-publish","hentry"],"_links":{"self":[{"href":"https:\/\/ripess.eu\/fr\/wp-json\/wp\/v2\/pages\/1931","targetHints":{"allow":["GET"]}}],"collection":[{"href":"https:\/\/ripess.eu\/fr\/wp-json\/wp\/v2\/pages"}],"about":[{"href":"https:\/\/ripess.eu\/fr\/wp-json\/wp\/v2\/types\/page"}],"author":[{"embeddable":true,"href":"https:\/\/ripess.eu\/fr\/wp-json\/wp\/v2\/users\/1"}],"replies":[{"embeddable":true,"href":"https:\/\/ripess.eu\/fr\/wp-json\/wp\/v2\/comments?post=1931"}],"version-history":[{"count":0,"href":"https:\/\/ripess.eu\/fr\/wp-json\/wp\/v2\/pages\/1931\/revisions"}],"up":[{"embeddable":true,"href":"https:\/\/ripess.eu\/fr\/wp-json\/wp\/v2\/pages\/1927"}],"wp:attachment":[{"href":"https:\/\/ripess.eu\/fr\/wp-json\/wp\/v2\/media?parent=1931"}],"curies":[{"name":"wp","href":"https:\/\/api.w.org\/{rel}","templated":true}]}}