{"id":1927,"date":"2016-05-03T15:33:10","date_gmt":"2016-05-03T13:33:10","guid":{"rendered":"http:\/\/www.ripess.eu\/fr\/?page_id=1927"},"modified":"2016-06-15T16:48:40","modified_gmt":"2016-06-15T14:48:40","slug":"5eme-assemblee-generale-villarceaux-paris-2016","status":"publish","type":"page","link":"https:\/\/ripess.eu\/fr\/assemblees-generales\/5eme-assemblee-generale-villarceaux-paris-2016\/","title":{"rendered":"5\u00e8me Assembl\u00e9e G\u00e9n\u00e9rale &#8211; Villarceaux (Paris) 2016"},"content":{"rendered":"<div class=\"entry\">\n<h2 lang=\"es-AR\" style=\"text-align: center;\" align=\"justify\"><strong>5\u00e8me Assembl\u00e9e G\u00e9n\u00e9rale &#8211; Villarceaux (Paris) 2016<\/strong><\/h2>\n<p lang=\"es-AR\" align=\"justify\"><span lang=\"fr-BE\">La cinqui\u00e8me\u00a0<strong>Assembl\u00e9e G\u00e9n\u00e9rale (AG) du <\/strong><\/span><strong><span lang=\"fr-BE\">RIPESS Europe<\/span><\/strong><span lang=\"fr-BE\"><strong>\u00a0&#8211; Solidarity Economy Europe<\/strong> se tiendra <strong>du <\/strong><\/span><strong><span lang=\"fr-BE\">20 au 22 juin 2016<\/span><span lang=\"fr-BE\"> \u00e0 <\/span><\/strong><span lang=\"fr-BE\"><strong><a href=\"http:\/\/bergerie-villarceaux.org\">La Bergerie de Villarceaux<\/a> (Paris, France)<\/strong>,\u00a0avec le soutien de la <strong><a href=\"http:\/\/www.fph.ch\">FPH (Fondation pour le Progr\u00e8s de l\u2019Homme)<\/a><\/strong>.<\/span><span lang=\"fr-BE\">\u00a0Cette AG est l\u2019occasion de faire le point sur l\u2019actualit\u00e9 de chacun de nos membres et d\u2019organiser nos forces pour faire progresser la dynamique de l\u2019Economie Solidaire en Europe.<\/span><\/p>\n<\/div>\n<div class=\"entry\">\n<h5 align=\"center\"><b><br \/>\nLundi 20 juin 2016 17h00<br \/>\n<\/b><b>au 22 juin 2016 14h00<\/b><\/h5>\n<\/div>\n<div class=\"entry\"><\/div>\n<p>Le rencontre se\u00a0concentre sur\u00a0le r\u00f4le et les strat\u00e9gies du R\u00e9seau europ\u00e9en \u00e0 5 ans de sa fondation. De nouveaux participants au r\u00e9seau\u00a0sont pr\u00e9vus en provenance de diff\u00e9rents pays europ\u00e9ens, ainsi que\u00a0des invit\u00e9s d&rsquo;autres r\u00e9seaux et organisations. Nous aurons aussi\u00a0une session d\u00e9di\u00e9e aux politiques publiques de promotion de l&rsquo;ESS.<\/p>\n<div class=\"entry\"><\/div>\n<div class=\"entry\">Pour participer, vous devez vous <span style=\"text-decoration: underline;\"><strong><a href=\"http:\/\/europe.ripess.rio20.net\/?lang=en\/eforms\/ga2016-registration\/9\/\">enregistrer en ligne ici<\/a><\/strong><\/span>. \u00a0Les places (h\u00e9bergement) sont limit\u00e9es.<\/div>\n<div class=\"entry\"><\/div>\n<div class=\"entry\">Voir ici le <a href=\"http:\/\/europe.ripess.rio20.net\/?lang=en\/fr\/5eme-assemblee-generale-villarceaux-paris-2016\/ag-2016-programme\"><span style=\"text-decoration: underline;\"><strong>Programme<\/strong><\/span><\/a><\/div>\n<div class=\"entry\"><\/div>\n<p>Comment <strong><a href=\"http:\/\/europe.ripess.rio20.net\/?lang=en\/fr\/assemblees-generales\/5eme-assemblee-generale-villarceaux-paris-2016\/se-rendre-a-la-bergerie\/\">se rendre \u00e0 La Bergerie de Villarceaux<\/a><\/strong><\/p>\n<h4 class=\"entry\">Pr\u00e9paration de l&rsquo;Assembl\u00e9e G\u00e9n\u00e9rale<\/h4>\n<div class=\"entry\">Vous pouvez via les liens suivants acc\u00e9der aux documents et forums de pr\u00e9paration de l&rsquo;AG. Pour acc\u00e9der aux forums existants, il faut d\u00e9j\u00e0 \u00eatre membre du RIPESS EU et des forums respectifs (demander \u00e0 info@ripess.eu).<\/div>\n<div class=\"entry\"><\/div>\n<div class=\"entry\">&#8211; L&rsquo;ordre du jour de l&rsquo;<strong>Assembl\u00e9e statutaire<\/strong> est ici (<strong><a href=\"https:\/\/europe.ripess.rio20.net\/wp-content\/uploads\/sites\/4\/2016\/05\/AG2016_Assemble\u0301e_statutaire_odj_FR.pdf\">t\u00e9l\u00e9charger pdf<\/a><\/strong>)<\/div>\n<div class=\"entry\"><\/div>\n<div class=\"entry\">&#8211;\u00a0Si vous avez besoin de\u00a0<strong>donner une procuration<\/strong> \u00e0 un autre membre, veuillez <strong><a href=\"https:\/\/europe.ripess.rio20.net\/wp-content\/uploads\/sites\/4\/2016\/05\/PROCURATION-2016-FR.pdf\">compl\u00e9ter et envoyer ce formulaire<\/a><\/strong> (pdf).<\/div>\n<div class=\"entry\"><\/div>\n<div class=\"entry\">&#8211; <strong><a href=\"http:\/\/europe.ripess.rio20.net\/?lang=en\/fr\/docs\/orientations-strategiques-2016-2018\/\">Document d&rsquo;orientation strat\u00e9gique 2016-2018<\/a><\/strong>: ce document a \u00e9t\u00e9 r\u00e9dig\u00e9 par le groupe de travail de strat\u00e9gie RIPESS EU et discut\u00e9 et r\u00e9vis\u00e9 lors de l\u2019Assembl\u00e9e G\u00e9n\u00e9rale \u00e0 Berlin, Septembre 2015. \u00a0Le RIPESS Europe voudrait renforcer le message politique qu\u2019il souhaiter incarner et partager, notamment \u00e0 travers le double objectif de:<br \/>\n<em>1) Incarner un mouvement de transformation: un engagement pour un changement syst\u00e9mique des mod\u00e8les socio\u00e9conomiques actuels vers plus de d\u00e9mocratie et de solidarit\u00e9;<\/em><br \/>\n<em> 2) Impulser un mouvement de convergences: une volont\u00e9 de rassembler les forces de changement port\u00e9es par de nombreux mouvement qui constituent un paysage morcel\u00e9, avec donc un dispersement de ces forces par ailleurs tr\u00e8s actives localement.<\/em><\/div>\n<div class=\"entry\"><\/div>\n<div class=\"entry\">&#8211; <strong>Forum de pr\u00e9paration de l&rsquo;Assembl\u00e9e G\u00e9n\u00e9rale<\/strong>: pour aider \u00e0 construire ensemble\u00a0l&rsquo;AG, nous avons ouvert un forum sp\u00e9cifique <span style=\"text-decoration: underline;\"><strong><a href=\"http:\/\/europe.ripess.rio20.net\/?lang=en\/fr\/groupes\/ripess-eu-members\/forum\/topic\/paris-2016-preparing-the-general-assembly\/\">\u00e0 cette adresse<\/a><\/strong><\/span>\u00a0(il faut\u00a0\u00eatre inscrit au groupe Membres pour pouvoir participer).<\/div>\n<div class=\"entry\"><\/div>\n<div class=\"entry\">&#8211; <strong>Forum Panorama<\/strong>: Le Ripess EU a d\u00e9cid\u00e9 de dresser un Panorama des initiatives de &lsquo;ESS \u00e0 travers l&rsquo;Europe. Lors de la rencontre du 4 au 6 mars 2016 \u00e0 Florence, le groupe Panorama a pris\u00a0<a href=\"http:\/\/europe.ripess.rio20.net\/?lang=en\/fr\/rencontre-panorama-du-4-au-6-mars-2016-a-florence\/\"><strong>une s\u00e9rie de d\u00e9cisions<\/strong> <\/a>. Il s&rsquo;agira de les pr\u00e9senter \u00e0 l&rsquo;AG et de voir comment les mettre en place dans les diff\u00e9rents pays. Suivre <a href=\"http:\/\/europe.ripess.rio20.net\/?lang=en\/groups\/panorama\/forum\/\"><span style=\"text-decoration: underline;\"><strong>ce lien pour l&rsquo;acc\u00e8s au Forum<\/strong><\/span><\/a> (il faut\u00a0\u00eatre inscrit au groupe Panorama\u00a0pour pouvoir participer).<\/div>\n<div class=\"entry\"><\/div>\n","protected":false},"excerpt":{"rendered":"<p>5\u00e8me Assembl\u00e9e G\u00e9n\u00e9rale &#8211; Villarceaux (Paris) 2016 La cinqui\u00e8me\u00a0Assembl\u00e9e G\u00e9n\u00e9rale (AG) du RIPESS Europe\u00a0&#8211; Solidarity Economy Europe se tiendra du 20 au 22 juin 2016 \u00e0 La Bergerie de Villarceaux [&hellip;]<\/p>\n","protected":false},"author":1,"featured_media":54,"parent":532,"menu_order":0,"comment_status":"closed","ping_status":"closed","template":"","meta":{"_et_pb_use_builder":"","_et_pb_old_content":"","_et_gb_content_width":"","footnotes":""},"class_list":["post-1927","page","type-page","status-publish","has-post-thumbnail","hentry"],"_links":{"self":[{"href":"https:\/\/ripess.eu\/fr\/wp-json\/wp\/v2\/pages\/1927","targetHints":{"allow":["GET"]}}],"collection":[{"href":"https:\/\/ripess.eu\/fr\/wp-json\/wp\/v2\/pages"}],"about":[{"href":"https:\/\/ripess.eu\/fr\/wp-json\/wp\/v2\/types\/page"}],"author":[{"embeddable":true,"href":"https:\/\/ripess.eu\/fr\/wp-json\/wp\/v2\/users\/1"}],"replies":[{"embeddable":true,"href":"https:\/\/ripess.eu\/fr\/wp-json\/wp\/v2\/comments?post=1927"}],"version-history":[{"count":0,"href":"https:\/\/ripess.eu\/fr\/wp-json\/wp\/v2\/pages\/1927\/revisions"}],"up":[{"embeddable":true,"href":"https:\/\/ripess.eu\/fr\/wp-json\/wp\/v2\/pages\/532"}],"wp:featuredmedia":[{"embeddable":true,"href":"https:\/\/ripess.eu\/fr\/wp-json\/wp\/v2\/media\/54"}],"wp:attachment":[{"href":"https:\/\/ripess.eu\/fr\/wp-json\/wp\/v2\/media?parent=1927"}],"curies":[{"name":"wp","href":"https:\/\/api.w.org\/{rel}","templated":true}]}}