{"id":1897,"date":"2016-04-04T01:19:23","date_gmt":"2016-04-03T23:19:23","guid":{"rendered":"http:\/\/www.ripess.eu\/fr\/?page_id=1897"},"modified":"2016-04-04T02:07:29","modified_gmt":"2016-04-04T00:07:29","slug":"panorama-de-leconomie-sociale-solidaire-en-europe","status":"publish","type":"page","link":"https:\/\/ripess.eu\/fr\/panorama-de-leconomie-sociale-solidaire-en-europe\/","title":{"rendered":"Panorama de l&rsquo;Economie Sociale Solidaire en Europe"},"content":{"rendered":"<p>Le RIPESS Europe a entrepris d&rsquo;en dresser un Panorama de l&rsquo;ESS.\u00a0Pour le r\u00e9aliser il souhaite consulter et rassembler le plus de connaissances possibles\u00a0sur les acteurs de l&rsquo;ESS qui d\u00e9veloppent l&rsquo;\u00e9conomie de l&rsquo;avenir, gr\u00e2ce \u00e0 la\u00a0participation de tous ceux et toutes celles qui souhaitent promouvoir cette \u00e9conomie,\u00a0d\u00e9mocratique, eco-\u00adresponsable et \u00e9thique (acteurs de terrain, \u00e9lus, m\u00e9dias). Le\u00a0document r\u00e9alis\u00e9 devrait servir \u00e0 la fois \u00e0 mieux conna\u00eetre les formes et les acteurs\u00a0de l&rsquo;Economie solidaire et servir de document de communication pour tous ceux qui\u00a0auront particip\u00e9. <strong>\u00a0<a href=\"http:\/\/europe.ripess.rio20.net\/?lang=en\/fr\/historique-du-panorama-de-less-en-europe\">Ici il y a une historique des activit\u00e9s<\/a><\/strong>.<\/p>\n<p><strong>Objectifs:<\/strong><\/p>\n<p>1. <strong>Faire l\u2019\u00e9tat des lieux de l\u2019\u00e9conomie solidaire en Europe<\/strong> (dimension,\u00a0diffusion, analyse, impact) afin de construire ensemble un rapport sur\u00a0l\u2019ES en Europe en impliquant les r\u00e9seaux et les acteurs.<\/p>\n<p>2. <strong>\u00c9largir et valoriser les membres du r\u00e9seau europ\u00e9en<\/strong> par le biais d\u2019un\u00a0exercice collectif de consultation sur le p\u00e9rim\u00e8tre identitaire, les pratiques,\u00a0l\u2019innovation, l\u2019impact de l\u2019ESS, dans leurs contextes nationaux .<\/p>\n<p>3. <strong>\u00c9laborer un argumentaire utile <\/strong>\u00e0 tous ceux qui interviennent dans le\u00a0domaine pour dialoguer avec les instances publiques.<\/p>\n<p><strong>Plusieurs possibilit\u00e9s de participation<\/strong>:<\/p>\n<p>1. R\u00e9pondre au <strong><a href=\"http:\/\/questionpro.com\/t\/ALTfBZSI7o\">questionnaire en ligne<\/a><\/strong> (15-20 minutes)<\/p>\n<p>2. Nous faire conna\u00eetre les travaux similaires: y a \u00adt&rsquo;\u00adil dans votre r\u00e9gion \/\u00a0pays des recensements, des \u00e9tats des lieux de l&rsquo;ESS r\u00e9alis\u00e9s ou en cours de\u00a0r\u00e9alisation ?<\/p>\n<p>3. Proposer de participer au groupe de travail: le Panorama est un outil\u00a0collaboratif ouvert aux personnes qui souhaitent faire progresser la\u00a0connaissance et la r\u00e9flexion sur l&rsquo;ESS en Europe.<\/p>\n<p>Ce processus a vocation \u00e0 se d\u00e9rouler de fa\u00e7on continue et donc se faire par \u00e9tapes\u00a0qui en se succ\u00e9dant enrichissent la qualit\u00e9 des informations. Il se fait en lien avec le\u00a0site socioeco.org qui propose une cartographie des\u00a0solutions o\u00f9 sont rep\u00e9r\u00e9es les initiatives.<\/p>\n<p>Le Panorama int\u00e8gre des informations sur les politiques publiques et s&rsquo;articule avec\u00a0les travaux des universitaires du R\u00e9seau interuniversitaire de l&rsquo;ESS (<strong><a href=\"http:\/\/www.riuess.org\" target=\"_blank\">RIUESS<\/a><\/strong>) et le\u00a0<strong><a href=\"http:\/\/www.reliess.org\" target=\"_blank\">RELIESS<\/a><\/strong>.<\/p>\n<p>La derni\u00e8re r\u00e9union du GT Panorama \u00e0 \u00e9t\u00e9 \u00e0 <a href=\"http:\/\/europe.ripess.rio20.net\/?lang=en\/fr\/rencontre-panorama-du-4-au-6-mars-2016-a-florence\/\"><strong>Florence, le 4-6 mars 2016<\/strong><\/a>.<\/p>\n<p>Nous comptons sur l&rsquo;apport de chacun \u00e0 ce travail collectif et vous en remercions.<\/p>\n<p>Le groupe de travail Panorama du RIPESS Europe<\/p>\n<p>Contact : panorama\u00ad-ess@ripess.eu<\/p>\n","protected":false},"excerpt":{"rendered":"<p>Le RIPESS Europe a entrepris d&rsquo;en dresser un Panorama de l&rsquo;ESS.\u00a0Pour le r\u00e9aliser il souhaite consulter et rassembler le plus de connaissances possibles\u00a0sur les acteurs de l&rsquo;ESS qui d\u00e9veloppent l&rsquo;\u00e9conomie [&hellip;]<\/p>\n","protected":false},"author":1,"featured_media":0,"parent":0,"menu_order":0,"comment_status":"closed","ping_status":"closed","template":"","meta":{"_et_pb_use_builder":"","_et_pb_old_content":"","_et_gb_content_width":"","footnotes":""},"class_list":["post-1897","page","type-page","status-publish","hentry"],"_links":{"self":[{"href":"https:\/\/ripess.eu\/fr\/wp-json\/wp\/v2\/pages\/1897","targetHints":{"allow":["GET"]}}],"collection":[{"href":"https:\/\/ripess.eu\/fr\/wp-json\/wp\/v2\/pages"}],"about":[{"href":"https:\/\/ripess.eu\/fr\/wp-json\/wp\/v2\/types\/page"}],"author":[{"embeddable":true,"href":"https:\/\/ripess.eu\/fr\/wp-json\/wp\/v2\/users\/1"}],"replies":[{"embeddable":true,"href":"https:\/\/ripess.eu\/fr\/wp-json\/wp\/v2\/comments?post=1897"}],"version-history":[{"count":0,"href":"https:\/\/ripess.eu\/fr\/wp-json\/wp\/v2\/pages\/1897\/revisions"}],"wp:attachment":[{"href":"https:\/\/ripess.eu\/fr\/wp-json\/wp\/v2\/media?parent=1897"}],"curies":[{"name":"wp","href":"https:\/\/api.w.org\/{rel}","templated":true}]}}