{"id":1896,"date":"2016-04-04T01:51:16","date_gmt":"2016-04-03T23:51:16","guid":{"rendered":"http:\/\/www.ripess.eu\/?page_id=1896"},"modified":"2016-04-04T01:51:16","modified_gmt":"2016-04-03T23:51:16","slug":"historique-du-panorama-de-less-en-europe","status":"publish","type":"page","link":"https:\/\/ripess.eu\/fr\/panorama-de-leconomie-sociale-solidaire-en-europe\/historique-du-panorama-de-less-en-europe\/","title":{"rendered":"Historique du Panorama de l&rsquo;ESS en Europe"},"content":{"rendered":"<p align=\"justify\"><span style=\"font-family: 'Liberation Serif', serif;\"><span style=\"font-size: small;\"><b>PANORAMA DE l\u2019\u00c9CONOMIE SOCIALE SOLIDAIRE EN EUROPE<\/b><\/span><\/span><\/p>\n<p><span style=\"font-family: 'Liberation Serif', serif;\"><span style=\"font-size: small;\">Depuis 2013 a \u00e9merg\u00e9 le souhait de dresser un Panorama de l\u2019ESS, dans le but d\u2019avoir \u00e0 la fois une vision r\u00e9elle et ancr\u00e9e des initiatives existantes en Europe et de rassembler des contenus utiles \u00e0 la constitution d\u2019un plaidoyer commun \u00e0 l\u2019Economie solidaire. Le choix a port\u00e9 sur l\u2019\u00e9laboration d\u2019un questionnaire et la r\u00e9alisation d\u2019un sondage commun \u00e0 plusieurs pays. Le Panorama de l\u2019ESS int\u00e8gre \u00e9galement les travaux sur l\u2019audit social (XES, ADEPES, REAS), l\u2019id\u00e9e \u00e9tant de rassembler les diff\u00e9rentes d\u00e9marches existantes et de trouver les fondements communs (\u00ab Balan\u00e7e sociale \u00bb, \u00ab EVALUMIP \u00bb). Ce travail permet aussi de rassembler des acteurs dans une dynamique participative naissante \u00e0 consolider en 2015 et d\u2019\u00e9largir \u00e0 d\u2019autres membres, notamment aux adh\u00e9rents des structures qui composent le RIPESS EUROPE. Le travail d\u2019\u00e9laboration du questionnaire est r\u00e9alis\u00e9 par des acteurs et des chercheurs. Cette dynamique entre recherche et terrain est certainement la voie la plus efficiente et dynamique. <\/span><\/span><\/p>\n<p><span style=\"font-family: 'Liberation Serif', serif;\"><span style=\"font-size: small;\">Le processus d\u2019apprentissage du questionnaire \u00e9labor\u00e9 est l\u2019occasion de rencontrer d\u2019autres partenaires (Bulgarie, Hongrie, Gr\u00e8ce, Allemagne). Il est utilis\u00e9 comme moyen d\u2019un processus d\u2019\u00e9largissement du r\u00e9seau et ouvre vers la construction d\u2019une vision identitaire commune. C\u2019est une d\u00e9marche pr\u00e9vue sur 3 ans avec un premier r\u00e9sultat interm\u00e9diaire pour septembre 2015. L\u2019objectif est de parvenir \u00e0 un \u00e9chantillon de 1000 r\u00e9ponses. Le questionnaire existe en 6 langues (anglais, fran\u00e7ais, espagnol, grec, allemand, italien). Des liens seront \u00e9tablis avec d\u2019autres pays (Royaume Uni, pays Scandinaves). Ce ainsi\u00a0l\u2019occasion de faire remonter des innovations dans les territoires et de mieux comprendre les politiques publiques mises en \u0153uvre. <\/span><\/span><\/p>\n<p align=\"justify\"><span style=\"font-family: 'Liberation Serif', serif;\"><span style=\"font-size: small;\"><span lang=\"fr-FR\">Le rencontre qui a eu lieu pendant le Congr\u00e8s <\/span><span lang=\"fr-FR\">Solikon 2015 \u00e0 Berlin<\/span><span lang=\"fr-FR\"> \u00e9tait organis\u00e9 pour partager le travail et les objectifs g\u00e9n\u00e9raux du Panorama de l\u2019ESS en Europe avec les participants et d&rsquo;impliquer de nouvelles personnes \/ organisations dans le travail. Bien que plusieurs pays ont particip\u00e9 depuis le d\u00e9but (avec une r\u00e9ponse de presque 500 enqu\u00eate, seuls quelques-uns ont vraiment commenc\u00e9 \u00e0 travailler dessus (Gr\u00e8ce et France principalement), tandis que dans d&rsquo;autres pays, il y a des projets ou des initiatives de recherche qui ont \u00e9t\u00e9 contact\u00e9s et o\u00f9 le partage de m\u00e9thodologies est en cours (tel que Catalise au Portugal et d&rsquo;autres initiatives en Espagne et en Italie &#8211; eg. L\u2019Italia che cambia; en Allemagne et avec Urgenci). <\/span><\/span><\/span><\/p>\n<p lang=\"fr-FR\" align=\"justify\"><span style=\"font-family: 'Liberation Serif', serif;\"><span style=\"font-size: small;\">Il y a aussi plusieurs projets de cartographie, qui peuvent \u00eatre compl\u00e9mentaires au Panorama: le Transformap (principalement Autriche-Allemagne) et l&rsquo;\u00e9volution des standards d&rsquo;interop\u00e9rabilit\u00e9 ESSGlobal avec les technologies du web s\u00e9mantique (Open Linked Data), qui ont \u00e9t\u00e9 illustr\u00e9es par Mariana Maltas du Politechnique de Porto, Portugal. Un autre outil important pour am\u00e9liorer le travail de recherche et d&rsquo;analyse est la collection et l&rsquo;organisation de documents sur l\u2019ESS, qui est actuellement effectu\u00e9e par Socioeco.org, comme l&rsquo;a expliqu\u00e9 Fran\u00e7oise Wautiez, avec des axes th\u00e9matiques et une collection de 4000 documents maintenant en 6 langues. Enfin, Monica Di Sisto, du projet Europ\u00e9en SSEDAS, qui couvre presque toute l&rsquo;Europe (23 pays dans l\u2019Union et 8 extra europ\u00e9en, y compris le Br\u00e9sil) et qui a pour objectif la recherche dans 46 territoires europ\u00e9ens des initiatives qui repr\u00e9sentent le mieux l\u2019ESS, la formation et des activit\u00e9s de sensibilisation. Ce projet a adopt\u00e9 l&rsquo;enqu\u00eate Panorama pour leur travail et ils partageront \u00e9galement les r\u00e9sultats avec le groupe Panorama du RIPESS. <\/span><\/span><\/p>\n","protected":false},"excerpt":{"rendered":"<p>PANORAMA DE l\u2019\u00c9CONOMIE SOCIALE SOLIDAIRE EN EUROPE Depuis 2013 a \u00e9merg\u00e9 le souhait de dresser un Panorama de l\u2019ESS, dans le but d\u2019avoir \u00e0 la fois une vision r\u00e9elle et [&hellip;]<\/p>\n","protected":false},"author":1,"featured_media":0,"parent":1897,"menu_order":0,"comment_status":"closed","ping_status":"closed","template":"","meta":{"_et_pb_use_builder":"","_et_pb_old_content":"","_et_gb_content_width":"","footnotes":""},"class_list":["post-1896","page","type-page","status-publish","hentry"],"_links":{"self":[{"href":"https:\/\/ripess.eu\/fr\/wp-json\/wp\/v2\/pages\/1896","targetHints":{"allow":["GET"]}}],"collection":[{"href":"https:\/\/ripess.eu\/fr\/wp-json\/wp\/v2\/pages"}],"about":[{"href":"https:\/\/ripess.eu\/fr\/wp-json\/wp\/v2\/types\/page"}],"author":[{"embeddable":true,"href":"https:\/\/ripess.eu\/fr\/wp-json\/wp\/v2\/users\/1"}],"replies":[{"embeddable":true,"href":"https:\/\/ripess.eu\/fr\/wp-json\/wp\/v2\/comments?post=1896"}],"version-history":[{"count":0,"href":"https:\/\/ripess.eu\/fr\/wp-json\/wp\/v2\/pages\/1896\/revisions"}],"up":[{"embeddable":true,"href":"https:\/\/ripess.eu\/fr\/wp-json\/wp\/v2\/pages\/1897"}],"wp:attachment":[{"href":"https:\/\/ripess.eu\/fr\/wp-json\/wp\/v2\/media?parent=1896"}],"curies":[{"name":"wp","href":"https:\/\/api.w.org\/{rel}","templated":true}]}}