{"id":1844,"date":"2016-03-31T15:58:41","date_gmt":"2016-03-31T14:58:41","guid":{"rendered":"http:\/\/www.ripess.eu\/fr\/?page_id=1844"},"modified":"2016-03-31T16:39:06","modified_gmt":"2016-03-31T14:39:06","slug":"agenda-fr","status":"publish","type":"page","link":"https:\/\/ripess.eu\/fr\/agenda-fr\/","title":{"rendered":"Agenda (Fran\u00e7ais)"},"content":{"rendered":"<div id=\"wpcontent\">\n<div id=\"wpbody\">\n<div id=\"wpbody-content\" tabindex=\"0\">\n<div id=\"dp_options\" class=\"wrap\">\n<div id=\"dp_ui_content\">\n<div id=\"rightSide\">\n<div id=\"menu_general_settings\">\n<div class=\"wrapper\">\n<div class=\"submit\">\n<h2>Prochains \u00e9v\u00e9nements de l&rsquo;\u00e9conomie sociale et solidaire<\/h2>\n<p><strong><a href=\"http:\/\/europe.ripess.rio20.net\/?lang=en\/fr\/calendrier\/\">Cliquez ici pour acc\u00e9der au calendrier mensuel<\/a><\/strong><\/p>\n<p><span class=\"pec_custom_shortcode\">[dpProEventCalendar id=\u00a0\u00bb1&Prime; type=\u00a0\u00bbgrid-upcoming\u00a0\u00bb limit=\u00a0\u00bb12&Prime; columns=\u00a0\u00bb3&Prime;]<\/span><\/p>\n<div class=\"clear\"><\/div>\n<div id=\"pec_custom_shortcode_preview\"><\/div>\n<\/div>\n<\/div>\n<\/div>\n<\/div>\n<\/div>\n<\/div>\n<div class=\"dpProEventCalendar_ModalCalendar\">\n<div id=\"dp_pec_id1649097248\" class=\"dp_pec_wrapper dp_pec_calendar_ dp_pec_monthly pec_no_skin light\">\n<div class=\"dp_pec_nav dp_pec_nav_monthly\">\n<div class=\"selectric-wrapper selectric-pec_switch_month\">\n<div class=\"selectric-hide-select\"><select class=\"pec_switch_month\" tabindex=\"0\"><option value=\"January\">January<\/option><option value=\"February\">February<\/option><option selected=\"selected\" value=\"March\">March<\/option><option value=\"April\">April<\/option><option value=\"May\">May<\/option><option value=\"June\">June<\/option><option value=\"July\">July<\/option><option value=\"August\">August<\/option><option value=\"September\">September<\/option><option value=\"October\">October<\/option><option value=\"November\">November<\/option><option value=\"December\">December<\/option><\/select><\/div>\n<div class=\"selectric\"><\/div>\n<p><input class=\"selectric-input\" tabindex=\"0\" type=\"text\" \/><\/p>\n<\/div>\n<div class=\"selectric-wrapper selectric-pec_switch_year\">\n<div class=\"selectric-hide-select\"><select class=\"pec_switch_year\" tabindex=\"0\"><option value=\"2014\">2014<\/option><option value=\"2015\">2015<\/option><option selected=\"selected\" value=\"2016\">2016<\/option><option value=\"2017\">2017<\/option><option value=\"2018\">2018<\/option><option value=\"2019\">2019<\/option><\/select><\/div>\n<div class=\"selectric\"><\/div>\n<p><input class=\"selectric-input\" tabindex=\"0\" type=\"text\" \/><\/p>\n<\/div>\n<div class=\"dp_pec_clear\"><\/div>\n<\/div>\n<div><\/div>\n<div class=\"dp_pec_content\"><\/div>\n<\/div>\n<\/div>\n<div class=\"clear\"><\/div>\n<\/div>\n<div class=\"clear\"><\/div>\n<\/div>\n<div class=\"clear\"><\/div>\n<\/div>\n<div id=\"wpfooter\"><\/div>\n","protected":false},"excerpt":{"rendered":"<p>Prochains \u00e9v\u00e9nements de l&rsquo;\u00e9conomie sociale et solidaire Cliquez ici pour acc\u00e9der au calendrier mensuel [dpProEventCalendar id=\u00a0\u00bb1&Prime; type=\u00a0\u00bbgrid-upcoming\u00a0\u00bb limit=\u00a0\u00bb12&Prime; columns=\u00a0\u00bb3&Prime;] JanuaryFebruaryMarchAprilMayJuneJulyAugustSeptemberOctoberNovemberDecember 201420152016201720182019<\/p>\n","protected":false},"author":1,"featured_media":0,"parent":0,"menu_order":0,"comment_status":"closed","ping_status":"closed","template":"","meta":{"_et_pb_use_builder":"","_et_pb_old_content":"","_et_gb_content_width":"","footnotes":""},"class_list":["post-1844","page","type-page","status-publish","hentry"],"_links":{"self":[{"href":"https:\/\/ripess.eu\/fr\/wp-json\/wp\/v2\/pages\/1844","targetHints":{"allow":["GET"]}}],"collection":[{"href":"https:\/\/ripess.eu\/fr\/wp-json\/wp\/v2\/pages"}],"about":[{"href":"https:\/\/ripess.eu\/fr\/wp-json\/wp\/v2\/types\/page"}],"author":[{"embeddable":true,"href":"https:\/\/ripess.eu\/fr\/wp-json\/wp\/v2\/users\/1"}],"replies":[{"embeddable":true,"href":"https:\/\/ripess.eu\/fr\/wp-json\/wp\/v2\/comments?post=1844"}],"version-history":[{"count":0,"href":"https:\/\/ripess.eu\/fr\/wp-json\/wp\/v2\/pages\/1844\/revisions"}],"wp:attachment":[{"href":"https:\/\/ripess.eu\/fr\/wp-json\/wp\/v2\/media?parent=1844"}],"curies":[{"name":"wp","href":"https:\/\/api.w.org\/{rel}","templated":true}]}}