{"id":1789,"date":"2016-03-25T13:41:24","date_gmt":"2016-03-25T11:41:24","guid":{"rendered":"http:\/\/www.ripess.eu\/fr\/?page_id=1789"},"modified":"2016-03-25T13:49:32","modified_gmt":"2016-03-25T11:49:32","slug":"votre-evenement","status":"publish","type":"page","link":"https:\/\/ripess.eu\/fr\/votre-evenement\/","title":{"rendered":"Soumettre votre \u00e9v\u00e9nement ici !"},"content":{"rendered":"<h4><strong>L&rsquo;AGENDA DE L&rsquo;ESS<\/strong><\/h4>\n<p>Vous avez un \u00e9v\u00e9nement, initiative, r\u00e9union, cours, forum, congr\u00e8s ou toute autre forme de rassemblement qui est li\u00e9 \u00e0 l&rsquo;\u00e9conomie sociale et solidaire et qui vous souhaitez promouvoir par l&rsquo;agenda public du RIPESS Europe?<\/p>\n<p>Il suffit de remplir le formulaire suivant :<\/p>\n<p>[event_form]<\/p>\n","protected":false},"excerpt":{"rendered":"<p>L&rsquo;AGENDA DE L&rsquo;ESS Vous avez un \u00e9v\u00e9nement, initiative, r\u00e9union, cours, forum, congr\u00e8s ou toute autre forme de rassemblement qui est li\u00e9 \u00e0 l&rsquo;\u00e9conomie sociale et solidaire et qui vous souhaitez [&hellip;]<\/p>\n","protected":false},"author":1,"featured_media":0,"parent":0,"menu_order":0,"comment_status":"closed","ping_status":"closed","template":"","meta":{"_et_pb_use_builder":"","_et_pb_old_content":"","_et_gb_content_width":"","footnotes":""},"class_list":["post-1789","page","type-page","status-publish","hentry"],"_links":{"self":[{"href":"https:\/\/ripess.eu\/fr\/wp-json\/wp\/v2\/pages\/1789","targetHints":{"allow":["GET"]}}],"collection":[{"href":"https:\/\/ripess.eu\/fr\/wp-json\/wp\/v2\/pages"}],"about":[{"href":"https:\/\/ripess.eu\/fr\/wp-json\/wp\/v2\/types\/page"}],"author":[{"embeddable":true,"href":"https:\/\/ripess.eu\/fr\/wp-json\/wp\/v2\/users\/1"}],"replies":[{"embeddable":true,"href":"https:\/\/ripess.eu\/fr\/wp-json\/wp\/v2\/comments?post=1789"}],"version-history":[{"count":0,"href":"https:\/\/ripess.eu\/fr\/wp-json\/wp\/v2\/pages\/1789\/revisions"}],"wp:attachment":[{"href":"https:\/\/ripess.eu\/fr\/wp-json\/wp\/v2\/media?parent=1789"}],"curies":[{"name":"wp","href":"https:\/\/api.w.org\/{rel}","templated":true}]}}