{"id":1421,"date":"2015-11-02T19:56:54","date_gmt":"2015-11-02T17:56:54","guid":{"rendered":"http:\/\/www.ripess.eu\/?page_id=1421"},"modified":"2016-07-07T13:07:29","modified_gmt":"2016-07-07T11:07:29","slug":"medias-et-documents","status":"publish","type":"page","link":"https:\/\/ripess.eu\/fr\/medias-et-documents\/","title":{"rendered":"M\u00e9dias et documents"},"content":{"rendered":"<p>Voici la documentation pr\u00e9sent\u00e9e avant et Pendant la r\u00e9union de l&rsquo;Assembl\u00e9e g\u00e9n\u00e9rale \u00e0 Berlin (11 septembre 2015).<\/p>\n<h6><strong>Documentation<\/strong><\/h6>\n<p>&nbsp;<\/p>\n<ul>\n<li><a href=\"http:\/\/ripess.eu\/wp-content\/uploads\/2015\/07\/Appel-\u00e0-adh\u00e9sion-pour-le-RIPESS-Europe.pdf\">Appel \u00e0 adh\u00e9sion pour le RIPESS Europe<\/a><\/li>\n<li><a href=\"http:\/\/ripess.eu\/wp-content\/uploads\/2015\/07\/RIPESS-Europe-AG-invitation-FR.pdf\">RIPESS Europe AG invitation FR<\/a><\/li>\n<li><a href=\"http:\/\/ripess.eu\/wp-content\/uploads\/2015\/07\/RIPESS-EUROPE-Bullettin-dinscription-AG-FR.pdf\">RIPESS EUROPE Bullettin d&rsquo;inscription AG FR<\/a><\/li>\n<li><a href=\"http:\/\/ripess.eu\/wp-content\/uploads\/2015\/07\/PROCURATION-FR.pdf\">PROCURATION FR<\/a><\/li>\n<li><a href=\"http:\/\/ripess.eu\/wp-content\/uploads\/2014\/05\/Rapport-Bilan-2014-RIPESS-EU-final_FR.pdf\">Rapport Bilan 2014 RIPESS EU final_FR<\/a><\/li>\n<\/ul>\n<p><strong>Rapport et evaluation<\/strong><\/p>\n<ul>\n<li><strong><a href=\"https:\/\/europe.ripess.rio20.net\/wp-content\/uploads\/sites\/4\/2015\/11\/RIPESSEU_BilanSolikon2015-CoCo_FR.pdf\">RIPESSEU Bilan Solikon 2015 (Comit\u00e9 de Coordination)<\/a><br \/>\n<\/strong><\/li>\n<\/ul>\n<p><strong>Communiqu\u00e9 de presse :\u00a0<\/strong><\/p>\n<ul>\n<li><a href=\"http:\/\/ripess.eu\/wp-content\/uploads\/2015\/07\/Communiqu\u00e9-de-presse.pdf\">Communiqu\u00e9 de presse<\/a><\/li>\n<\/ul>\n","protected":false},"excerpt":{"rendered":"<p>Voici la documentation pr\u00e9sent\u00e9e avant et Pendant la r\u00e9union de l&rsquo;Assembl\u00e9e g\u00e9n\u00e9rale \u00e0 Berlin (11 septembre 2015). Documentation &nbsp; Appel \u00e0 adh\u00e9sion pour le RIPESS Europe RIPESS Europe AG invitation [&hellip;]<\/p>\n","protected":false},"author":1,"featured_media":0,"parent":0,"menu_order":0,"comment_status":"closed","ping_status":"closed","template":"","meta":{"_et_pb_use_builder":"","_et_pb_old_content":"","_et_gb_content_width":"","footnotes":""},"class_list":["post-1421","page","type-page","status-publish","hentry"],"_links":{"self":[{"href":"https:\/\/ripess.eu\/fr\/wp-json\/wp\/v2\/pages\/1421","targetHints":{"allow":["GET"]}}],"collection":[{"href":"https:\/\/ripess.eu\/fr\/wp-json\/wp\/v2\/pages"}],"about":[{"href":"https:\/\/ripess.eu\/fr\/wp-json\/wp\/v2\/types\/page"}],"author":[{"embeddable":true,"href":"https:\/\/ripess.eu\/fr\/wp-json\/wp\/v2\/users\/1"}],"replies":[{"embeddable":true,"href":"https:\/\/ripess.eu\/fr\/wp-json\/wp\/v2\/comments?post=1421"}],"version-history":[{"count":0,"href":"https:\/\/ripess.eu\/fr\/wp-json\/wp\/v2\/pages\/1421\/revisions"}],"wp:attachment":[{"href":"https:\/\/ripess.eu\/fr\/wp-json\/wp\/v2\/media?parent=1421"}],"curies":[{"name":"wp","href":"https:\/\/api.w.org\/{rel}","templated":true}]}}