{"id":1420,"date":"2015-11-02T19:47:01","date_gmt":"2015-11-02T17:47:01","guid":{"rendered":"http:\/\/www.ripess.eu\/?page_id=1420"},"modified":"2015-11-02T20:03:21","modified_gmt":"2015-11-02T18:03:21","slug":"presentation","status":"publish","type":"page","link":"https:\/\/ripess.eu\/fr\/assemblees-generales\/ag-berlin-2015\/presentation\/","title":{"rendered":"Presentation"},"content":{"rendered":"<p>Ici vous pouvez trouver l&rsquo;OdJ de l&rsquo;Assembl\u00e9e G\u00e9n\u00e9ral de RIPESS Europe et les documents pr\u00e9sent\u00e9 avant et pendant l&rsquo;AG.<\/p>\n<h6><strong>Ordre du jour:<\/strong><\/h6>\n<ul>\n<li>Discours de bienvenue et pr\u00e9sentation du rapport d&rsquo;activit\u00e9 du RIPESS Europe pour l&rsquo;ann\u00e9e 2014<\/li>\n<li>La pr\u00e9sentation du rapport financier du RIPESS Europe pour l&rsquo;ann\u00e9e 2014 et du budget pr\u00e9visionnel<\/li>\n<li>L&rsquo;orientation strat\u00e9gique du r\u00e9seau pour les ann\u00e9es 2015 &#8211; 2017 et la pr\u00e9sentation du travail du Conseil Consultatif<\/li>\n<li>Pause (15 min)<\/li>\n<li>Les perspectives et les projets: pr\u00e9sentation et d\u00e9bat<\/li>\n<li>La pr\u00e9sentation des nouvelles demandes d&rsquo;adh\u00e9sions<\/li>\n<li>Changements statutaires<\/li>\n<li>Votes pour la constitution du Comit\u00e9 de Coordination<\/li>\n<li>Varia<\/li>\n<\/ul>\n<p><strong>Informations pratiques:\u00a0<\/strong><\/p>\n<ul>\n<li>Programme g\u00e9n\u00e9rale du Congr\u00e8s \u00a0<a href=\"http:\/\/www.solikon2015.org\/en\/program\">SOLIKON 2015<\/a><\/li>\n<li>Programme du <a href=\"http:\/\/ripess.eu\/wp-content\/uploads\/2015\/07\/RIPESS-Europe-program-Solikon20151.pdf\" target=\"_blank\">RIPESS Europe pour SOLIKON 2015<\/a><\/li>\n<li><a href=\"http:\/\/ripess.eu\/wp-content\/uploads\/2015\/07\/Solikon_RIPESS_press_release_french.pdf\">Solikon_RIPESS_communique_presse_FR<\/a><\/li>\n<\/ul>\n<p><strong>Contacts:\u00a0<\/strong><\/p>\n<ul>\n<li>Arielle Ndimbiarivola: <a href=\"mailto:communication@ripess.eu\" target=\"_blank\">communication@ripess.eu<\/a>\u00a0<a href=\"http:\/\/arielle.ripess@gmail.com\" target=\"_blank\"><br \/>\n<\/a>Jason Nardi: <a href=\"mailto:info@ripess.eu\" target=\"_blank\">info@ripess.eu<\/a><\/li>\n<\/ul>\n<p>N&rsquo;oubliez pas de participer au <a href=\"http:\/\/panorama2015-ripess.questionpro.com\/\">questionnaire pour le \u00a0\u00bb Panorama Europ\u00e9en de l&rsquo;Economie Solidaire<\/a>\u00ab\u00a0<\/p>\n","protected":false},"excerpt":{"rendered":"<p>Ici vous pouvez trouver l&rsquo;OdJ de l&rsquo;Assembl\u00e9e G\u00e9n\u00e9ral de RIPESS Europe et les documents pr\u00e9sent\u00e9 avant et pendant l&rsquo;AG. Ordre du jour: Discours de bienvenue et pr\u00e9sentation du rapport d&rsquo;activit\u00e9 [&hellip;]<\/p>\n","protected":false},"author":1,"featured_media":0,"parent":1262,"menu_order":0,"comment_status":"closed","ping_status":"closed","template":"","meta":{"_et_pb_use_builder":"","_et_pb_old_content":"","_et_gb_content_width":"","footnotes":""},"class_list":["post-1420","page","type-page","status-publish","hentry"],"_links":{"self":[{"href":"https:\/\/ripess.eu\/fr\/wp-json\/wp\/v2\/pages\/1420","targetHints":{"allow":["GET"]}}],"collection":[{"href":"https:\/\/ripess.eu\/fr\/wp-json\/wp\/v2\/pages"}],"about":[{"href":"https:\/\/ripess.eu\/fr\/wp-json\/wp\/v2\/types\/page"}],"author":[{"embeddable":true,"href":"https:\/\/ripess.eu\/fr\/wp-json\/wp\/v2\/users\/1"}],"replies":[{"embeddable":true,"href":"https:\/\/ripess.eu\/fr\/wp-json\/wp\/v2\/comments?post=1420"}],"version-history":[{"count":0,"href":"https:\/\/ripess.eu\/fr\/wp-json\/wp\/v2\/pages\/1420\/revisions"}],"up":[{"embeddable":true,"href":"https:\/\/ripess.eu\/fr\/wp-json\/wp\/v2\/pages\/1262"}],"wp:attachment":[{"href":"https:\/\/ripess.eu\/fr\/wp-json\/wp\/v2\/media?parent=1420"}],"curies":[{"name":"wp","href":"https:\/\/api.w.org\/{rel}","templated":true}]}}