{"id":1407,"date":"2014-10-09T23:28:31","date_gmt":"2014-10-09T22:28:31","guid":{"rendered":"http:\/\/www.ripess.eu\/?page_id=1407"},"modified":"2021-02-08T11:41:25","modified_gmt":"2021-02-08T10:41:25","slug":"socioeco","status":"publish","type":"page","link":"https:\/\/ripess.eu\/fr\/ressources\/socioeco\/","title":{"rendered":"Socioeco.org"},"content":{"rendered":"<p><em>Par Fran\u00e7oise Wautiez, 20 avril 2017<\/em><\/p>\n<p>Le site <strong><a href=\"http:\/\/www.socioeco.org\" target=\"_blank\">Socioeco.org<\/a><\/strong> est un site de ressources documentaires sur l&rsquo;\u00e9conomie sociale et solidaire :il contient plus de 5000 documents d\u2019analyse et \u00e9tudes de cas, plus de 1500 publications, pr\u00e8s de 245 formations en ESS. D\u2019aucuns s\u2019\u00e9tonnent qu\u2019il y ait tellement de choses \u00e9crites sur l\u2019ESS et c\u2019\u00e9tait bien\u00a0 la gageure, donner \u00e0 voir la multiplicit\u00e9 des initiatives, des approches, des th\u00e9matiques, des auteurs, des politiques publiques et des l\u00e9gislations.<\/p>\n<p><strong>Mais que peut-on trouver pr\u00e9cis\u00e9ment dans ce site ressource sur l\u2019ESS\u00a0?<\/strong><\/p>\n<ul>\n<li>de l\u2019<i>information<\/i> sur les \u00e9v\u00e9nements li\u00e9s \u00e0 l\u2019ESS de par le monde d\u00e8s lors qu&rsquo;ils ont une port\u00e9e nationale ou internationale\u00a0;<\/li>\n<li>des <i>documents<\/i> tr\u00e8s divers\u00a0: depuis des <a href=\"http:\/\/www.socioeco.org\/bdf_dossier-37_fr.html\">outils p\u00e9dagogiques<\/a> sous forme \u00e9crite ou audiovisuelle jusqu\u2019\u00e0 des travaux de recherche universitaire, en passant par des <a href=\"http:\/\/www.socioeco.org\/page111_fr.html\">th\u00e8ses<\/a>, des articles de fond, des notes de lecture, des <a href=\"http:\/\/www.socioeco.org\/bdf_colloques_fr.html\">interventions dans des \u00e9v\u00e9nements<\/a>, des propositions ou des chartes\u00a0;<\/li>\n<li>les r\u00e9sum\u00e9s, titres, auteurs, etc des <a href=\"http:\/\/www.socioeco.org\/bdf_biblio-2015_fr.html\">publications<\/a> li\u00e9es aux th\u00e9matiques de l\u2019\u00e9conomie sociale et solidaire\u00a0;<\/li>\n<li>des<a href=\"http:\/\/www.socioeco.org\/bdf_videos-2016_fr.html\"><em> vid\u00e9os<\/em><\/a> ;<\/li>\n<li>des <a href=\"http:\/\/www.socioeco.org\/bdf_dossier-35_fr.html\">formations en ESS<\/a> partout dans le monde\u00a0;<\/li>\n<li>une <i>cartographie<\/i>, nomm\u00e9e ESSglobal, permettant de rep\u00e9rer\u00a0 des initiatives pr\u00e8s de chez vous, d\u00e9velopp\u00e9es d\u00e9j\u00e0 pour 3 pays\u00a0: France, Br\u00e9sil et Qu\u00e9bec et bient\u00f4t dans de nombreux autres pays\u00a0;<\/li>\n<li>les <a href=\"http:\/\/www.socioeco.org\/bdf_dossier-37_fr.html\">l\u00e9gislations <\/a>en faveur de l&rsquo;ESS par pays;<\/li>\n<li>une carte des <a href=\"http:\/\/www.socioeco.org\/solutions_fr.html?hide_intro=1&amp;zoom=2&amp;lat=-5.9657536710655235&amp;lon=26.19140625&amp;maxzoom=8&amp;minzoom=0&amp;families=organismes&amp;categories=2\">m\u00e9dias alternatifs<\/a><\/li>\n<li>deux cartographies additionnelles: la carte des solutions qui pr\u00e9sente les initiatives concr\u00e8tes de l&rsquo;ESS de par le monde et la <a href=\"http:\/\/www.socioeco.org\/polpub_fr.html\">carte des politiques publiques<\/a> qui rel\u00e8ve les politiques publiques en faveur de l&rsquo;ESS \u00e0 diff\u00e9rents niveaux du local \u00e0 l&rsquo;international.<\/li>\n<\/ul>\n<p>Le tout, comme le savent ceux et celles qui utilisent d\u00e9j\u00e0 le site, en 5 langues\u00a0: le fran\u00e7ais, l\u2019espagnol, l\u2019anglais, le portugais et l\u2019italien. Le site a m\u00eame d\u00e9marr\u00e9\u00a0 le catalan et l\u2019allemand en 2015.<\/p>\n<p><b>Comment est organis\u00e9e l\u2019information\u00a0?<\/b><\/p>\n<p>L\u2019id\u00e9e est de pouvoir acc\u00e9der au contenu depuis le plus grand nombre d\u2019acc\u00e8s possibles. Il existe donc plusieurs types d&rsquo; entr\u00e9es\u00a0:<\/p>\n<ul>\n<li><i>th\u00e9matique<\/i>\u00a0: 9 <a href=\"http:\/\/www.socioeco.org\/bdf_axe-1_fr.html\">axes<\/a>, 52 dossiers et 213 mots-cl\u00e9s organisent l\u2019information de fa\u00e7on claire et pr\u00e9cise\u00a0: finance solidaire, entreprises d\u2019insertion, circuits courts, l\u00e9gislation ESS, etc.<\/li>\n<li><a href=\"http:\/\/www.socioeco.org\/bdf_thesaurus-geo_fr.html\">G\u00e9ographique<\/a><\/li>\n<li>Par <a href=\"http:\/\/www.socioeco.org\/bdf_corpus-auteur_fr.html\">auteur<\/a>\u00a0: pr\u00e8s de 4500 auteurs sont d\u00e9j\u00e0 pr\u00e9sents sur le site.<\/li>\n<li>Par <a href=\"http:\/\/www.socioeco.org\/bdf_colloques_fr.html\">colloques\u00a0<\/a>: cette rubrique vise \u00e0 fournir un espace pour toutes les interventions ayant eu lieu lors d\u2019\u00e9v\u00e9nements li\u00e9s \u00e0 l\u2019ESS.<\/li>\n<li>Des <i>cartographies<\/i><\/li>\n<li>Une <a href=\"http:\/\/www.socioeco.org\/page15_fr.html\">encyclop\u00e9die de l\u2019ESS<\/a>, Solecopedia, avec notamment des d\u00e9finitions de certains des mots-cl\u00e9s du site\u00a0: qu\u2019est-ce qu\u2019une AMAP\u00a0? le commerce \u00e9quitable\u00a0?<\/li>\n<li>un <em>moteur de recherche<\/em><\/li>\n<\/ul>\n<p><b>Des collaborations avec d\u2019autres sites de veille\u00a0:<\/b><\/p>\n<p>Il existe beaucoup d\u2019autres sites r\u00e9alisant de la veille d\u2019informations sur l\u2019ESS ou sur des aspects sp\u00e9cifiques de celle-ci\u00a0: par exemple, le site <a href=\"http:\/\/www.reliess.org\/\">RELIESS<\/a>, d\u00e9di\u00e9 aux politiques publiques pour l\u2019\u00e9conomie sociale et solidaire. Plut\u00f4t que de refaire le travail, socioeco.org a int\u00e9gr\u00e9 les documents de RELIESS\u00a0: leur logo permet d\u2019identifier les documents en provenance de RELIESS et en cliquant sur le document, le visiteur est imm\u00e9diatement redirig\u00e9 vers leur site. De m\u00eame une int\u00e9gration a \u00e9t\u00e9 r\u00e9alis\u00e9e avec \u00ab\u00a0<a href=\"http:\/\/autourdu1ermai.fr\/\">Autour du 1ermai\u00a0<\/a>\u00bb pour enrichir socioeco.org avec la filmographie propre \u00e0 l\u2019ESS, ainsi qu\u2019avec<\/p>\n<ul>\n<li><a href=\"http:\/\/www.recma.org\/\">Recma<\/a>, la revue internationale de l\u2019\u00e9conomie sociale<\/li>\n<li>La TV ESS du <a href=\"http:\/\/www.ripess.org\/\">RIPESS Intercontinental<\/a><\/li>\n<li>Le Laboratoire et Service International d&rsquo;appui Aux Organisations d&rsquo;Economie Sociale et Solidaire en Afrique (<a href=\"http:\/\/laboress-afrique.org\/\">Labo RAESS<\/a>)<\/li>\n<li>Plateforme <a href=\"http:\/\/www.alimenterre.org\/\">Alimenterre <\/a>&#8211; Nourrir le monde avec une agriculture familiale durable<\/li>\n<li><a href=\"http:\/\/www.saw-b.be\/spip\/\">SAW-B<\/a> &#8211; Solidarit\u00e9 des alternatives wallonnes et bruxelloises<\/li>\n<li>le site de <a href=\"http:\/\/coraggioeconomia.org\/\">Jos\u00e9 Luis Coraggio <\/a><\/li>\n<li>le <a href=\"http:\/\/www.economiasolidaria.org\/\">Portal de Econom\u00eda Solidaria<\/a><\/li>\n<li><a href=\"https:\/\/ijccr.net\/\">IJCCR<\/a> &#8211; International Journal of Community Currency Research<\/li>\n<li>le site de <a href=\"http:\/\/www.jeanlouislaville.fr\/\">Jean-Louis Laville<\/a><\/li>\n<\/ul>\n<p>Soit pr\u00e8s de 16000 r\u00e9f\u00e9rences&#8230;<\/p>\n<p><b>Une collaboration avec le monde de la recherche\u00a0:<\/b><\/p>\n<p>Le r\u00e9seau Inter Universitaire de l\u2019Economie sociale et solidaire, le <a href=\"http:\/\/www.riuess.org\/\">RIUESS<\/a>, a choisi de d\u00e9poser les contributions pr\u00e9sent\u00e9es dans ses colloques annuels sur socioeco.org. Les documents sont ainsi accessibles depuis deux sources diff\u00e9rentes\u00a0: le site du RIUESS lui-m\u00eame et socioeco.org o\u00f9 l\u2019avantage consiste \u00e0 pouvoir retrouver les documents non seulement <a href=\"http:\/\/www.socioeco.org\/bdf_colloques_fr.html\">par colloque<\/a> mais aussi par mots-cl\u00e9s th\u00e9matiques, g\u00e9ographique ou auteurs. Il n&rsquo;est ainsi pas n\u00e9cessaire de se rappeler de la date de l\u2019\u00e9v\u00e9nement.<\/p>\n<p>Les \u00e9tudiants ne sont pas oubli\u00e9s\u00a0: socioeco.org r\u00e9pertorie aussi <a href=\"http:\/\/www.socioeco.org\/page111_fr.html\">les th\u00e8ses<\/a> sp\u00e9cifiquement d\u00e9di\u00e9es \u00e0 l\u2019ESS de mani\u00e8re \u00e0 ce qu\u2019il soit possible de puiser dans cette richesse de contenus. Un fichier en ligne permet aussi aux \u00e9tudiants de dire sur quelle th\u00e8se ils sont en train de travailler, ce qui leur permettra \u00e9ventuellement de collaborer avec d\u2019autres. Un outil qui pourrait \u00eatre utile s\u2019il venait \u00e0 se d\u00e9velopper.<\/p>\n<p>Pour d\u00e9velopper socioeco.org, votre concours est pr\u00e9cieux. Faites-nous part des documents que vous pensez importants ou que vous avez \u00e9crits, r\u00e9digez une pr\u00e9sentation pour la fiche auteur pour\u00a0 mieux faire conna\u00eetre votre travail, d\u00e9crivez vos initiatives.<\/p>\n<p>Ce site est con\u00e7u pour un travail collaboratif, plus il aura de contenus et plus il sera utile.<\/p>\n<p>N\u2019h\u00e9sitez pas \u00e0 adresser un courrier \u00e0 Fran\u00e7oise Wautiez\u00a0: fwautiez@socioeco.org Suivez-nous sur la page facebook\/socioeco\u00a0, le fil twitter d\u00e9di\u00e9\u00a0: socioecofr et sur scoop.it\u00a0: http:\/\/www.scoop.it\/t\/economie-sociale-et-solidaire-a-l-international<\/p>\n","protected":false},"excerpt":{"rendered":"<p>Par Fran\u00e7oise Wautiez, 20 avril 2017 Le site Socioeco.org est un site de ressources documentaires sur l&rsquo;\u00e9conomie sociale et solidaire :il contient plus de 5000 documents d\u2019analyse et \u00e9tudes de [&hellip;]<\/p>\n","protected":false},"author":1,"featured_media":22173,"parent":612,"menu_order":0,"comment_status":"open","ping_status":"closed","template":"","meta":{"_et_pb_use_builder":"","_et_pb_old_content":"","_et_gb_content_width":"","footnotes":""},"class_list":["post-1407","page","type-page","status-publish","has-post-thumbnail","hentry"],"_links":{"self":[{"href":"https:\/\/ripess.eu\/fr\/wp-json\/wp\/v2\/pages\/1407","targetHints":{"allow":["GET"]}}],"collection":[{"href":"https:\/\/ripess.eu\/fr\/wp-json\/wp\/v2\/pages"}],"about":[{"href":"https:\/\/ripess.eu\/fr\/wp-json\/wp\/v2\/types\/page"}],"author":[{"embeddable":true,"href":"https:\/\/ripess.eu\/fr\/wp-json\/wp\/v2\/users\/1"}],"replies":[{"embeddable":true,"href":"https:\/\/ripess.eu\/fr\/wp-json\/wp\/v2\/comments?post=1407"}],"version-history":[{"count":0,"href":"https:\/\/ripess.eu\/fr\/wp-json\/wp\/v2\/pages\/1407\/revisions"}],"up":[{"embeddable":true,"href":"https:\/\/ripess.eu\/fr\/wp-json\/wp\/v2\/pages\/612"}],"wp:featuredmedia":[{"embeddable":true,"href":"https:\/\/ripess.eu\/fr\/wp-json\/wp\/v2\/media\/22173"}],"wp:attachment":[{"href":"https:\/\/ripess.eu\/fr\/wp-json\/wp\/v2\/media?parent=1407"}],"curies":[{"name":"wp","href":"https:\/\/api.w.org\/{rel}","templated":true}]}}