{"id":1326,"date":"2015-04-17T15:43:32","date_gmt":"2015-04-17T13:43:32","guid":{"rendered":"http:\/\/ripess.eu\/?page_id=1326"},"modified":"2016-04-04T01:44:55","modified_gmt":"2016-04-03T23:44:55","slug":"questionnaire-panorama-de-leconomie-solidaire-en-europe","status":"publish","type":"page","link":"https:\/\/ripess.eu\/fr\/questionnaire-panorama-de-leconomie-solidaire-en-europe\/","title":{"rendered":"Questionnaire: Panorama de l&rsquo;Economie Solidaire en Europe"},"content":{"rendered":"<p>Le RIPESS Europe est engag\u00e9 dans la promotion de l\u2019ESS (Economie Sociale et Solidaire) et<strong> <a href=\"http:\/\/panorama2015-ripess.questionpro.com\/\">ce questionnaire<\/a><\/strong> entre dans le cadre d\u2019une recherche afin de construire ensemble un Panorama des initiatives de l\u2019Economie Solidaire en Europe. Notre principal objectif est d\u2019identifier les \u00e9l\u00e9ments contextuels cl\u00e9s qui forment \u00a0l\u2019ESS en Europe et de faciliter la mise en relation et la diffusion des initiatives.<\/p>\n<p>Etes-vous impliqu\u00e9s dans des initiatives qui rel\u00e8vent de l\u2019Economie Solidaire\u00a0?<\/p>\n<p>Si oui, nous vous invitons \u00e0 participer \u00e0 notre <strong><a href=\"http:\/\/panorama2015-ripess.questionpro.com\/\">Questionnaire sur le Panorama de l\u2019Economie Solidaire en Europe.<\/a><\/strong><\/p>\n<p>Cela vous prendra environ 15 \u00e0 20 minutes pour r\u00e9pondre.<\/p>\n<p>Votre participation \u00e0 ce questionnaire est volontaire, les r\u00e9sultats seront rendus publics sur ce site. Si vous avez des questions sur le questionnaire en lui-m\u00eame ou sur la proc\u00e9dure, vous pouvez contacter l\u2019\u00e9quipe de recherche du RIPESS Europe\u00a0: <strong><a href=\"mailto:info@ripess.eu\">info@ripess.eu<\/a><\/strong>.<\/p>\n<p>Devenez acteur, r\u00e9pondez <a href=\"http:\/\/panorama2015-ripess.questionpro.com\/\" target=\"_blank\"><strong>au questionnaire<\/strong>.<\/a><\/p>\n<p>Merci pour votre participation et votre implication.<\/p>\n","protected":false},"excerpt":{"rendered":"<p>Le RIPESS Europe est engag\u00e9 dans la promotion de l\u2019ESS (Economie Sociale et Solidaire) et ce questionnaire entre dans le cadre d\u2019une recherche afin de construire ensemble un Panorama des [&hellip;]<\/p>\n","protected":false},"author":7477,"featured_media":1443,"parent":0,"menu_order":0,"comment_status":"closed","ping_status":"closed","template":"","meta":{"_et_pb_use_builder":"","_et_pb_old_content":"","_et_gb_content_width":"","footnotes":""},"class_list":["post-1326","page","type-page","status-publish","has-post-thumbnail","hentry"],"_links":{"self":[{"href":"https:\/\/ripess.eu\/fr\/wp-json\/wp\/v2\/pages\/1326","targetHints":{"allow":["GET"]}}],"collection":[{"href":"https:\/\/ripess.eu\/fr\/wp-json\/wp\/v2\/pages"}],"about":[{"href":"https:\/\/ripess.eu\/fr\/wp-json\/wp\/v2\/types\/page"}],"author":[{"embeddable":true,"href":"https:\/\/ripess.eu\/fr\/wp-json\/wp\/v2\/users\/7477"}],"replies":[{"embeddable":true,"href":"https:\/\/ripess.eu\/fr\/wp-json\/wp\/v2\/comments?post=1326"}],"version-history":[{"count":0,"href":"https:\/\/ripess.eu\/fr\/wp-json\/wp\/v2\/pages\/1326\/revisions"}],"wp:featuredmedia":[{"embeddable":true,"href":"https:\/\/ripess.eu\/fr\/wp-json\/wp\/v2\/media\/1443"}],"wp:attachment":[{"href":"https:\/\/ripess.eu\/fr\/wp-json\/wp\/v2\/media?parent=1326"}],"curies":[{"name":"wp","href":"https:\/\/api.w.org\/{rel}","templated":true}]}}