{"id":1270,"date":"2015-07-20T18:50:21","date_gmt":"2015-07-20T16:50:21","guid":{"rendered":"http:\/\/ripess.eu\/?page_id=1270"},"modified":"2017-04-20T09:57:19","modified_gmt":"2017-04-20T07:57:19","slug":"bulletin-dadhesion","status":"publish","type":"page","link":"https:\/\/ripess.eu\/fr\/gouvernance\/bulletin-dadhesion\/","title":{"rendered":"Bulletin d&rsquo;adh\u00e9sion"},"content":{"rendered":"<p>Pour devenir membre du RIPESS Europe, merci de remplir le formulaire suivant:<\/p>\n<p>Nom et Pr\u00e9nom (Obligatoire)<\/p>\n<p>Email (Obligatoire)<\/p>\n<p>Nom de votre r\u00e9seau (obligatoire)<\/p>\n<p>Pays (obligatoire)<\/p>\n<p>A titre individuel<\/p>\n<p>Organisation<\/p>\n<p>R\u00e9seau sectoriel<\/p>\n<p>R\u00e9seau inter-sectoriel<\/p>\n<p>R\u00e9seau de l&rsquo;ESS<\/p>\n","protected":false},"excerpt":{"rendered":"<p>Pour devenir membre du RIPESS Europe, merci de remplir le formulaire suivant: Nom et Pr\u00e9nom (Obligatoire) Email (Obligatoire) Nom de votre r\u00e9seau (obligatoire) Pays (obligatoire) A titre individuel Organisation R\u00e9seau [&hellip;]<\/p>\n","protected":false},"author":7477,"featured_media":0,"parent":570,"menu_order":0,"comment_status":"closed","ping_status":"closed","template":"","meta":{"_et_pb_use_builder":"","_et_pb_old_content":"","_et_gb_content_width":"","footnotes":""},"class_list":["post-1270","page","type-page","status-publish","hentry"],"_links":{"self":[{"href":"https:\/\/ripess.eu\/fr\/wp-json\/wp\/v2\/pages\/1270","targetHints":{"allow":["GET"]}}],"collection":[{"href":"https:\/\/ripess.eu\/fr\/wp-json\/wp\/v2\/pages"}],"about":[{"href":"https:\/\/ripess.eu\/fr\/wp-json\/wp\/v2\/types\/page"}],"author":[{"embeddable":true,"href":"https:\/\/ripess.eu\/fr\/wp-json\/wp\/v2\/users\/7477"}],"replies":[{"embeddable":true,"href":"https:\/\/ripess.eu\/fr\/wp-json\/wp\/v2\/comments?post=1270"}],"version-history":[{"count":0,"href":"https:\/\/ripess.eu\/fr\/wp-json\/wp\/v2\/pages\/1270\/revisions"}],"up":[{"embeddable":true,"href":"https:\/\/ripess.eu\/fr\/wp-json\/wp\/v2\/pages\/570"}],"wp:attachment":[{"href":"https:\/\/ripess.eu\/fr\/wp-json\/wp\/v2\/media?parent=1270"}],"curies":[{"name":"wp","href":"https:\/\/api.w.org\/{rel}","templated":true}]}}