{"id":1262,"date":"2015-07-22T19:09:28","date_gmt":"2015-07-22T17:09:28","guid":{"rendered":"http:\/\/ripess.eu\/?page_id=1262"},"modified":"2016-05-02T12:51:25","modified_gmt":"2016-05-02T10:51:25","slug":"ag-berlin-2015","status":"publish","type":"page","link":"https:\/\/ripess.eu\/fr\/assemblees-generales\/ag-berlin-2015\/","title":{"rendered":"4\u00e8me Assembl\u00e9e G\u00e9n\u00e9rale, Berlin 2015"},"content":{"rendered":"<p><a href=\"http:\/\/ripess.eu\/wp-content\/uploads\/2015\/09\/RIPESSEU-agm2015.png\"><img loading=\"lazy\" decoding=\"async\" class=\" wp-image-1342 alignleft\" src=\"http:\/\/ripess.eu\/wp-content\/uploads\/2015\/09\/Solikon_banner_400.png\" alt=\"Solikon_banner_400\" width=\"223\" height=\"127\" \/><\/a><strong>L\u2019Assembl\u00e9e G\u00e9n\u00e9rale du RIPESS<\/strong>\u00a0pour l&rsquo;ann\u00e9e 2015 aura lieu au cours du Congr\u00e8s Europ\u00e9en pour l&rsquo;Economie Solidaire qui se tiendra du 10 au 13 septembre 2015 \u00e0 Berlin : <strong><a href=\"http:\/\/ripess.eu\/fr\/solikon-2015\/\" target=\"_blank\">SOLIKON 2015<\/a><\/strong><\/p>\n<p>Elle sera organis\u00e9 le <strong>Vendredi 11 Septembre 2015, entre 14h30 et 18h30,<\/strong> en pr\u00e9sence des membres du RIPESS Europe et ouvert aux observateurs.<\/p>\n<p><img loading=\"lazy\" decoding=\"async\" class=\" wp-image-1343 alignright\" src=\"http:\/\/ripess.eu\/wp-content\/uploads\/2015\/09\/RIPESSEU-agm2015.png\" alt=\"RIPESSEU-agm2015\" width=\"243\" height=\"115\" \/>C\u2019est l\u2019occasion de r\u00e9fl\u00e9chir en commun aux strat\u00e9gies que nous pouvons d\u00e9velopper en commun pour faire progresser l\u2019ESS au sein de l\u2019Europe.<\/p>\n<p>Le Comit\u00e9 de coordination pr\u00e9sentera le bilan d\u2019une ann\u00e9e de contacts et de travaux en commun avec certains des membres actuels ou futurs ainsi que les perspectives ouvertes par le biais de nos activit\u00e9s.<\/p>\n<p>Un document dit \u00ab\u00a0strat\u00e9gique\u00a0\u00bb sera propos\u00e9 \u00e0 la r\u00e9flexion de l\u2019assembl\u00e9e. Il est cens\u00e9 constituer une base commune pour avancer dans un contexte actuellement peu propice aux solidarit\u00e9s et d\u00e9velopper l\u2019ESS en Europe.<\/p>\n<p>L\u2019assembl\u00e9e g\u00e9n\u00e9rale sera aussi l\u2019occasion de faire mieux connaissance avec les nouveaux adh\u00e9rents que nous invitons\u00a0 d\u2019ores et d\u00e9j\u00e0 \u00e0 formuler leur adh\u00e9sion.\u00a0<a href=\"http:\/\/ripess.eu\/wp-content\/uploads\/2015\/07\/Appel-%C3%A0-adh%C3%A9sion-pour-le-RIPESS-Europe.pdf\" target=\"_blank\">(lien)<\/a><\/p>\n<p>Enfin, le RIPESS est organis\u00e9 gr\u00e2ce \u00e0 un Comit\u00e9 de pilotage qui fonctionne de fa\u00e7on horizontale. Il sera proc\u00e9d\u00e9 \u00e0 un appel \u00e0 participation pour ceux qui souhaiteraient en \u00eatre membres.<\/p>\n<p>Comme dans toute AG, il sera proc\u00e9d\u00e9 au vote du Bilan Moral et du Compte de R\u00e9sultat ainsi qu\u2019\u00e0 l\u2019\u00e9lection du Comit\u00e9 de coordination. Chaque structure poss\u00e8de 2 votes \u00e0 condition que la parit\u00e9 soit repr\u00e9sent\u00e9e et qu\u2019elle soit \u00e0 jour de sa cotisation.<\/p>\n","protected":false},"excerpt":{"rendered":"<p>L\u2019Assembl\u00e9e G\u00e9n\u00e9rale du RIPESS\u00a0pour l&rsquo;ann\u00e9e 2015 aura lieu au cours du Congr\u00e8s Europ\u00e9en pour l&rsquo;Economie Solidaire qui se tiendra du 10 au 13 septembre 2015 \u00e0 Berlin : SOLIKON 2015 [&hellip;]<\/p>\n","protected":false},"author":7477,"featured_media":0,"parent":532,"menu_order":0,"comment_status":"closed","ping_status":"closed","template":"","meta":{"_et_pb_use_builder":"","_et_pb_old_content":"","_et_gb_content_width":"","footnotes":""},"class_list":["post-1262","page","type-page","status-publish","hentry"],"_links":{"self":[{"href":"https:\/\/ripess.eu\/fr\/wp-json\/wp\/v2\/pages\/1262","targetHints":{"allow":["GET"]}}],"collection":[{"href":"https:\/\/ripess.eu\/fr\/wp-json\/wp\/v2\/pages"}],"about":[{"href":"https:\/\/ripess.eu\/fr\/wp-json\/wp\/v2\/types\/page"}],"author":[{"embeddable":true,"href":"https:\/\/ripess.eu\/fr\/wp-json\/wp\/v2\/users\/7477"}],"replies":[{"embeddable":true,"href":"https:\/\/ripess.eu\/fr\/wp-json\/wp\/v2\/comments?post=1262"}],"version-history":[{"count":0,"href":"https:\/\/ripess.eu\/fr\/wp-json\/wp\/v2\/pages\/1262\/revisions"}],"up":[{"embeddable":true,"href":"https:\/\/ripess.eu\/fr\/wp-json\/wp\/v2\/pages\/532"}],"wp:attachment":[{"href":"https:\/\/ripess.eu\/fr\/wp-json\/wp\/v2\/media?parent=1262"}],"curies":[{"name":"wp","href":"https:\/\/api.w.org\/{rel}","templated":true}]}}