{"id":12451,"date":"2020-09-14T16:16:45","date_gmt":"2020-09-14T14:16:45","guid":{"rendered":"https:\/\/www.ripess.eu\/assemblees-generales\/9eme-assemblee-generale-2020\/groupes-thematiques-de-lag-2020\/"},"modified":"2020-10-06T11:06:07","modified_gmt":"2020-10-06T09:06:07","slug":"groupes-thematiques-de-lag-2020","status":"publish","type":"page","link":"https:\/\/ripess.eu\/fr\/9eme-assemblee-generale-2020\/groupes-thematiques-de-lag-2020\/","title":{"rendered":"Groupes th\u00e9matiques 2020, nos membres collaborent !"},"content":{"rendered":"<h3><span style=\"color: #3366ff;\"><strong>Les groupes th\u00e9matiques suivants ont eu lieu (le 18 septembre) pendant la r\u00e9union en ligne de l&rsquo;Assembl\u00e9e g\u00e9n\u00e9rale.<\/strong><\/span><\/h3>\n<h3><em><span style=\"color: #3366ff;\">Toutes les informations sur les groupes de travail seront ajout\u00e9es ici (prochaines r\u00e9unions, suivi, travail d&rsquo;\u00e9quipe, etc)&#8230;<\/span><\/em><\/h3>\n<h4><span style=\"color: #3366ff;\"><strong>Plateformes \u00e9conomiques coop\u00e9ratives en ligne et Smarket Place<\/strong><\/span><\/h4>\n<p><strong><span style=\"color: #3366ff;\">Description :<\/span><\/strong> Initi\u00e9 \u00e0 Gen\u00e8ve par l&rsquo;<a href=\"https:\/\/www.apres-ge.ch\/\">Apr\u00e8s-Ge<\/a> et la <a href=\"https:\/\/monnaie-leman.org\/\" target=\"_blank\" rel=\"noopener noreferrer\">Monnaie L\u00e9man<\/a>, avec la collaboration du RIPESS Europe (valid\u00e9 lors de notre derni\u00e8re Assembl\u00e9e G\u00e9n\u00e9rale), le projet SmartketPlace a \u00e9t\u00e9 con\u00e7u lors de Hack-Covid19. Il \u00e9tait devenu \u00e9vident que la crise \u00e9conomique provoqu\u00e9e par l&rsquo;enfermement allait renforcer le GAFAM*, la grande distribution et les supermarch\u00e9s en ligne, au d\u00e9triment des producteurs locaux, de la petite distribution, de l&rsquo;\u00e9conomie sociale et solidaire. Une r\u00e9ponse imm\u00e9diate et concr\u00e8te, technologiquement efficace et facilement \u00ab\u00a0reproductible\u00a0\u00bb, \u00e9tait n\u00e9cessaire pour r\u00e9pondre \u00e0 la crise actuelle et jeter les bases d&rsquo;une \u00e9conomie locale qui puisse r\u00e9sister aux crises annonc\u00e9es. C&rsquo;est une question de survie pour beaucoup d&rsquo;entre nous !<\/p>\n<p>La plateforme SmartketPlace est un march\u00e9 g\u00e9n\u00e9raliste, durable, social et solidaire, destin\u00e9 aux collectivit\u00e9s locales et reproductible \u00ab\u00a0partout sur la plan\u00e8te\u00a0\u00bb. Elle est centr\u00e9e sur la personne et le respect de ses donn\u00e9es. Elle permet des courts-circuits pour nos biens, nos services, et cr\u00e9e un \u00ab\u00a0commons\u00a0\u00bb avec les donn\u00e9es personnelles que chacun veut mettre \u00e0 disposition, de mani\u00e8re prudente et consciente !<\/p>\n<h3><strong><span style=\"color: #3366ff;\">Comit\u00e9 scientifique et Manifeste pour l&rsquo;\u00e9conomie solidaire<\/span><\/strong><\/h3>\n<p><strong><span style=\"color: #3366ff;\">Description :<\/span><\/strong> Ripess Eu a r\u00e9cemment approuv\u00e9 le Manifeste international pour l&rsquo;\u00e9conomie solidaire port\u00e9 par le monde de la recherche universitaire pour le Forum mondial sur les \u00e9conomies transformatrices. Il semble maintenant important d&rsquo;utiliser le Manifeste comme un outil pour atteindre et rassembler d&rsquo;autres universitaires, \u00e9tudiants, etc. avec lesquels les membres du RIPESS Eu travaillent d\u00e9j\u00e0 ou qu&rsquo;ils identifient comme tels, afin de lancer une vie scientifique plus active et plus ouverte, de partager un certain terrain d&rsquo;entente avec de nouvelles personnes du domaine scientifique en g\u00e9n\u00e9ral. Cet atelier ouvrira un espace pour pr\u00e9senter et discuter des propositions dans cette perspective : chaque membre est invit\u00e9 \u00e0 partager son exp\u00e9rience avec le monde acad\u00e9mique, les ponts d\u00e9j\u00e0 existants ou manquants, les attentes concernant le d\u00e9veloppement de tels liens acad\u00e9miques, etc.<br \/><span style=\"color: #3366ff;\"><a style=\"color: #3366ff;\" href=\"http:\/\/www.socioeco.org\/bdf_fiche-document-7249_fr.html\" target=\"_blank\" rel=\"noopener noreferrer\">LIRE LE MANIFESTE<\/a><\/span><\/p>\n<p><strong><span style=\"color: #3366ff;\">Rapport de la r\u00e9union de l&rsquo;AG :<\/span> <\/strong>Luciane Lucas, en tant que membre du comit\u00e9 scientifique, a propos\u00e9 de publier un article r\u00e9dig\u00e9 \u00e0 la suite de l&rsquo;Assembl\u00e9e g\u00e9n\u00e9rale :<\/p>\n<p>Le comit\u00e9 scientifique a eu son premier groupe de travail lors de cette AG 2020 du RIPESS Eu ! La recherche scientifique est d\u00e9velopp\u00e9e au sein du r\u00e9seau RIPESS Europe, et en coop\u00e9ration avec ses membres. Comme de nombreux membres ont t\u00e9moign\u00e9 de la lutte pour \u00eatre reconnus comme des initiatives transformatrices, plut\u00f4t que de faire comme si de rien n&rsquo;\u00e9tait avec une teinte d&rsquo;orientation sociale, le comit\u00e9 scientifique vise \u00e0 participer \u00e0 la visibilit\u00e9 de l&rsquo;\u00e9conomie sociale et solidaire, et \u00e0 renforcer la capacit\u00e9 \u00e0 d\u00e9velopper un travail scientifique d\u00e9di\u00e9 \u00e0 l&rsquo;\u00e9conomie sociale et solidaire, bas\u00e9 sur les initiatives des membres du RIPESS Europe. Le comit\u00e9 contribuera \u00e0 la diffusion du Manifeste pour l&rsquo;\u00e9conomie solidaire : le manifeste a \u00e9t\u00e9 r\u00e9dig\u00e9 et sign\u00e9 par des universitaires et chercheurs de diff\u00e9rents continents (Afrique, Am\u00e9rique, Asie, Europe) qui travaillent depuis longtemps avec des praticiens de l&rsquo;\u00e9conomie solidaire, pour interpeller les pouvoirs publics sur leur soutien \u00e0 cette \u00e9conomie \u00e9mergente. Il a \u00e9t\u00e9 pr\u00e9sent\u00e9 lors du FSMET. Nous organiserons un webinaire sp\u00e9cifique pour le pr\u00e9senter et en discuter avec les membres du RIPESS. Le comit\u00e9 organisera \u00e9galement des s\u00e9minaires en ligne pour ouvrir sur une s\u00e9rie de sujets afin de fertiliser les enqu\u00eates et l&rsquo;exploration du RIPESS Eu avec des perspectives encore peu discut\u00e9es dans le mouvement de l&rsquo;ESS, en particulier la perspective f\u00e9ministe et d\u00e9coloniale. Ce sera \u00e9galement l&rsquo;occasion de pr\u00e9senter des recherches approfondies et de d\u00e9battre de notions et de concepts sp\u00e9cifiques (tels que l&rsquo;action collective, l&rsquo;innovation sociale, etc.)<\/p>\n<h3><strong><span style=\"color: #3366ff;\">Impact social, audit social, utilit\u00e9 sociale<\/span><\/strong><\/h3>\n<p><strong><span style=\"color: #3366ff;\">Description :<\/span> <\/strong>La question de l&rsquo;\u00e9valuation de l&rsquo;impact social a pris une ampleur incroyable ces derni\u00e8res ann\u00e9es, dans toute l&rsquo;Europe et en particulier avec le d\u00e9veloppement du financement de l&rsquo;impact. Mais il est important de r\u00e9aliser qu&rsquo;il s&rsquo;agit d&rsquo;une question tr\u00e8s politique et que la mani\u00e8re de la comprendre n&rsquo;est pas sans cons\u00e9quences pour l&rsquo;ESS dans son ensemble. Le RIPESS Europe a donc souhait\u00e9 se lancer dans un travail sur ce sujet afin de forger une culture commune entre ses membres. La d\u00e9marche est bas\u00e9e sur l&rsquo;\u00e9change de pratiques, la compr\u00e9hension des diff\u00e9rentes approches et d\u00e9marches initi\u00e9es en Europe et la construction d&rsquo;un plaidoyer politique.<\/p>\n<p>Cet atelier s&rsquo;inscrit dans la strat\u00e9gie globale du RIPESS Europe, qui vise \u00e0 construire collectivement un plan d&rsquo;action pour le r\u00e9seau pour les mois \u00e0 venir. Il sera l&rsquo;occasion d&rsquo;initier un premier d\u00e9bat sur les diff\u00e9rentes notions (utilit\u00e9 sociale, impact social, audit social&#8230;), premi\u00e8re \u00e9tape vers la construction d&rsquo;une vision partag\u00e9e.<\/p>\n<h3><strong><span style=\"color: #3366ff;\">Agenda des \u00e9conomies transformatrices<\/span><\/strong><\/h3>\n<p><strong><span style=\"color: #3366ff;\">Description :<\/span> <\/strong>Le RIPESS Europe a \u00e9t\u00e9 l&rsquo;un des principaux promoteurs du Forum social mondial des \u00e9conomies transformatrices (WSFTE\/FSMET), qui s&rsquo;est d\u00e9roul\u00e9 en ligne entre le 25 juin et le 1er juillet. Apr\u00e8s un bref r\u00e9sum\u00e9 des derni\u00e8res nouvelles, nous discuterons de la mani\u00e8re dont, en tant que membres du RIPESS, nous pouvons et devons participer aux prochaines \u00e9tapes de convergence (territoriale, intersectorielle et entre mouvements) afin de rassembler les initiatives pour la transformation de l&rsquo;\u00e9conomie de march\u00e9 traditionnelle et l&rsquo;alliance autour d&rsquo;un agenda des \u00e9conomies de transformation.<br \/>Les organisations, r\u00e9seaux et entit\u00e9s participant au processus du FSMET peuvent promouvoir leurs initiatives de transformation : luttes, campagnes, projets, politiques et pratiques qui refl\u00e8tent la recherche d&rsquo;\u00e9conomies transformatrices au sens large. L&rsquo;objectif est de rendre visibles les initiatives qui r\u00e9pondent aux grands d\u00e9fis mondiaux en s&rsquo;appuyant sur des pratiques concr\u00e8tes et localis\u00e9es. Voir le processus et les th\u00e8mes ici.<\/p>\n<h3><span style=\"color: #3366ff;\"><strong>Les jeunes et l&rsquo;ESS<\/strong><\/span><\/h3>\n<p><span style=\"color: #3366ff;\"><strong>Description :<\/strong> <\/span>Ces derni\u00e8res ann\u00e9es, la n\u00e9cessit\u00e9 de se concentrer sur les jeunes g\u00e9n\u00e9rations et d&rsquo;aborder leurs probl\u00e8mes devient de plus en plus n\u00e9cessaire pour promouvoir la culture et les pratiques de l&rsquo;ESS. Notre proposition est de construire un processus qui m\u00e8ne \u00e0 la cr\u00e9ation d&rsquo;un r\u00e9seau international de jeunes (RIPESS et au-del\u00e0), impliqu\u00e9s dans des initiatives d&rsquo;\u00e9conomie sociale et solidaire.<\/p>\n<p>Les \u00e9tapes de ce processus pourraient \u00eatre :<br \/>&#8211; l&rsquo;activit\u00e9 intercontinentale du RIPESS du 28\/6 pendant le FSMET sur les jeunes et l&rsquo;ESS (voir le r\u00e9sum\u00e9 en annexe) ;<br \/>&#8211; le webinaire du 18\/10 sur les jeunes et l&rsquo;ESS (ax\u00e9 sur les d\u00e9fis) dans le cadre du GSEF et organis\u00e9 par le RIPESS ;<br \/>&#8211; d&rsquo;autres webinaires, r\u00e9unions de travail et autres possibilit\u00e9s d&rsquo;enrichissement et de mise en relation \u00e0 organiser ;<br \/>&#8211; la promotion d&rsquo;un projet intercontinental de renforcement des capacit\u00e9s Erasmus+ (pour renforcer les comp\u00e9tences individuelles et les liens internationaux) ;<br \/>&#8211; la cr\u00e9ation (\u00e9ventuellement avec le soutien d&rsquo;un autre projet Erasmus+) d&rsquo;un r\u00e9seau informel mais structur\u00e9 de jeunes impliqu\u00e9s dans des initiatives d&rsquo;\u00e9conomie sociale et solidaire.<\/p>\n<p><strong><span style=\"color: #3366ff;\">Rapport de la r\u00e9union de l&rsquo;AG :<\/span><\/strong> Le groupe Jeunesse et ESS de l&rsquo;AG du RIPESS comprenait Francesco Capellini, Sofia Pereira, Carolina, Nina, Juliette, Andrea Rodriguez et Davide Tonon. La r\u00e9union a permis de r\u00e9fl\u00e9chir sur la position des jeunes autour de l&rsquo;ESS. En g\u00e9n\u00e9ral, les jeunes sont de plus en plus conscients de l&rsquo;\u00e9conomie sociale et solidaire et de ses avantages, cependant, il est vrai qu&rsquo;il y a un manque d&rsquo;information sur certains sujets &#8211; par exemple, sur la fa\u00e7on de cr\u00e9er une coop\u00e9rative ou sur les avantages du commerce \u00e9quitable. D&rsquo;autre part, l&rsquo;id\u00e9e de l&rsquo;importance de cr\u00e9er une convergence entre les jeunes et la n\u00e9cessit\u00e9 de renouveler l&rsquo;ESS pour la rendre plus attrayante pour les nouvelles g\u00e9n\u00e9rations, a \u00e9galement \u00e9t\u00e9 sugg\u00e9r\u00e9e, car dans certains cas elle peut \u00eatre consid\u00e9r\u00e9e comme quelque chose d&rsquo;obsol\u00e8te. Enfin, la n\u00e9cessit\u00e9 de connecter l&rsquo;ESS avec les mouvements sociaux de base, qui sont principalement promus par les jeunes, et bien s\u00fbr le d\u00e9sir de continuer \u00e0 travailler \u00e0 la clarification des d\u00e9fis et des opportunit\u00e9s, ont \u00e9galement \u00e9t\u00e9 discut\u00e9s.<\/p>\n<h3><span style=\"color: #3366ff;\"><strong>La coop\u00e9ration territoriale<\/strong><\/span><\/h3>\n<p><span style=\"color: #3366ff;\"><strong>Description :<\/strong> <\/span>Dans un monde qui change et r\u00e9invente l&rsquo;engagement social, le d\u00e9veloppement personnel et les m\u00e9thodes de travail, \u00eatre capable de coop\u00e9rer est une comp\u00e9tence cl\u00e9 que chacun peut assimiler, tout au long de la vie. Le contexte de la crise sanitaire favorise la n\u00e9cessit\u00e9 de r\u00e9investir les territoires et les jeunes g\u00e9n\u00e9rations.<\/p>\n<p>De nombreuses personnes et structures coop\u00e8rent \u00e0 l&rsquo;\u00e9chelle territoriale dans les zones urbaines et rurales, par la mutualisation des moyens, des \u00e9v\u00e9nements collectifs, des lieux partag\u00e9s, des projets culturels collaboratifs ou des r\u00e9seaux territoriaux regroupant des organisations de l&rsquo;\u00e9conomie sociale et solidaire. Nous exp\u00e9rimentons des approches coop\u00e9ratives pour le d\u00e9veloppement local, qui sont cr\u00e9atives, \u00e9volutives et innovantes.<\/p>\n<p>Comment la coop\u00e9ration territoriale est-elle mise en \u0153uvre ? Quelles sont les comp\u00e9tences, les outils ou les m\u00e9thodologies n\u00e9cessaires pour mettre en \u0153uvre ou am\u00e9liorer les pratiques ?<\/p>\n<p>Nous proposons de r\u00e9fl\u00e9chir ensemble \u00e0 ces th\u00e8mes, sur la base des r\u00e9sultats pr\u00e9c\u00e9dents du projet AJITeR et dans le cadre du lancement du projet COOPTERR. Ce projet Erasmus+ regroupe six organisations, dont le RIPESS Europe et plusieurs membres du r\u00e9seau (Fekete Sereg, Solidarius Italia, CRIES&#8230;) et vise \u00e0 \u00e9laborer des outils et des m\u00e9thodes de formation \u00e0 la coop\u00e9ration territoriale, enjeu cl\u00e9 pour le d\u00e9veloppement local, la diversit\u00e9 et le vivre ensemble en harmonie.<\/p>\n<p><strong><span style=\"color: #3366ff;\">Rapport de la r\u00e9union de l&rsquo;AG :<\/span><\/strong><\/p>\n<p>L&rsquo;atelier a \u00e9t\u00e9 l&rsquo;occasion de lancer le projet ERASMUS+ &#8211; COOPTERR Formation sur les pratiques de coop\u00e9ration territoriale \u00e0 travers la culture et l&rsquo;ESS &#8211; r\u00e9alis\u00e9 par plusieurs membres de\/et du RIPESS EUROPE (CRIES, FEKETE SEREG, SOLIDARIUS ITALIA, UFISC). Il a \u00e9galement permis de partager les r\u00e9sultats d&rsquo;un projet sur les zones rurales et la jeunesse (AJITeR r\u00e9alis\u00e9 par l&rsquo;UFISC) qui met en \u00e9vidence l&rsquo;importance de la coop\u00e9ration territoriale locale.<\/p>\n<p>Les participants ont discut\u00e9 de la n\u00e9cessit\u00e9 de la coop\u00e9ration territoriale, renforc\u00e9e dans le contexte de la crise actuelle. Ils ont partag\u00e9 leurs propres exp\u00e9riences et pratiques en mati\u00e8re de coop\u00e9ration territoriale et ont entam\u00e9 une r\u00e9flexion sur les leviers possibles (objectifs clairs, formation, moyens&#8230;).<\/p>\n\n\n<p>Ces diff\u00e9rents \u00e9l\u00e9ments nourriront le projet collaboratif COOPTERR, en termes d&rsquo;outils et de m\u00e9thodologies n\u00e9cessaires \u00e0 la coop\u00e9ration au sein d&rsquo;un territoire.<\/p>\n","protected":false},"excerpt":{"rendered":"<p>Les groupes th\u00e9matiques suivants ont eu lieu (le 18 septembre) pendant la r\u00e9union en ligne de l&rsquo;Assembl\u00e9e g\u00e9n\u00e9rale. Toutes les informations sur les groupes de travail seront ajout\u00e9es ici (prochaines [&hellip;]<\/p>\n","protected":false},"author":1,"featured_media":12373,"parent":7262,"menu_order":0,"comment_status":"closed","ping_status":"closed","template":"","meta":{"_et_pb_use_builder":"","_et_pb_old_content":"","_et_gb_content_width":"","footnotes":""},"class_list":["post-12451","page","type-page","status-publish","has-post-thumbnail","hentry"],"_links":{"self":[{"href":"https:\/\/ripess.eu\/fr\/wp-json\/wp\/v2\/pages\/12451","targetHints":{"allow":["GET"]}}],"collection":[{"href":"https:\/\/ripess.eu\/fr\/wp-json\/wp\/v2\/pages"}],"about":[{"href":"https:\/\/ripess.eu\/fr\/wp-json\/wp\/v2\/types\/page"}],"author":[{"embeddable":true,"href":"https:\/\/ripess.eu\/fr\/wp-json\/wp\/v2\/users\/1"}],"replies":[{"embeddable":true,"href":"https:\/\/ripess.eu\/fr\/wp-json\/wp\/v2\/comments?post=12451"}],"version-history":[{"count":0,"href":"https:\/\/ripess.eu\/fr\/wp-json\/wp\/v2\/pages\/12451\/revisions"}],"up":[{"embeddable":true,"href":"https:\/\/ripess.eu\/fr\/wp-json\/wp\/v2\/pages\/7262"}],"wp:featuredmedia":[{"embeddable":true,"href":"https:\/\/ripess.eu\/fr\/wp-json\/wp\/v2\/media\/12373"}],"wp:attachment":[{"href":"https:\/\/ripess.eu\/fr\/wp-json\/wp\/v2\/media?parent=12451"}],"curies":[{"name":"wp","href":"https:\/\/api.w.org\/{rel}","templated":true}]}}