{"id":6822,"date":"2020-04-03T14:53:01","date_gmt":"2020-04-03T12:53:01","guid":{"rendered":"https:\/\/www.ripess.eu\/?page_id=6822"},"modified":"2020-04-06T15:15:11","modified_gmt":"2020-04-06T13:15:11","slug":"suiza","status":"publish","type":"page","link":"https:\/\/ripess.eu\/es\/suiza\/","title":{"rendered":"Suiza"},"content":{"rendered":"\n<h2 class=\"wp-block-heading\">Suiza<\/h2>\n\n\n\n<p style=\"background-color:#fbec8a\" class=\"has-background\"> Estamos recopilando aqu\u00ed&nbsp;<strong>mensajes,<\/strong>&nbsp;<strong>art\u00edculos, historias y referencias de iniciativas de econom\u00eda solidaria en respuesta a la crisis de la pandemia Covid19<\/strong>&nbsp;y sus consecuencias en toda Europa, para compartir e intercambiar experiencias y esfuerzos de las redes miembros y otras organizaciones.&nbsp;<strong>Si desea contribuir, por favor escriba a : info@ripess.eu<\/strong> <\/p>\n\n\n\n<p class=\"has-background has-very-light-gray-background-color\"> <strong>El equipo de Monnaie L\u00e9man y APRES-GE \u2013 Coronavirus: responder a las necesidades inmediatas y crear resistencia juntos<\/strong> <\/p>\n\n\n\n<div class=\"wp-block-image\"><figure class=\"aligncenter size-large is-resized\"><img loading=\"lazy\" decoding=\"async\" src=\"https:\/\/europe.ripess.rio20.net\/wp-content\/uploads\/sites\/4\/2020\/03\/logo_monnaie_Leman.png\" alt=\"\" class=\"wp-image-6692\" width=\"251\" height=\"89\" srcset=\"https:\/\/ripess.eu\/wp-content\/uploads\/sites\/4\/2020\/03\/logo_monnaie_Leman.png 360w, https:\/\/ripess.eu\/wp-content\/uploads\/sites\/4\/2020\/03\/logo_monnaie_Leman-300x107.png 300w\" sizes=\"(max-width: 251px) 100vw, 251px\" \/><\/figure><\/div>\n\n\n\n<p> <em>\u201cEstamos pasando por una crisis sanitaria (actual) y econ\u00f3mica (venidera) sin precedentes. Los riesgos son grandes para todxs nosotrxs, y para nuestras empresas. Pero este desaf\u00edo es tambi\u00e9n una oportunidad que no hay que perder para avanzar y fortalecer la econom\u00eda sostenible, social y solidaria. Responder a esta crisis con las medidas cl\u00e1sicas de est\u00edmulo del crecimiento indiscriminado no permitir\u00e1 alcanzar el objetivo del carbono (-60% para 2030) ni evitar el aumento de las desigualdades, y sin duda conducir\u00e1 a una mayor dependencia de las empresas del sistema financier<\/em>o.\u00bb<\/p>\n\n\n\n<div class=\"wp-block-button\"><a class=\"wp-block-button__link has-background has-luminous-vivid-amber-background-color\" href=\"https:\/\/framaforms.org\/coronavirus-repondons-aux-besoins-immediats-et-construisons-ensemble-la-resilience-1584550332?utm_source=Monnaie+L%C3%A9man&amp;utm_campaign=53e1a5bb73-EMAIL_CAMPAIGN_2020_03_25_01_30&amp;utm_medium=email&amp;utm_term=0_40b029767a-53e1a5bb73-197776237\">leer m\u00e1s (en franc\u00e9s)<\/a><\/div>\n\n\n\n<p><\/p>\n\n\n\n<p class=\"has-background has-very-light-gray-background-color\"><strong>Art\u00edculo de Ren\u00e9 Longet, \u00abEl peque\u00f1o virus que cambia el mundo\u00bb<\/strong><\/p>\n\n\n\n<div class=\"wp-block-image\"><figure class=\"aligncenter size-large is-resized\"><img loading=\"lazy\" decoding=\"async\" src=\"https:\/\/europe.ripess.rio20.net\/wp-content\/uploads\/sites\/4\/2020\/04\/longet-Suisse.jpg\" alt=\"\" class=\"wp-image-6779\" width=\"239\" height=\"237\"\/><\/figure><\/div>\n\n\n\n<p><em>\u00abDurante a\u00f1os, la gente se ha re\u00eddo de la debilidad de los Estados, la falta de respuesta de las autoridades p\u00fablicas, la pasividad de muchxs funcionarixs electos frente a las crecientes desigualdades, la globalizaci\u00f3n muy mal regulada, las amenazas ecol\u00f3gicas y muchas otras cosas. Y con raz\u00f3n.<\/em><\/p>\n\n\n\n<p><em>Un peque\u00f1o virus est\u00e1 cambiando radicalmente la perspectiva. En unos pocos d\u00edas, plenos poderes a los presidentes, a lxs gobernantes. Se declara una emergencia de coronavirus. Las fronteras se cierran, todo un continente o casi todo un continente se pone bajo toque de queda, los humanos se a\u00edslan unos de otros, las generaciones se a\u00edslan unas de otras, la poblaci\u00f3n se confina en sus casas, el teletrabajo se convierte en la regla. No se ha consultado a ning\u00fan grupo de presi\u00f3n de ning\u00fan tipo, ni siquiera de forma, no se han concedido pases. Y esto no por una quincena, sino tal vez por toda una primavera\u00bb.<\/em><\/p>\n\n\n\n<div class=\"wp-block-button\"><a class=\"wp-block-button__link has-background has-luminous-vivid-amber-background-color\" href=\"https:\/\/blogs.letemps.ch\/rene-longet\/2020\/03\/18\/le-petit-virus-qui-change-le-monde\/\">leer m\u00e1s (en franc\u00e9s)<\/a><\/div>\n","protected":false},"excerpt":{"rendered":"<p>Suiza Estamos recopilando aqu\u00ed&nbsp;mensajes,&nbsp;art\u00edculos, historias y referencias de iniciativas de econom\u00eda solidaria en respuesta a la crisis de la pandemia Covid19&nbsp;y sus consecuencias en toda Europa, para compartir e intercambiar [&hellip;]<\/p>\n","protected":false},"author":7618,"featured_media":0,"parent":0,"menu_order":0,"comment_status":"closed","ping_status":"closed","template":"","meta":{"_et_pb_use_builder":"","_et_pb_old_content":"","_et_gb_content_width":"","footnotes":""},"class_list":["post-6822","page","type-page","status-publish","hentry"],"_links":{"self":[{"href":"https:\/\/ripess.eu\/es\/wp-json\/wp\/v2\/pages\/6822","targetHints":{"allow":["GET"]}}],"collection":[{"href":"https:\/\/ripess.eu\/es\/wp-json\/wp\/v2\/pages"}],"about":[{"href":"https:\/\/ripess.eu\/es\/wp-json\/wp\/v2\/types\/page"}],"author":[{"embeddable":true,"href":"https:\/\/ripess.eu\/es\/wp-json\/wp\/v2\/users\/7618"}],"replies":[{"embeddable":true,"href":"https:\/\/ripess.eu\/es\/wp-json\/wp\/v2\/comments?post=6822"}],"version-history":[{"count":0,"href":"https:\/\/ripess.eu\/es\/wp-json\/wp\/v2\/pages\/6822\/revisions"}],"wp:attachment":[{"href":"https:\/\/ripess.eu\/es\/wp-json\/wp\/v2\/media?parent=6822"}],"curies":[{"name":"wp","href":"https:\/\/api.w.org\/{rel}","templated":true}]}}