{"id":6821,"date":"2020-04-03T14:52:31","date_gmt":"2020-04-03T12:52:31","guid":{"rendered":"https:\/\/www.ripess.eu\/?page_id=6821"},"modified":"2020-04-06T15:09:58","modified_gmt":"2020-04-06T13:09:58","slug":"grecia","status":"publish","type":"page","link":"https:\/\/ripess.eu\/es\/grecia\/","title":{"rendered":"Grecia"},"content":{"rendered":"\n<h2 class=\"wp-block-heading\">Grecia<\/h2>\n\n\n\n<p style=\"background-color:#fbf599\" class=\"has-background\">Estamos recopilando aqu\u00ed&nbsp;<strong>mensajes,<\/strong>&nbsp;<strong>art\u00edculos, historias y referencias de iniciativas de econom\u00eda solidaria en respuesta a la crisis de la pandemia Covid19<\/strong>&nbsp;y sus consecuencias en toda Europa, para compartir e intercambiar experiencias y esfuerzos de las redes miembros y otras organizaciones.&nbsp;<strong>Si desea contribuir, por favor escriba a : info@ripess.eu<\/strong> <\/p>\n\n\n\n<p class=\"has-background has-very-light-gray-background-color\"><strong>Comunicado de prensa de la iniciativa griega, apoyada por nuestro miembro, <a href=\"https:\/\/dock.zone\/en\/\" target=\"_blank\" rel=\"noreferrer noopener\" aria-label=\"DOCK (s\u2019ouvre dans un nouvel onglet)\">DOCK<\/a>: \u00bb Sigamos juntos\u00bb.<\/strong><\/p>\n\n\n\n<figure class=\"wp-block-image size-large\"><img loading=\"lazy\" decoding=\"async\" width=\"960\" height=\"502\" src=\"https:\/\/europe.ripess.rio20.net\/wp-content\/uploads\/sites\/4\/2020\/04\/menoumemazi-banner.png\" alt=\"\" class=\"wp-image-6770\" srcset=\"https:\/\/ripess.eu\/wp-content\/uploads\/sites\/4\/2020\/04\/menoumemazi-banner.png 960w, https:\/\/ripess.eu\/wp-content\/uploads\/sites\/4\/2020\/04\/menoumemazi-banner-300x157.png 300w, https:\/\/ripess.eu\/wp-content\/uploads\/sites\/4\/2020\/04\/menoumemazi-banner-768x402.png 768w\" sizes=\"(max-width: 960px) 100vw, 960px\" \/><\/figure>\n\n\n\n<p>La plataforma digital \u00abJuntxs\u00bb (menoumemazi.org) tiene por objeto convertirse en un centro de reuni\u00f3n e intercambio de informaci\u00f3n y recursos (digitales y de otro tipo) que apoyen las ideas y pr\u00e1cticas de solidaridad y organizaci\u00f3n de base durante la pandemia.  <\/p>\n\n\n\n<p>La plataforma es una iniciativa autoorganizada y autofinanciada de personas dedicadas a las nuevas tecnolog\u00edas, la investigaci\u00f3n y la econom\u00eda de intercambio. Personas que sintieron la necesidad de actuar colectivamente.  <\/p>\n\n\n\n<p>El principal punto de partida de la plataforma es destacar que aunque nos \u00abquedemos en casa\u00bb tenemos los medios para \u00abno quedarnos solos o parados\u00bb. <\/p>\n\n\n\n<p>El eslogan \u00abActuar\u00bb une dos ejes:<\/p>\n\n\n\n<ul class=\"wp-block-list\"><li>El primero, \u0384sostiene tu vecino&#8217;, se refiere a la solidaridad concreta que se puede practicar en nuestros edificios y barrios. En este eje se presentan ideas y materiales sobre c\u00f3mo actuar para identificar y ayudar a las personas que est\u00e1n (o se sienten) solas y sin posesiones o apoyo psicol\u00f3gico. Este tema va acompa\u00f1ado de un \u00edndice de grupos de autoayuda que ya est\u00e1n activos en diferentes barrios.<\/li><li>El segundo, \u00abapoye su trabajo\u00bb, que es paralelo al primer eje, se refiere a las demandas de derechos laborales fundamentales que son violados masivamente durante este per\u00edodo de la pandemia. A este respecto, este eje presenta los medios para presentar denuncias de forma an\u00f3nima (o no an\u00f3nima). Estas quejas son compartidas con asociaciones y colectivos de base, que luego act\u00faan en consecuencia. Este tema tambi\u00e9n presenta un \u00edndice de asociaciones y colectivos, as\u00ed como preguntas y respuestas de especialistas en derecho laboral.  <br>Para contribuir de manera m\u00e1s general, la plataforma contiene tres temas adicionales :<\/li><\/ul>\n\n\n\n<ul class=\"wp-block-list\"><li>El primer tema se refiere a los recursos digitales que se utilizan para las teleconferencias o la comunicaci\u00f3n escrita. En este sentido, la plataforma alberga y apoya las herramientas que se proporcionan a los colectivos para su mejor organizaci\u00f3n en l\u00ednea. Al mismo tiempo, la plataforma informa a lxs interesadxs sobre diversos recursos digitales; as\u00ed como sobre una nueva iniciativa que tiene por objeto crear una red abierta de interacci\u00f3n y colaboraci\u00f3n con el objetivo de la impresi\u00f3n en 3D de los equipos hospitalarios.<\/li><li>El segundo tema tiene por objeto dar a conocer las campa\u00f1as y acciones de solidaridad que se llevan a cabo en Grecia y en otros lugares. Nuestro objetivo no es quedarnos de brazos cruzados, sino exigir lo m\u00e1ximo posible para todxs: para el sistema nacional de salud, para las residencias de estudiantes, para el trabajo; para lxs m\u00e1s afectadxs pero que siguen siendo invisibles, como las personas sin hogar, lxs migrantes atrapadxs en los campamentos, etc.   En la secci\u00f3n \u00abNoticias\u00bb encontrar\u00e1 actualizaciones sobre los diferentes aspectos de las campa\u00f1as y acciones en cuesti\u00f3n.  <\/li><li>En el tercer tema, la plataforma re\u00fane informaci\u00f3n \u00fatil y verificada sobre una serie de cuestiones, subrayando su importancia: \u00abayuda psicol\u00f3gica\u00bb, \u00absangre de donantes voluntarixs\u00bb y \u00abasistencia a personas con discapacidades\u00bb. Al mismo tiempo, la secci\u00f3n de \u00abocio\u00bb recoge informaci\u00f3n sobre iniciativas como compartir libros, pel\u00edculas y obras de teatro, entre otras. Esta \u00faltima secci\u00f3n se est\u00e1 ampliando en la medida en que sea necesario.<br> La plataforma digital \u00abJuntxs\u00bb contribuye al debate sobre la construcci\u00f3n de redes de autoayuda en nuestros barrios; sobre las formas de conectar con lxs que nos rodean y resistir a lxs que utilizan esta crisis para disciplinarnos, excluirnos socialmente y beneficiarse de ella. No debemos replegarnos sobre nosotros mismos, debemos protegernos mutuamente y seguir defendiendo en\u00e9rgicamente nuestras causas para salir de esta dif\u00edcil situaci\u00f3n, juntxs, y encontrarnos en un mundo digno de nosotrxs.  <\/li><\/ul>\n\n\n\n<div class=\"wp-block-button\"><a class=\"wp-block-button__link has-background has-luminous-vivid-amber-background-color\" href=\"https:\/\/www.facebook.com\/menoumemazisolidarity\/\">m\u00e1s informaci\u00f3n (Facebook)<\/a><\/div>\n\n\n\n<p><\/p>\n\n\n\n<div class=\"wp-block-button\"><a class=\"wp-block-button__link has-background has-luminous-vivid-amber-background-color\" href=\"https:\/\/twitter.com\/menoumemazi\">m\u00e1s informaci\u00f3n (Twitter)<\/a><\/div>\n\n\n\n<p><\/p>\n","protected":false},"excerpt":{"rendered":"<p>Grecia Estamos recopilando aqu\u00ed&nbsp;mensajes,&nbsp;art\u00edculos, historias y referencias de iniciativas de econom\u00eda solidaria en respuesta a la crisis de la pandemia Covid19&nbsp;y sus consecuencias en toda Europa, para compartir e intercambiar [&hellip;]<\/p>\n","protected":false},"author":7618,"featured_media":0,"parent":0,"menu_order":0,"comment_status":"closed","ping_status":"closed","template":"","meta":{"_et_pb_use_builder":"","_et_pb_old_content":"","_et_gb_content_width":"","footnotes":""},"class_list":["post-6821","page","type-page","status-publish","hentry"],"_links":{"self":[{"href":"https:\/\/ripess.eu\/es\/wp-json\/wp\/v2\/pages\/6821","targetHints":{"allow":["GET"]}}],"collection":[{"href":"https:\/\/ripess.eu\/es\/wp-json\/wp\/v2\/pages"}],"about":[{"href":"https:\/\/ripess.eu\/es\/wp-json\/wp\/v2\/types\/page"}],"author":[{"embeddable":true,"href":"https:\/\/ripess.eu\/es\/wp-json\/wp\/v2\/users\/7618"}],"replies":[{"embeddable":true,"href":"https:\/\/ripess.eu\/es\/wp-json\/wp\/v2\/comments?post=6821"}],"version-history":[{"count":0,"href":"https:\/\/ripess.eu\/es\/wp-json\/wp\/v2\/pages\/6821\/revisions"}],"wp:attachment":[{"href":"https:\/\/ripess.eu\/es\/wp-json\/wp\/v2\/media?parent=6821"}],"curies":[{"name":"wp","href":"https:\/\/api.w.org\/{rel}","templated":true}]}}