{"id":6818,"date":"2020-04-03T14:50:53","date_gmt":"2020-04-03T12:50:53","guid":{"rendered":"https:\/\/www.ripess.eu\/?page_id=6818"},"modified":"2020-04-03T16:56:25","modified_gmt":"2020-04-03T14:56:25","slug":"portugal","status":"publish","type":"page","link":"https:\/\/ripess.eu\/es\/portugal\/","title":{"rendered":"Portugal"},"content":{"rendered":"\n<h2 class=\"wp-block-heading\">Portugal<\/h2>\n\n\n\n<p style=\"background-color:#fff899\" class=\"has-background\"> Estamos recopilando aqu\u00ed&nbsp;<strong>mensajes,<\/strong>&nbsp;<strong>art\u00edculos, historias y referencias de iniciativas de econom\u00eda solidaria en respuesta a la crisis de la pandemia Covid19<\/strong>&nbsp;y sus consecuencias en toda Europa, para compartir e intercambiar experiencias y esfuerzos de las redes miembros y otras organizaciones.&nbsp;<strong>Si desea contribuir, por favor escriba a : info@ripess.eu<\/strong> <\/p>\n\n\n\n<p class=\"has-background has-very-light-gray-background-color\"><strong>La solidaridad y la cooperaci\u00f3n en Portugal, frente a los desaf\u00edos de la crisis de la pandemia &#8211; mensaje de ANIMAR (Asociaci\u00f3n Portuguesa para el Desarrollo Local)<\/strong><\/p>\n\n\n\n<div class=\"wp-block-image\"><figure class=\"aligncenter size-large is-resized\"><img loading=\"lazy\" decoding=\"async\" src=\"https:\/\/europe.ripess.rio20.net\/wp-content\/uploads\/sites\/4\/2020\/04\/logo-animar-1024x527.png\" alt=\"\" class=\"wp-image-6785\" width=\"397\" height=\"204\" srcset=\"https:\/\/ripess.eu\/wp-content\/uploads\/sites\/4\/2020\/04\/logo-animar-1024x527.png 1024w, https:\/\/ripess.eu\/wp-content\/uploads\/sites\/4\/2020\/04\/logo-animar-300x154.png 300w, https:\/\/ripess.eu\/wp-content\/uploads\/sites\/4\/2020\/04\/logo-animar-768x395.png 768w, https:\/\/ripess.eu\/wp-content\/uploads\/sites\/4\/2020\/04\/logo-animar.png 1120w\" sizes=\"(max-width: 397px) 100vw, 397px\" \/><\/figure><\/div>\n\n\n\n<p><em>\u00abDebido al contexto pand\u00e9mico que todos los pa\u00edses est\u00e1n experimentando actualmente, se ha pospuesto la 3\u00aa Reuni\u00f3n Internacional \u00abSinergias ED\u00bb y la Academia de Activismo \u00abDel desarrollo local a la ciudadan\u00eda europea\u00bb.<br> En tiempos como los que todos vivimos, la solidaridad y la cooperaci\u00f3n pueden ser la forma m\u00e1s eficaz de hacer frente al escenario actual, pero tambi\u00e9n a las consecuencias negativas de las pr\u00f3ximas crisis econ\u00f3micas.<br> En Portugal, con el fin de movilizar a los ciudadanos para que ayuden a los necesitados, se han creado muchas iniciativas con este fin\u00bb.<\/em><\/p>\n\n\n\n<p><strong>SOS Vizinho<\/strong> (SOS Vecino) tiene por objeto identificar los grupos de riesgo en cada regi\u00f3n del pa\u00eds y crear una red de distribuci\u00f3n de voluntarios para ayudar a las personas que pertenecen a esos grupos de riesgo a comprar y obtener productos farmac\u00e9uticos a fin de evitar que los ciudadanos m\u00e1s vulnerables se expongan al virus. Para m\u00e1s informaci\u00f3n sobre esta iniciativa:<\/p>\n\n\n\n<div class=\"wp-block-button\"><a class=\"wp-block-button__link has-background has-luminous-vivid-amber-background-color\" href=\"https:\/\/sosvizinho.pt\/\">leer m\u00e1s (en portugu\u00e9s)<\/a><\/div>\n\n\n\n<p><\/p>\n\n\n\n<p><strong>El Movimento #Tech4Covid19 <\/strong>es un movimiento de ingenieros, dise\u00f1adores, comercializadores, profesionales de la salud y otros que trabajan en varios proyectos en curso para unir a los talentos portugueses en el desarrollo de soluciones tecnol\u00f3gicas que ayuden a las personas a superar el desaf\u00edo de COVID-19. Para m\u00e1s informaci\u00f3n:<\/p>\n\n\n\n<div class=\"wp-block-button\"><a class=\"wp-block-button__link has-background has-luminous-vivid-amber-background-color\" href=\"https:\/\/tech4covid19.org\/en\/\">leer m\u00e1s (en ingl\u00e9s)<\/a><\/div>\n\n\n\n<p><\/p>\n\n\n\n<p><strong>La Red Solidaria<\/strong> es una iniciativa organizada por el municipio de Lisboa para reunir a voluntarios que ayuden a los ciudadanos m\u00e1s vulnerables con tareas y necesidades como ir al supermercado, a la farmacia o a poner la basura en los contenedores de la calle. Para m\u00e1s informaci\u00f3n:<\/p>\n\n\n\n<div class=\"wp-block-button\"><a class=\"wp-block-button__link has-background has-luminous-vivid-amber-background-color\" href=\"http:\/\/redesolidaria.pt\/\">leer m\u00e1s (en portugu\u00e9s)<\/a><\/div>\n\n\n\n<p><\/p>\n\n\n\n<p>Estos son s\u00f3lo algunos ejemplos de la forma en que la sociedad civil y los gobiernos locales participan en la lucha contra esta situaci\u00f3n de pandemia mediante la solidaridad y la colaboraci\u00f3n.<br>\nPara m\u00e1s informaci\u00f3n sobre otras iniciativas nacionales y locales:<\/p>\n\n\n\n<div class=\"wp-block-button\"><a class=\"wp-block-button__link has-background has-luminous-vivid-orange-background-color\" href=\"https:\/\/www.cases.pt\/voluntariado\/covid-19\/\">Es por aqu\u00ed<\/a><\/div>\n","protected":false},"excerpt":{"rendered":"<p>Portugal Estamos recopilando aqu\u00ed&nbsp;mensajes,&nbsp;art\u00edculos, historias y referencias de iniciativas de econom\u00eda solidaria en respuesta a la crisis de la pandemia Covid19&nbsp;y sus consecuencias en toda Europa, para compartir e intercambiar [&hellip;]<\/p>\n","protected":false},"author":7618,"featured_media":0,"parent":0,"menu_order":0,"comment_status":"closed","ping_status":"closed","template":"","meta":{"_et_pb_use_builder":"","_et_pb_old_content":"","_et_gb_content_width":"","footnotes":""},"class_list":["post-6818","page","type-page","status-publish","hentry"],"_links":{"self":[{"href":"https:\/\/ripess.eu\/es\/wp-json\/wp\/v2\/pages\/6818","targetHints":{"allow":["GET"]}}],"collection":[{"href":"https:\/\/ripess.eu\/es\/wp-json\/wp\/v2\/pages"}],"about":[{"href":"https:\/\/ripess.eu\/es\/wp-json\/wp\/v2\/types\/page"}],"author":[{"embeddable":true,"href":"https:\/\/ripess.eu\/es\/wp-json\/wp\/v2\/users\/7618"}],"replies":[{"embeddable":true,"href":"https:\/\/ripess.eu\/es\/wp-json\/wp\/v2\/comments?post=6818"}],"version-history":[{"count":0,"href":"https:\/\/ripess.eu\/es\/wp-json\/wp\/v2\/pages\/6818\/revisions"}],"wp:attachment":[{"href":"https:\/\/ripess.eu\/es\/wp-json\/wp\/v2\/media?parent=6818"}],"curies":[{"name":"wp","href":"https:\/\/api.w.org\/{rel}","templated":true}]}}