{"id":6817,"date":"2020-04-03T14:49:07","date_gmt":"2020-04-03T12:49:07","guid":{"rendered":"https:\/\/www.ripess.eu\/?page_id=6817"},"modified":"2020-04-08T18:24:21","modified_gmt":"2020-04-08T16:24:21","slug":"espana","status":"publish","type":"page","link":"https:\/\/ripess.eu\/es\/espana\/","title":{"rendered":"Espa\u00f1a"},"content":{"rendered":"\n<h2 class=\"wp-block-heading\">Espa\u00f1a<\/h2>\n\n\n\n<p style=\"background-color:#fdff9b\" class=\"has-background\"> Estamos recopilando aqu\u00ed&nbsp;<strong>mensajes,<\/strong>&nbsp;<strong>art\u00edculos, historias y referencias de iniciativas de econom\u00eda solidaria en respuesta a la crisis de la pandemia Covid19<\/strong>&nbsp;y sus consecuencias en toda Europa, para compartir e intercambiar experiencias y esfuerzos de las redes miembros y otras organizaciones.&nbsp;<strong>Si desea contribuir, por favor escriba a : info@ripess.eu<\/strong> <\/p>\n\n\n\n<p class=\"has-background has-very-light-gray-background-color\"> <strong>REAS Red de redes \u2013&nbsp;<a href=\"https:\/\/docs.google.com\/spreadsheets\/d\/1-QlRMVacnbEsFFml_oMruhTFNQUMO77VA0Rww6oGvw8\/edit#gid=0&amp;fvid=259503354\">GUIA colaborativa&nbsp;<\/a>de iniciativas en Econom\u00eda Solidaria (ESS)<\/strong> <\/p>\n\n\n\n<div class=\"wp-block-image\"><figure class=\"aligncenter size-large is-resized\"><img loading=\"lazy\" decoding=\"async\" src=\"https:\/\/europe.ripess.rio20.net\/wp-content\/uploads\/sites\/4\/2020\/04\/REAS_COVID-19_BANNER_1X1-03_0.png\" alt=\"\" class=\"wp-image-6718\" width=\"404\" height=\"404\" srcset=\"https:\/\/ripess.eu\/wp-content\/uploads\/sites\/4\/2020\/04\/REAS_COVID-19_BANNER_1X1-03_0.png 480w, https:\/\/ripess.eu\/wp-content\/uploads\/sites\/4\/2020\/04\/REAS_COVID-19_BANNER_1X1-03_0-300x300.png 300w, https:\/\/ripess.eu\/wp-content\/uploads\/sites\/4\/2020\/04\/REAS_COVID-19_BANNER_1X1-03_0-90x90.png 90w\" sizes=\"(max-width: 404px) 100vw, 404px\" \/><\/figure><\/div>\n\n\n\n<p> <em>REAS Red de redes lanza una&nbsp;<strong><a href=\"https:\/\/docs.google.com\/spreadsheets\/d\/1-QlRMVacnbEsFFml_oMruhTFNQUMO77VA0Rww6oGvw8\/edit#gid=0&amp;fvid=259503354\">GUIA colaborativa y en construcci\u00f3n<\/a><\/strong>&nbsp;para mapear aquellas propuestas e iniciativas que se est\u00e1n articulando desde la Econom\u00eda Solidaria (ESS) y la ciudadan\u00eda para denunciar, resistir, y dar respuesta a la crisis del COVID-19.<\/em> <\/p>\n\n\n\n<div class=\"wp-block-button\"><a class=\"wp-block-button__link has-background has-luminous-vivid-amber-background-color\">leer m\u00e1s<\/a><\/div>\n\n\n\n<p><\/p>\n\n\n\n<p class=\"has-background has-very-light-gray-background-color\"><strong>Art\u00edculo del Saltodiario \u00bb \u00bfExiste vacuna contra la pandemia del capital?\u00bb<\/strong><\/p>\n\n\n\n<figure class=\"wp-block-image size-large\"><img loading=\"lazy\" decoding=\"async\" width=\"1024\" height=\"538\" src=\"https:\/\/europe.ripess.rio20.net\/wp-content\/uploads\/sites\/4\/2020\/04\/elsaltiodario-articulo-page-covid-esp-1024x538.jpg\" alt=\"\" class=\"wp-image-6902\" srcset=\"https:\/\/ripess.eu\/wp-content\/uploads\/sites\/4\/2020\/04\/elsaltiodario-articulo-page-covid-esp-1024x538.jpg 1024w, https:\/\/ripess.eu\/wp-content\/uploads\/sites\/4\/2020\/04\/elsaltiodario-articulo-page-covid-esp-300x158.jpg 300w, https:\/\/ripess.eu\/wp-content\/uploads\/sites\/4\/2020\/04\/elsaltiodario-articulo-page-covid-esp-768x403.jpg 768w, https:\/\/ripess.eu\/wp-content\/uploads\/sites\/4\/2020\/04\/elsaltiodario-articulo-page-covid-esp-1536x806.jpg 1536w, https:\/\/ripess.eu\/wp-content\/uploads\/sites\/4\/2020\/04\/elsaltiodario-articulo-page-covid-esp.jpg 2000w\" sizes=\"(max-width: 1024px) 100vw, 1024px\" \/><\/figure>\n\n\n\n<p>\u00ab<em>Ante las diversas crisis desatadas por el COVID&#8217;19, realizamos una lectura de la situaci\u00f3n en clave de Econom\u00eda Solidaria de la mano de nuestra Carta de principios. El presente texto es el marco introductorio de una<a rel=\"noreferrer noopener\" href=\"https:\/\/www.economiasolidaria.org\/guia-iniciativas-covid-19\" target=\"_blank\">\u00a0Gu\u00eda de Iniciativas de Econom\u00eda Solidaria<\/a>\u00a0que est\u00e1 promoviendo REAS Red de redes, para mostrar aquellas experiencias de denuncia, resistencia y construcci\u00f3n de alternativas que est\u00e1n teniendo lugar ante la actual crisis sanitaria, econ\u00f3mica y social. <\/em><\/p>\n\n\n\n<p> <em>Nos encontramos ante un momento convulso y lleno de incertidumbre, en una suerte de distop\u00eda sacada de un gui\u00f3n de cine. Ante este estado de alarma actual, intentamos encontrar pistas que nos ayuden a entender la situaci\u00f3n por la que est\u00e1n pasando la ciudadan\u00eda y el planeta; el coronavirus no entiende de fronteras y est\u00e1 m\u00e1s globalizado que nunca. Se vuelve por tanto urgente poder identificar las causas que nos han llevado hasta aqu\u00ed, para establecer las medidas necesarias y sentar las bases para salir de esta crisis -sanitaria, pero tambi\u00e9n econ\u00f3mica y social- y no volver a vernos sumidas en su curva.<\/em>\u00ab<\/p>\n\n\n\n<div class=\"wp-block-button\"><a class=\"wp-block-button__link has-background has-luminous-vivid-amber-background-color\" href=\"https:\/\/www.elsaltodiario.com\/mecambio\/existe-vacuna-contra-la-pandemia-del-capital\">leer el art\u00edculo<\/a><\/div>\n","protected":false},"excerpt":{"rendered":"<p>Espa\u00f1a Estamos recopilando aqu\u00ed&nbsp;mensajes,&nbsp;art\u00edculos, historias y referencias de iniciativas de econom\u00eda solidaria en respuesta a la crisis de la pandemia Covid19&nbsp;y sus consecuencias en toda Europa, para compartir e intercambiar [&hellip;]<\/p>\n","protected":false},"author":7618,"featured_media":0,"parent":0,"menu_order":0,"comment_status":"closed","ping_status":"closed","template":"","meta":{"_et_pb_use_builder":"","_et_pb_old_content":"","_et_gb_content_width":"","footnotes":""},"class_list":["post-6817","page","type-page","status-publish","hentry"],"_links":{"self":[{"href":"https:\/\/ripess.eu\/es\/wp-json\/wp\/v2\/pages\/6817","targetHints":{"allow":["GET"]}}],"collection":[{"href":"https:\/\/ripess.eu\/es\/wp-json\/wp\/v2\/pages"}],"about":[{"href":"https:\/\/ripess.eu\/es\/wp-json\/wp\/v2\/types\/page"}],"author":[{"embeddable":true,"href":"https:\/\/ripess.eu\/es\/wp-json\/wp\/v2\/users\/7618"}],"replies":[{"embeddable":true,"href":"https:\/\/ripess.eu\/es\/wp-json\/wp\/v2\/comments?post=6817"}],"version-history":[{"count":0,"href":"https:\/\/ripess.eu\/es\/wp-json\/wp\/v2\/pages\/6817\/revisions"}],"wp:attachment":[{"href":"https:\/\/ripess.eu\/es\/wp-json\/wp\/v2\/media?parent=6817"}],"curies":[{"name":"wp","href":"https:\/\/api.w.org\/{rel}","templated":true}]}}