{"id":6442,"date":"2020-02-19T18:06:12","date_gmt":"2020-02-19T17:06:12","guid":{"rendered":"http:\/\/www.ripess.eu\/busse-construyendo-la-ess\/"},"modified":"2021-02-22T15:43:00","modified_gmt":"2021-02-22T14:43:00","slug":"busse-construyendo-la-ess","status":"publish","type":"page","link":"https:\/\/ripess.eu\/es\/busse-construyendo-la-ess\/","title":{"rendered":"BUSSE &#8211; Construyendo la ESS"},"content":{"rendered":"\r\n<p>BUSSE es un proyecto Erasmus+ para difundir los conocimientos y pr\u00e1cticas de la ESS en Europa central y oriental. El impacto global que queremos lograr a trav\u00e9s de este proyecto es una contribuci\u00f3n a la optimizaci\u00f3n de las habilidades y conocimientos en ESS y su potencial de transformaci\u00f3n.<\/p>\r\n\r\n\r\n\r\n<p><strong>OBJETIVOS<\/strong><\/p>\r\n\r\n\r\n\r\n<p>Este programa de educaci\u00f3n informal est\u00e1 dirigido a personas y organizaciones interesadas en la ESS en Europa Central y del Este. Se centra en aspectos importantes de la ESS a nivel regional mediante la elaboraci\u00f3n y el ensayo de materiales educativos e instrumentos de formaci\u00f3n. El programa tiene previsto realizar actividades encaminadas a desarrollar la capacidad de los participantes y otros grupos destinatarios, mediante la capacitaci\u00f3n, la difusi\u00f3n de los conocimientos y aptitudes adquiridos y los instrumentos elaborados durante el programa.<\/p>\r\n\r\n\r\n\r\n<p><strong>SOCIOS<\/strong><\/p>\r\n\r\n\r\n\r\n<ul class=\"wp-block-list\">\r\n<li>Ekumenicka\u0301 akademie (Praga, Rep\u00fablica Checa)<\/li>\r\n<li>Stowarzyszenie Kooperatywa Spoz\u0307ywcza \u00abDobrze\u00bb (Varsovia, Polonia)<\/li>\r\n<li>Utopia (Bratislava, Eslovaquia)<\/li>\r\n<li>Katholische Sozialakademie O\u0308sterreichs (Viena, Austria)<\/li>\r\n<li>RIPESS EUROPE (Red Europea de la ESS)<\/li>\r\n<\/ul>\r\n\r\n\r\n\r\n<p><strong>PARTICIPANTES EN M\u00d3DULOS DE FORMACI\u00d3N Y EVENTOS MULTIPLICADORES<\/strong><\/p>\r\n\r\n\r\n\r\n<p>Para los profesionales que quieran involucrarse en la ESS &#8211; mediante la creaci\u00f3n de su propia empresa de ESS, la puesta en marcha o la iniciativa sin \u00e1nimo de lucro &#8211; se mejorar\u00e1n los conocimientos sobre la ESS, as\u00ed como las habilidades pr\u00e1cticas de la ESS. Otros participantes : Multiplicadores y aliados, personas de m\u00f3dulos de formaci\u00f3n y eventos multiplicadores &#8211; instituciones locales, ONG, acad\u00e9micos y otros grupos informales<\/p>\r\n\r\n\r\n\r\n<p><strong>M\u00d3DULOS DE FORMACI\u00d3N<\/strong><\/p>\r\n\r\n\r\n\r\n<ol class=\"wp-block-list\">\r\n<li>Establecimiento y transformaci\u00f3n en una iniciativa de ESS<\/li>\r\n<li>La construcci\u00f3n de la comunidad dentro de la ESS<\/li>\r\n<li>Principios de la ESS en las cooperativas<\/li>\r\n<li>La ESS en la pr\u00e1ctica basada en los valores de la soberan\u00eda alimentaria<\/li>\r\n<\/ol>\r\n\r\n\r\n\r\n<p><strong>MATERIALES<\/strong><\/p>\r\n\r\n\r\n\r\n<p>Se van a producir los siguentes materiales con el fin de apoyar y formar:<\/p>\r\n\r\n\r\n\r\n<ul class=\"wp-block-list\">\r\n<li>Folleto de apoyo para estudiantes adultos en 5 idiomas (CZ, SK, DE, PL y EN)<\/li>\r\n<\/ul>\r\n\r\n\r\n\r\n<ul class=\"wp-block-list\">\r\n<li>Info-pack para entrenadores y promotores de la ESS en 5 idiomas.<\/li>\r\n<\/ul>\r\n\r\n\r\n\r\n<ul class=\"wp-block-list\">\r\n<li>Medios de comunicaci\u00f3n (presentaciones, carteles y gr\u00e1ficos inform\u00e1ticos vinculados a otro material visual en los 5 idiomas)<\/li>\r\n<\/ul>\r\n\r\n\r\n\r\n<p>Para obtener m\u00e1s informaci\u00f3n, p\u00f3ngase en contacto con: info@ripess.eu<\/p>\r\n","protected":false},"excerpt":{"rendered":"<p>BUSSE es un proyecto Erasmus+ para difundir los conocimientos y pr\u00e1cticas de la ESS en Europa central y oriental. El impacto global que queremos lograr a trav\u00e9s de este proyecto [&hellip;]<\/p>\n","protected":false},"author":1,"featured_media":6437,"parent":0,"menu_order":0,"comment_status":"closed","ping_status":"closed","template":"","meta":{"_et_pb_use_builder":"","_et_pb_old_content":"","_et_gb_content_width":"","footnotes":""},"class_list":["post-6442","page","type-page","status-publish","has-post-thumbnail","hentry"],"_links":{"self":[{"href":"https:\/\/ripess.eu\/es\/wp-json\/wp\/v2\/pages\/6442","targetHints":{"allow":["GET"]}}],"collection":[{"href":"https:\/\/ripess.eu\/es\/wp-json\/wp\/v2\/pages"}],"about":[{"href":"https:\/\/ripess.eu\/es\/wp-json\/wp\/v2\/types\/page"}],"author":[{"embeddable":true,"href":"https:\/\/ripess.eu\/es\/wp-json\/wp\/v2\/users\/1"}],"replies":[{"embeddable":true,"href":"https:\/\/ripess.eu\/es\/wp-json\/wp\/v2\/comments?post=6442"}],"version-history":[{"count":0,"href":"https:\/\/ripess.eu\/es\/wp-json\/wp\/v2\/pages\/6442\/revisions"}],"wp:featuredmedia":[{"embeddable":true,"href":"https:\/\/ripess.eu\/es\/wp-json\/wp\/v2\/media\/6437"}],"wp:attachment":[{"href":"https:\/\/ripess.eu\/es\/wp-json\/wp\/v2\/media?parent=6442"}],"curies":[{"name":"wp","href":"https:\/\/api.w.org\/{rel}","templated":true}]}}