{"id":5286,"date":"2019-05-27T19:30:17","date_gmt":"2019-05-27T17:30:17","guid":{"rendered":"http:\/\/www.ripess.eu\/8a-asamblea-general-lyon-2019\/"},"modified":"2019-06-04T09:47:04","modified_gmt":"2019-06-04T07:47:04","slug":"8a-asamblea-general-lyon-2019","status":"publish","type":"page","link":"https:\/\/ripess.eu\/es\/8a-asamblea-general-lyon-2019\/","title":{"rendered":"8\u00aa Asamblea General &#8211; Lyon 2019"},"content":{"rendered":"\n<h1 class=\"wp-block-heading\" style=\"text-align:center\">8\u00aa Asamblea General &#8211; Lyon 2019<\/h1>\n\n<p>Este a\u00f1o, la RIPESS Europe GA se celebrar\u00e1 conjuntamente con una reuni\u00f3n sobre <strong>Ciudades y ESS<\/strong> (4 de julio) organizada conjuntamente con la Ciudad de Lyon y RTES, seguida de una velada con el Sello de Lyon \u00ab<a href=\"https:\/\/www.lyon.fr\/node\/3395\">Ville \u00e9quitable et durable\u00bb<\/a> y los <a href=\"https:\/\/dialoguesenhumanite.org\/\">Dialogues en humanit\u00e9<\/a> (del 5 al 7 de julio).<\/p>\n\n<p>La Asamblea General de RIPESS Europe tendr\u00e1 lugar del <strong>5 al 6 de julio<\/strong> en las salas del Ayuntamiento del 4\u00ba distrito. Los miembros tambi\u00e9n tendr\u00e1n la oportunidad de v<strong>isitar las iniciativas locales de ESS en los distritos de Lyon<\/strong> y participar en los intercambios y actividades de los Dialogues en Humanit\u00e9.<\/p>\n\n<p>En cuanto a las diversas actividades llevadas a cabo por nuestros miembros en el marco de la promoci\u00f3n de la Econom\u00eda Solidaria, se trata de aunar nuestros esfuerzos para reforzar la Econom\u00eda Solidaria en Europa.<\/p>\n\n<p><strong>Confirme su participaci\u00f3n registr\u00e1ndose <a href=\"http:\/\/europe.ripess.rio20.net\/?lang=en\/eforms\/ga2019-registration\/14\/\">aqu\u00ed.<\/a><\/strong><\/p>\n\n<p>Si no puede asistir en persona, puede delegar a otro miembro para que lo represente completando y envi\u00e1ndonos el poder de voto.<\/p>\n\n<p>Si tiene alguna pregunta o duda, no dude en ponerse en contacto con nosotros en <strong>info@ripess.eu<\/strong><\/p>\n","protected":false},"excerpt":{"rendered":"<p>8\u00aa Asamblea General &#8211; Lyon 2019 Este a\u00f1o, la RIPESS Europe GA se celebrar\u00e1 conjuntamente con una reuni\u00f3n sobre Ciudades y ESS (4 de julio) organizada conjuntamente con la Ciudad [&hellip;]<\/p>\n","protected":false},"author":1,"featured_media":5215,"parent":0,"menu_order":0,"comment_status":"closed","ping_status":"closed","template":"","meta":{"_et_pb_use_builder":"","_et_pb_old_content":"","_et_gb_content_width":"","footnotes":""},"class_list":["post-5286","page","type-page","status-publish","has-post-thumbnail","hentry"],"_links":{"self":[{"href":"https:\/\/ripess.eu\/es\/wp-json\/wp\/v2\/pages\/5286","targetHints":{"allow":["GET"]}}],"collection":[{"href":"https:\/\/ripess.eu\/es\/wp-json\/wp\/v2\/pages"}],"about":[{"href":"https:\/\/ripess.eu\/es\/wp-json\/wp\/v2\/types\/page"}],"author":[{"embeddable":true,"href":"https:\/\/ripess.eu\/es\/wp-json\/wp\/v2\/users\/1"}],"replies":[{"embeddable":true,"href":"https:\/\/ripess.eu\/es\/wp-json\/wp\/v2\/comments?post=5286"}],"version-history":[{"count":0,"href":"https:\/\/ripess.eu\/es\/wp-json\/wp\/v2\/pages\/5286\/revisions"}],"wp:featuredmedia":[{"embeddable":true,"href":"https:\/\/ripess.eu\/es\/wp-json\/wp\/v2\/media\/5215"}],"wp:attachment":[{"href":"https:\/\/ripess.eu\/es\/wp-json\/wp\/v2\/media?parent=5286"}],"curies":[{"name":"wp","href":"https:\/\/api.w.org\/{rel}","templated":true}]}}