{"id":3851,"date":"2018-05-15T17:40:32","date_gmt":"2018-05-15T15:40:32","guid":{"rendered":"http:\/\/www.ripess.eu\/programa\/"},"modified":"2018-05-23T19:00:39","modified_gmt":"2018-05-23T17:00:39","slug":"programa-7a-asemblea-general-zagreb","status":"publish","type":"page","link":"https:\/\/ripess.eu\/es\/7a-asamblea-general-zagreb-2018\/programa-7a-asemblea-general-zagreb\/","title":{"rendered":"Programa de la 7a Asamblea General &#8211; Zagreb"},"content":{"rendered":"<h2 style=\"text-align: center;\"><strong>PROGRAMA<\/strong><\/h2>\n<h4><strong>VIERNES 15 DE JUNIO<\/strong><\/h4>\n<p>La <a href=\"https:\/\/www.zmag.hr\/5kde\"><strong>Conferencia Good Economy<\/strong><\/a>\u00a0tendr\u00e1 lugar\u00a0en el <strong>antiguo cine Kino Tuskanac<\/strong>\u00a0y todos los miembros de RIPESS Europe est\u00e1n invitados a participar.<\/p>\n<p><strong>Lugar<\/strong>\u00a0:\u00a0<a href=\"https:\/\/www.google.com\/maps\/place\/Tu%C5%A1kanac\/@45.8156877,15.9670435,16z\/data=!4m8!1m2!2m1!1sTu%C5%A1kanac+1,+10000+Zagreb+kino!3m4!1s0x0:0xed7bf57ce44697e8!8m2!3d45.8154784!4d15.9694675\">Tu\u0161kanac 1, 10000 Zagreb<\/a>\u00a0en<strong>\u00a0Kino Tuskanac<\/strong><\/p>\n<p>&nbsp;<\/p>\n<p>9:00 a.m. traslado al lugar de la Conferencia<br \/>\n10:00 a.m. apertura de la Conferencia The Good Economy (<a href=\"https:\/\/www.zmag.hr\/5kde\">ver el programa<\/a>)<br \/>\n1:00 p.m. Almuerzo<br \/>\n5:00 pm \u00a1Traslado a la granja de Zmag en Vukomeric para la visita y la cena!<br \/>\n11:00 p.m. regreso a Zagreb<\/p>\n<p>&nbsp;<\/p>\n<h4><strong>SABADO 16 DE JUNIO<\/strong><\/h4>\n<p>La <strong>Asamblea General del RIPESS Europe<\/strong> tendr\u00e1 lugar en la Escuela Titu\u0161a Brezova\u010dkog en <strong>Zagreb<\/strong> los d\u00edas <strong>16 y 17 de junio de 2018<\/strong>.<\/p>\n<p><strong>Lugar<\/strong>:\u00a0\u00a0<a href=\"https:\/\/www.google.fr\/maps\/place\/Habdeli%C4%87eva\/@45.815905,15.9709626,16z\/data=!4m5!3m4!1s0x4765d70294ba431d:0x52d7475386cfac55!8m2!3d45.815905!4d15.97534\">Habdeli\u0107eva 1, 10000 Zagreb<\/a>. en el Gimnazija Titu\u0161a Brezova\u010dkog.<\/p>\n<p>9:00 a.m. transferencia a la sede de la Asamblea General<br \/>\n9:30 a.m. Apertura de la Asamblea General<br \/>\n10:00 a.m. Presentacion del Informe de actividad, discusi\u00f3n sobre el Plan de Acci\u00f3n<br \/>\n11a.m. Coffee break<br \/>\n11:30 a.m.\u00a0Primera sesi\u00f3n \/ Grupos de trabajo sobre la estrategia RIPESS<br \/>\n1pm Almuerzo<br \/>\n2:30 p.m. Segunda sesi\u00f3n \/ grupos de trabajo \/ actividad de cooperaci\u00f3n mutua<br \/>\n4:00 p.m. Coffee break<br \/>\n4:30-6:00 p.m.\u00a0Elecciones estatutarias, presentaci\u00f3n y validaci\u00f3n del Informe financiero y el presupuesto provisional<br \/>\n6:15-7:30 p.m. Reuni\u00f3n del Comit\u00e9 de Coordinaci\u00f3n<br \/>\n8:30 p.m. Cena<br \/>\n10:00 p.m. Actividades conviviales<\/p>\n<p>&nbsp;<\/p>\n<h4><strong>DOMINGO 17 DE JUNIO<\/strong><\/h4>\n<p>Secondo dia del Asamblea General del RIPESS Europe<\/p>\n<p><strong>Lugar<\/strong>\u00a0:\u00a0<a href=\"https:\/\/www.google.fr\/maps\/place\/Habdeli%C4%87eva\/@45.815905,15.9709626,16z\/data=!4m5!3m4!1s0x4765d70294ba431d:0x52d7475386cfac55!8m2!3d45.815905!4d15.97534\">Habdeli\u0107eva 1, 10000 Zagreb<\/a>. en\u00a0<strong>Gimnazija Titu\u0161a Brezova\u010dkog<\/strong>.<\/p>\n<p>9:00 a.m. Transferencia a la sede de la Asamblea General<br \/>\n9:30-11:30 p.m. &#8211;\u00a0mapear nuestras nuevas acciones, trabajar sus los redes de nuestro futuro<\/p>\n","protected":false},"excerpt":{"rendered":"<p>PROGRAMA VIERNES 15 DE JUNIO La Conferencia Good Economy\u00a0tendr\u00e1 lugar\u00a0en el antiguo cine Kino Tuskanac\u00a0y todos los miembros de RIPESS Europe est\u00e1n invitados a participar. Lugar\u00a0:\u00a0Tu\u0161kanac 1, 10000 Zagreb\u00a0en\u00a0Kino Tuskanac [&hellip;]<\/p>\n","protected":false},"author":7577,"featured_media":3844,"parent":3806,"menu_order":0,"comment_status":"closed","ping_status":"closed","template":"","meta":{"_et_pb_use_builder":"","_et_pb_old_content":"","_et_gb_content_width":"","footnotes":""},"class_list":["post-3851","page","type-page","status-publish","has-post-thumbnail","hentry"],"_links":{"self":[{"href":"https:\/\/ripess.eu\/es\/wp-json\/wp\/v2\/pages\/3851","targetHints":{"allow":["GET"]}}],"collection":[{"href":"https:\/\/ripess.eu\/es\/wp-json\/wp\/v2\/pages"}],"about":[{"href":"https:\/\/ripess.eu\/es\/wp-json\/wp\/v2\/types\/page"}],"author":[{"embeddable":true,"href":"https:\/\/ripess.eu\/es\/wp-json\/wp\/v2\/users\/7577"}],"replies":[{"embeddable":true,"href":"https:\/\/ripess.eu\/es\/wp-json\/wp\/v2\/comments?post=3851"}],"version-history":[{"count":0,"href":"https:\/\/ripess.eu\/es\/wp-json\/wp\/v2\/pages\/3851\/revisions"}],"up":[{"embeddable":true,"href":"https:\/\/ripess.eu\/es\/wp-json\/wp\/v2\/pages\/3806"}],"wp:featuredmedia":[{"embeddable":true,"href":"https:\/\/ripess.eu\/es\/wp-json\/wp\/v2\/media\/3844"}],"wp:attachment":[{"href":"https:\/\/ripess.eu\/es\/wp-json\/wp\/v2\/media?parent=3851"}],"curies":[{"name":"wp","href":"https:\/\/api.w.org\/{rel}","templated":true}]}}