{"id":3808,"date":"2018-05-02T17:57:55","date_gmt":"2018-05-02T15:57:55","guid":{"rendered":"http:\/\/www.ripess.eu\/?page_id=3808"},"modified":"2023-08-03T15:45:17","modified_gmt":"2023-08-03T13:45:17","slug":"cuota-de-afiliacion","status":"publish","type":"page","link":"https:\/\/ripess.eu\/es\/gobernanza\/cuota-de-afiliacion\/","title":{"rendered":"Pago de la cuota de membres\u00eda"},"content":{"rendered":"<p>Como miembro de la red europea, se espera que las organizaciones contribuyan a apoyar las actividades de la red con una cuota anual de membres\u00eda de al menos 100,00 euros. Se alienta a las organizaciones o redes m\u00e1s grandes a contribuir m\u00e1s.<\/p>\n<p>Puede pagar la cuota por transferencia bancaria a:<\/p>\n<p><strong>RIPESS Europe asbl<\/strong><br \/>\nBanco: <strong>Banca Etica \u2013 Italia<\/strong><br \/>\nIBAN: <strong>IT77S0501802800000011664091<\/strong><br \/>\nBIC\/SWIFT: <strong>ETICIT22XXX<\/strong><\/p>\n","protected":false},"excerpt":{"rendered":"<p>Como miembro de la red europea, se espera que las organizaciones contribuyan a apoyar las actividades de la red con una cuota anual de membres\u00eda de al menos 100,00 euros. [&hellip;]<\/p>\n","protected":false},"author":1,"featured_media":0,"parent":2777,"menu_order":0,"comment_status":"closed","ping_status":"closed","template":"","meta":{"_et_pb_use_builder":"","_et_pb_old_content":"","_et_gb_content_width":"","footnotes":""},"class_list":["post-3808","page","type-page","status-publish","hentry"],"_links":{"self":[{"href":"https:\/\/ripess.eu\/es\/wp-json\/wp\/v2\/pages\/3808","targetHints":{"allow":["GET"]}}],"collection":[{"href":"https:\/\/ripess.eu\/es\/wp-json\/wp\/v2\/pages"}],"about":[{"href":"https:\/\/ripess.eu\/es\/wp-json\/wp\/v2\/types\/page"}],"author":[{"embeddable":true,"href":"https:\/\/ripess.eu\/es\/wp-json\/wp\/v2\/users\/1"}],"replies":[{"embeddable":true,"href":"https:\/\/ripess.eu\/es\/wp-json\/wp\/v2\/comments?post=3808"}],"version-history":[{"count":0,"href":"https:\/\/ripess.eu\/es\/wp-json\/wp\/v2\/pages\/3808\/revisions"}],"up":[{"embeddable":true,"href":"https:\/\/ripess.eu\/es\/wp-json\/wp\/v2\/pages\/2777"}],"wp:attachment":[{"href":"https:\/\/ripess.eu\/es\/wp-json\/wp\/v2\/media?parent=3808"}],"curies":[{"name":"wp","href":"https:\/\/api.w.org\/{rel}","templated":true}]}}