{"id":3806,"date":"2018-05-02T11:35:15","date_gmt":"2018-05-02T09:35:15","guid":{"rendered":"http:\/\/www.ripess.eu\/7a-asamblea-general-zagreb-2018\/"},"modified":"2018-05-22T12:38:24","modified_gmt":"2018-05-22T10:38:24","slug":"7a-asamblea-general-zagreb-2018","status":"publish","type":"page","link":"https:\/\/ripess.eu\/es\/7a-asamblea-general-zagreb-2018\/","title":{"rendered":"7a Asamblea General &#8211; Zagreb 2018"},"content":{"rendered":"<h2 lang=\"es-AR\" style=\"text-align: center;\" align=\"justify\">7a Asamblea General &#8211; Zagreb 2018<\/h2>\n<p>La <a href=\"https:\/\/www.zmag.hr\/5kde\"><strong>Conferencia Good Economy<\/strong>\u00a0<\/a>tendr\u00e1 lugar\u00a0en el <strong>antiguo cine Kino Tuskanac<\/strong> (Zagreb, Croacia) el <strong>15 de junio de 2018<\/strong> y todos los miembros de RIPESS Europe est\u00e1n invitados a participar.<\/p>\n<p>La <strong>Asamblea General del RIPESS Europe<\/strong> tendr\u00e1 lugar en la Escuela Titu\u0161a Brezova\u010dkog en <strong>Zagreb<\/strong> los d\u00edas <strong>16 y 17 de junio de 2018<\/strong>.<\/p>\n<p>Ver <a href=\"http:\/\/europe.ripess.rio20.net\/?lang=en\/es\/7a-asamblea-general-zagreb-2018\/programa-7a-asemblea-general-zagreb\/\">el programa aqui.<\/a><\/p>\n<p style=\"text-align: left;\"><span id=\"tran0\">Esta AG ser\u00e1 la ocasi\u00f3n de concretar la actualidad de cada uno de nuestros miembros y de organizar nuestras fuerzas para hacer progresar la din\u00e1mica de la Econom\u00eda Solidaria en Europa.<\/span><\/p>\n<h4 style=\"text-align: center;\"><strong><span id=\"tran1\">El s\u00e1bado, 16 y Domingo, 17 de junio de 2018<br \/>\n<\/span><span id=\"tran1\">de las 9h00 a las 16h30<\/span><\/strong><\/h4>\n<p><span id=\"tran2\">El encuentro se concentrar\u00e1 sobre el papel y las estrategias de la Red europea, 7 a\u00f1os despu\u00e9s de su fundaci\u00f3n. Se esperan a nuevos miembros de la red, de diferentes pa\u00edses europeos, as\u00ed como a invitados de otras redes y organizaciones.<\/span><\/p>\n<p><span id=\"tran3\">Para participar, gracias por <a href=\"http:\/\/europe.ripess.rio20.net\/?lang=en\/eforms\/ga2018-registration\/13\/\">registrarse en l\u00ednea aqu\u00ed<\/a>. (El n\u00famero de sitios\u00a0 en el hostal est\u00e1 limitado).<\/span><\/p>\n<p>Si usted se encuebtra en la situaci\u00f3n de no poder asistir a la Asamblea en persona, usted tiene la posibilidad de delegar\u00a0su voto a otro miembro, llenando y envi\u00e1ndonos la carta poder : <a href=\"https:\/\/europe.ripess.rio20.net\/wp-content\/uploads\/sites\/4\/2018\/05\/GA2018-PODER_ES.odt\">GA2018-PODER_ES<\/a><span id=\"tran0\"><\/span><\/p>\n<p>Para cualquier consulta o duda, no dude en ponerse en contacto con nosotros en\u00a0<a style=\"font-style: inherit; font-weight: inherit;\" href=\"mailto:info@ripess.eu\">info@ripess.eu<\/a><\/p>\n","protected":false},"excerpt":{"rendered":"<p>7a Asamblea General &#8211; Zagreb 2018 La Conferencia Good Economy\u00a0tendr\u00e1 lugar\u00a0en el antiguo cine Kino Tuskanac (Zagreb, Croacia) el 15 de junio de 2018 y todos los miembros de RIPESS [&hellip;]<\/p>\n","protected":false},"author":7577,"featured_media":340526,"parent":0,"menu_order":0,"comment_status":"closed","ping_status":"closed","template":"","meta":{"_et_pb_use_builder":"on","_et_pb_old_content":"","_et_gb_content_width":"","footnotes":""},"class_list":["post-3806","page","type-page","status-publish","has-post-thumbnail","hentry"],"_links":{"self":[{"href":"https:\/\/ripess.eu\/es\/wp-json\/wp\/v2\/pages\/3806","targetHints":{"allow":["GET"]}}],"collection":[{"href":"https:\/\/ripess.eu\/es\/wp-json\/wp\/v2\/pages"}],"about":[{"href":"https:\/\/ripess.eu\/es\/wp-json\/wp\/v2\/types\/page"}],"author":[{"embeddable":true,"href":"https:\/\/ripess.eu\/es\/wp-json\/wp\/v2\/users\/7577"}],"replies":[{"embeddable":true,"href":"https:\/\/ripess.eu\/es\/wp-json\/wp\/v2\/comments?post=3806"}],"version-history":[{"count":0,"href":"https:\/\/ripess.eu\/es\/wp-json\/wp\/v2\/pages\/3806\/revisions"}],"wp:featuredmedia":[{"embeddable":true,"href":"https:\/\/ripess.eu\/es\/wp-json\/wp\/v2\/media\/340526"}],"wp:attachment":[{"href":"https:\/\/ripess.eu\/es\/wp-json\/wp\/v2\/media?parent=3806"}],"curies":[{"name":"wp","href":"https:\/\/api.w.org\/{rel}","templated":true}]}}