{"id":3494,"date":"2018-01-25T11:07:53","date_gmt":"2018-01-25T09:07:53","guid":{"rendered":"http:\/\/www.ripess.eu\/medios-alternativos-y-ess\/2-encuentro-de-los-medios-independientes-cooperativos-y-alternativos-y-la-ess-paris-9-11-febrero-2018\/agenda-del-2encuentro-de-medios-independientes-y-ess\/"},"modified":"2018-01-26T12:36:22","modified_gmt":"2018-01-26T10:36:22","slug":"agenda-del-2encuentro-de-medios-independientes-y-ess","status":"publish","type":"page","link":"https:\/\/ripess.eu\/es\/medios-alternativos-y-ess\/2-encuentro-de-los-medios-independientes-cooperativos-y-alternativos-y-la-ess-paris-9-11-febrero-2018\/agenda-del-2encuentro-de-medios-independientes-y-ess\/","title":{"rendered":"Agenda del 2\u00b0encuentro de Medios independientes y ESS"},"content":{"rendered":"<p>(borrador)<\/p>\n<h4>Cu\u00e1ndo : 9 al 11 de febrero 2018<\/h4>\n<h4>D\u00f3nde : <a href=\"http:\/\/www.bergerie-villarceaux.org\/index.php?page=english\">La Bergerie de Villarceaux<\/a> (cerca de Par\u00eds)<\/h4>\n<h3 style=\"text-align: center;\"><span style=\"color: #993300;\">Informaci\u00f3n log\u00edstica<\/span><\/h3>\n<p><strong>Llegada:<\/strong><\/p>\n<p>Llegar a la Bergerie : http:\/\/www.bergerie-villarceaux.org\/index.php?page=se-rendre-a-la-bergerie]<\/p>\n<p>Desde los aeropuertos : https:\/\/www.about-paris.com\/paris-airports.htm<\/p>\n<p>@ 14:00 encontrarse en Par\u00eds donde vamos a tomar el RER A hasta la \u00faltima estaci\u00f3n Cergy-le-Haut (plan del RER A <img decoding=\"async\" src=\"http:\/\/www.paris-metro-map.info\/wp-content\/uploads\/RER-A.png\" \/><\/p>\n<p>@ 15:30 Encontrarse en la estaci\u00f3n RER A Cergy-le-Haut<\/p>\n<p>@ 15:45 bus hacia Villarceaux<\/p>\n<p>La llegada a la Bergerie est\u00e2 prevista para 16h30, tendr\u00e1n algun tiempo para instalarse antes de empezar.<\/p>\n<p><strong>Partida<\/strong><\/p>\n<p>Saldremos de la Bergerie en bus, luego en RER A el domingo 11 de febrero a las 14:00. estar\u00e1n en Par\u00eds Centro a lo m\u00e1s tardar a las 16:00.<\/p>\n<p>&nbsp;<\/p>\n<h3 style=\"text-align: center;\"><span style=\"color: #993300;\">Programa<\/span><\/h3>\n<h4><em>Viernes 9 de febrero<\/em><\/h4>\n<h4>D\u00f3nde estamos y ad\u00f3nde vamos<\/h4>\n<div id=\"magicdomid47\" style=\"padding-left: 60px;\"><strong>17:00 a 19:15<\/strong><\/div>\n<div id=\"magicdomid49\" style=\"padding-left: 60px;\"><\/div>\n<div id=\"magicdomid50\" style=\"padding-left: 60px;\">Abertura<\/div>\n<div id=\"magicdomid51\" style=\"padding-left: 60px;\"><\/div>\n<div id=\"magicdomid52\" style=\"padding-left: 60px;\">&gt; Introducci\u00f3n (15m)<\/div>\n<div id=\"magicdomid53\" style=\"padding-left: 60px;\"><\/div>\n<div id=\"magicdomid54\" style=\"padding-left: 60px;\">&gt; D\u00f3nde estamos: posicionar nuestra iniciativa (45m)<\/div>\n<div id=\"magicdomid55\" style=\"padding-left: 60px;\"><\/div>\n<div id=\"magicdomid56\" style=\"padding-left: 60px;\">\n<p style=\"padding-left: 60px;\">C\u00f3mo trabajamos<\/p>\n<\/div>\n<div id=\"magicdomid58\" style=\"padding-left: 60px;\">\n<p style=\"padding-left: 60px;\">Con qui\u00e9n<\/p>\n<\/div>\n<div id=\"magicdomid60\" style=\"padding-left: 60px;\">\n<p style=\"padding-left: 60px;\">Qui\u00e9n es nuestro p\u016bblico \/ stakeholders<\/p>\n<\/div>\n<div id=\"magicdomid62\" style=\"padding-left: 60px;\">\n<p style=\"padding-left: 60px;\">Cu\u00e1l es nuestro modelo econ\u00f3mico \/ business model<\/p>\n<\/div>\n<div id=\"magicdomid64\" style=\"padding-left: 60px;\">\n<p style=\"padding-left: 60px;\">Tenemos una perspectiva europea?<\/p>\n<\/div>\n<div id=\"magicdomid65\" style=\"padding-left: 60px;\"><\/div>\n<div id=\"magicdomid67\" style=\"padding-left: 60px;\">&gt; Dividir entre 3 grupos (30m)<\/div>\n<p style=\"padding-left: 60px;\">Qu\u00e9 queremos compartir \/ hacer juntos<br \/>\nQu\u00e9 necesitamos \/ esperamos de la iniciativa de puesta en red<\/p>\n<div id=\"magicdomid73\" style=\"padding-left: 60px;\">&gt; Dar cuenta (30m)<\/div>\n<div id=\"magicdomid74\" style=\"padding-left: 60px;\"><\/div>\n<div id=\"magicdomid76\" style=\"padding-left: 60px;\"><strong>19:30 Comida<\/strong><\/div>\n<div id=\"magicdomid77\" style=\"padding-left: 60px;\"><\/div>\n<div style=\"padding-left: 60px;\">Presentaciones de 10\u2019 durante la comida<\/div>\n<div id=\"magicdomid79\" style=\"padding-left: 60px;\"><\/div>\n<div id=\"magicdomid81\" style=\"padding-left: 60px;\">21:00. Actividades sociales y muro de puesta en redl<\/div>\n<div><\/div>\n<h4><em><b style=\"margin: 0px; padding: 0px;\">S\u00e1bado 10 de febrero<\/b><\/em><\/h4>\n<p><strong>8:00 a 9:00 Desayuno<\/strong><\/p>\n<h4>Ideas concretas para iniciar el trabajo conjunto. C\u00f3mo lograr nuestros objetivos?<\/h4>\n<p style=\"padding-left: 90px;\"><strong>9:00 a 10:30 Definir los objetivos comunes<\/strong><\/p>\n<div id=\"magicdomid95\">\n<p style=\"padding-left: 90px;\">Construir \/ confirmar la agenda en conjunto<br \/>\nAnalizar las distintas necesidades y perspectivas que han surgido<br \/>\nDecidir objetivos generales y espec\u00edficos\u00a0 para el espacio de puesta en red<br \/>\nDiscusi\u00f3n\u00a0 y objetivos finales<br \/>\nC\u00f3mo lograr estos objetivos? Trabajar en 3 grupos<\/p>\n<p style=\"padding-left: 90px;\"><b style=\"margin: 0px; padding: 0px;\">10:30 Pausa<\/b><\/p>\n<p style=\"padding-left: 90px;\"><strong>11:00 a 12:00<\/strong>\u00a0 <strong>Decidir las prioridades\u00a0 y la lista de cosas por hacer en colaboraciones concretas.<\/strong><\/p>\n<p style=\"padding-left: 90px;\"><strong>12:00 a 12:30<\/strong>\u00a0 <strong>Propuestas de los grupos. Puesta en com\u00fan.<\/strong><\/p>\n<p style=\"padding-left: 90px;\"><b style=\"margin: 0px; padding: 0px;\">12:30 a 14:00 Almuerzo<\/b><\/p>\n<p style=\"padding-left: 90px;\"><b style=\"margin: 0px; padding: 0px;\">14:00 a 16:00 Profundizar<\/b><\/p>\n<p style=\"padding-left: 90px;\">Trabajo en grupos sobre temas espec\u00edficos que han surgido<br \/>\nAnalizar las posibilidades en tiempo real de los miembros y c\u00f3mo obtener un presupuesto para ello.<br \/>\nEg. Modelos financieros \/ business models; connexiones con redes de ESS local \/ nacional; compartir contenidos, educaci\u00f3n a los medios de comunicaci\u00f3n, incidencia pol\u00edtica, etc.<\/p>\n<p style=\"padding-left: 90px;\"><b style=\"margin: 0px; padding: 0px;\">16:00 Pausa<\/b><\/p>\n<p style=\"padding-left: 90px;\"><b style=\"margin: 0px; padding: 0px;\">16:30 a 18:00 Juntar los puntos &#8211; puesta en com\u00fan<br \/>\n<\/b><\/p>\n<p style=\"padding-left: 90px;\">Definir las responsabilidades y el trabajo por hacer a partir de ahora<br \/>\nPresentaciones de los grupos y discusi\u00f3n sobre una agenda. com\u00fan<\/p>\n<p style=\"padding-left: 90px;\"><b style=\"margin: 0px; padding: 0px;\">19:30 Comida<br \/>\nPresentaciones de <\/b>10\u2019\u00a0 durante la comida<\/p>\n<p style=\"padding-left: 90px;\"><b style=\"margin: 0px; padding: 0px;\">21:00 Actividades sociales<br \/>\n<\/b><\/p>\n<\/div>\n<div><\/div>\n<h4><em><br \/>\nDomingo 11 de febrero<\/em><\/h4>\n<p><strong>8:00 a 9:00 Desayuno<\/strong><\/p>\n<h4>Puesta en red<\/h4>\n<div id=\"magicdomid144\" style=\"padding-left: 90px;\"><strong>9:00 el espacio de puesta en red: c\u00f3mo construirlo, c\u00f3mo hacerlo funcionar<br \/>\n<\/strong><\/div>\n<div id=\"magicdomid145\" style=\"padding-left: 90px;\"><\/div>\n<div id=\"magicdomid146\" style=\"padding-left: 90px;\">Herramientas existentes \/ recursos<\/div>\n<div id=\"magicdomid147\" style=\"padding-left: 90px;\"><\/div>\n<div id=\"magicdomid148\" style=\"padding-left: 90px;\">Herramientas necesarias \/ recursos<\/div>\n<div id=\"magicdomid149\" style=\"padding-left: 90px;\"><\/div>\n<div id=\"magicdomid150\" style=\"padding-left: 90px;\">Espacios de trabajo<\/div>\n<div id=\"magicdomid151\" style=\"padding-left: 90px;\"><\/div>\n<div id=\"magicdomid152\" style=\"padding-left: 90px;\"><strong>10:30 Pausa<\/strong><\/div>\n<div id=\"magicdomid153\" style=\"padding-left: 90px;\"><\/div>\n<div id=\"magicdomid154\" style=\"padding-left: 90px;\"><strong>11:00 Finalizar &#8211; pr\u00f3ximos encuentros, webinarios y proyectos<\/strong><\/div>\n<div id=\"magicdomid155\" style=\"padding-left: 90px;\"><\/div>\n<div id=\"magicdomid156\" style=\"padding-left: 90px;\"><strong>12:00 Clausura<\/strong><\/div>\n<div><\/div>\n<div style=\"padding-left: 90px;\"><b style=\"margin: 0px; padding: 0px;\">12:30 to 14:00 Almuerzo<\/b><\/div>\n","protected":false},"excerpt":{"rendered":"<p>(borrador) Cu\u00e1ndo : 9 al 11 de febrero 2018 D\u00f3nde : La Bergerie de Villarceaux (cerca de Par\u00eds) Informaci\u00f3n log\u00edstica Llegada: Llegar a la Bergerie : http:\/\/www.bergerie-villarceaux.org\/index.php?page=se-rendre-a-la-bergerie] Desde los aeropuertos [&hellip;]<\/p>\n","protected":false},"author":1,"featured_media":0,"parent":3492,"menu_order":0,"comment_status":"closed","ping_status":"closed","template":"","meta":{"_et_pb_use_builder":"","_et_pb_old_content":"","_et_gb_content_width":"","footnotes":""},"class_list":["post-3494","page","type-page","status-publish","hentry"],"_links":{"self":[{"href":"https:\/\/ripess.eu\/es\/wp-json\/wp\/v2\/pages\/3494","targetHints":{"allow":["GET"]}}],"collection":[{"href":"https:\/\/ripess.eu\/es\/wp-json\/wp\/v2\/pages"}],"about":[{"href":"https:\/\/ripess.eu\/es\/wp-json\/wp\/v2\/types\/page"}],"author":[{"embeddable":true,"href":"https:\/\/ripess.eu\/es\/wp-json\/wp\/v2\/users\/1"}],"replies":[{"embeddable":true,"href":"https:\/\/ripess.eu\/es\/wp-json\/wp\/v2\/comments?post=3494"}],"version-history":[{"count":0,"href":"https:\/\/ripess.eu\/es\/wp-json\/wp\/v2\/pages\/3494\/revisions"}],"up":[{"embeddable":true,"href":"https:\/\/ripess.eu\/es\/wp-json\/wp\/v2\/pages\/3492"}],"wp:attachment":[{"href":"https:\/\/ripess.eu\/es\/wp-json\/wp\/v2\/media?parent=3494"}],"curies":[{"name":"wp","href":"https:\/\/api.w.org\/{rel}","templated":true}]}}