{"id":3383,"date":"2017-11-24T11:47:27","date_gmt":"2017-11-24T09:47:27","guid":{"rendered":"http:\/\/www.ripess.eu\/webinario-politicas-publicas\/"},"modified":"2017-12-05T12:36:42","modified_gmt":"2017-12-05T10:36:42","slug":"webinario-politicas-publicas","status":"publish","type":"page","link":"https:\/\/ripess.eu\/es\/webinario-politicas-publicas\/","title":{"rendered":"Webinario : Pol\u00edticas p\u00fablicas"},"content":{"rendered":"<h3>Webinario : Pol\u00edticas p\u00fablicas &#8211; los desaf\u00edos de la econom\u00eda social y solidaria<\/h3>\n<div>El RIPESS Europa y sus miembros se enfrentan activamente al desaf\u00edo de co-construcci\u00f3n de las pol\u00edticas p\u00fablicas, al nivel nacional y europeo, para lograr un objetivo de inter\u00e9s general y de desarrollo de la ESS.<\/div>\n<div><\/div>\n<div>Tomando en cuenta la diversidad de los marcos de la acci\u00f3n p\u00fablica en los territorios, y de los distintos niveles de toma en cuenta de la ESS de acuerdo con el marco nacional, les proponemos un tiempo de trabajo, a distancia sobre el tema \u201cPol\u00edticas p\u00fablicas : los desaf\u00edos de la econom\u00eda social y solidaria\u201d. El objetivo es de facilitar nuestros trabajos comunes, compartir los an\u00e1lisis y los conceptos y elaborar un vocabulario com\u00fan.<\/div>\n<div><\/div>\n<div>El webinario est\u00e1 organizado en torno a aportes te\u00f3ricos y experiencias pr\u00e1cticas, intercambios y testimonios entre participantes, de manera de mejorar el interconocimiento entre lo.as participantes y forjar referencias comunes sobre t\u00f3picos ligados a las pol\u00edticas p\u00fablicas.<\/div>\n<div><\/div>\n<h4>Interlocutores<\/h4>\n<div>\n<p><strong><img loading=\"lazy\" decoding=\"async\" class=\"alignleft size-thumbnail wp-image-3375\" src=\"https:\/\/europe.ripess.rio20.net\/wp-content\/uploads\/sites\/4\/2017\/11\/Carlos-Askunze-90x90.jpg\" alt=\"\" width=\"90\" height=\"90\" srcset=\"https:\/\/ripess.eu\/wp-content\/uploads\/sites\/4\/2017\/11\/Carlos-Askunze-90x90.jpg 90w, https:\/\/ripess.eu\/wp-content\/uploads\/sites\/4\/2017\/11\/Carlos-Askunze.jpg 150w\" sizes=\"(max-width: 90px) 100vw, 90px\" \/>Carlos Askunze Elizaga<\/strong> trabaja como coordinador de REAS Euskadi (Red de Econom\u00eda Alternativa y Solidaria) desde 2005 y es miembro de la Coordinaci\u00f3n Ejecutiva de REAS-Red de Redes de Econom\u00eda Alternativa y Solidaria del Estado espa\u00f1ol. Con anterioridad trabaj\u00f3 durante 10 a\u00f1os en el \u00e1rea de sensibilizaci\u00f3n ciudadana de Hegoa (Instituto de Estudios sobre Desarrollo y Cooperaci\u00f3n Internacional). Participa en diferentes estructuras asociativas y cooperativas de Fiare-Banca \u00c9tica. Miembro activo de diferentes movimientos sociales, especialmente el \u00e1mbito vecinal en el barrio de San Francisco de Bilbao.<\/p>\n<\/div>\n<div>\n<p><strong><img loading=\"lazy\" decoding=\"async\" class=\"alignleft size-thumbnail wp-image-3152\" src=\"https:\/\/europe.ripess.rio20.net\/wp-content\/uploads\/sites\/4\/2014\/05\/Patricia-Coler-90x90.jpg\" alt=\"Patricia Coler\" width=\"90\" height=\"90\" \/>Patrica Coler <\/strong>es la delegada general de UFISC (<strong>Uni\u00f3n Federal de Intervenci\u00f3n de la Estructuras Culturales<\/strong>) y Presidente del MES \u2013 Movimiento de la Econom\u00eda Solidaria, Francia.Es parte del Comit\u00e9 de Coordinaci\u00f3n de RIPESS Europa.<\/p>\n<p>&nbsp;<\/p>\n<\/div>\n<div><strong><img loading=\"lazy\" decoding=\"async\" class=\"alignleft size-thumbnail wp-image-3150\" src=\"https:\/\/europe.ripess.rio20.net\/wp-content\/uploads\/sites\/4\/2014\/05\/bruno_lasnier-90x90.jpg\" alt=\"Bruno Lasnier (Le MES)\" width=\"90\" height=\"90\" srcset=\"https:\/\/ripess.eu\/wp-content\/uploads\/sites\/4\/2014\/05\/bruno_lasnier-90x90.jpg 90w, https:\/\/ripess.eu\/wp-content\/uploads\/sites\/4\/2014\/05\/bruno_lasnier-288x290.jpg 288w\" sizes=\"(max-width: 90px) 100vw, 90px\" \/>Bruno LASNIER<\/strong> es el coordinador nacional del MES, movimiento nacional de Econom\u00eda Solidaria en Francia, que representa en el comit\u00e9 franc\u00e9s de ESS. Fue director de la Agencia de Provence para una econom\u00eda alternativa y solidaria (APEAS).y trabaj\u00f3 durante muchos a\u00f1os para M\u00e9decins Sans Fronti\u00e8res (M\u00e9dicos sin fronteras)<\/div>\n<div><\/div>\n<div><strong><img loading=\"lazy\" decoding=\"async\" class=\"alignleft size-thumbnail wp-image-2075\" src=\"https:\/\/europe.ripess.rio20.net\/wp-content\/uploads\/sites\/4\/2014\/05\/FOT549-90x90.jpg\" alt=\"\" width=\"90\" height=\"90\" \/>Laura AUFRERE est\u00e1 presente como experta<\/strong> en el Comit\u00e9 de Coordinaci\u00f3n. Laura estudi\u00f3 ciencias pol\u00edticas y trabaj\u00f3 durante 10 a\u00f1os en el sector cultural, incluyendo 5 a\u00f1os como coordinadora para la confederaci\u00f3n\u00a0 francesa de organizaciones empleadoras de artes esc\u00e9nicas\/visuales, representando micro y peque\u00f1as empresas sin meta de lucro en econom\u00eda solidaria UFISC). Est\u00e1 terminando ahora su doctorado <span class=\"s1\">(CEPN \u2013 Paris 13)<\/span>, trabajando sobre econom\u00eda solidaria y comunes en el sector cultural y arti\u00edstico (iniciativas colectivas y comunes, mecanismos de cooperaci\u00f3n, gobernanza, protecci\u00f3n social, modelos sociales de solidaridad, modelos econ\u00f3micos, etc.)<\/div>\n<div><\/div>\n<div><\/div>\n<div><\/div>\n<h4>DOCUMENTACION<\/h4>\n<ul>\n<li><strong><a href=\"https:\/\/europe.ripess.rio20.net\/wp-content\/uploads\/sites\/4\/2017\/12\/RIPESSEU_webinar_pol_pub_Askunze_241117_ES.pdf\">Presentacion de Carlos Askunze<\/a><\/strong> (en Espanol)<\/li>\n<li><strong><a href=\"https:\/\/europe.ripess.rio20.net\/wp-content\/uploads\/sites\/4\/2017\/12\/RIPESSEU_pol_pub_webinar_Coler_Lasnier_241117_FR.pdf\">Presentacion de Patricia Coler and Bruno Lasnier<\/a><\/strong>\u00a0(en Franc\u00e9s)<\/li>\n<li><strong><a href=\"https:\/\/europe.ripess.rio20.net\/wp-content\/uploads\/sites\/4\/2017\/12\/RIPESSEU_pol_pub_webinar_Aufrere_241117_EN.pdf\">Presentation by Laura Aufrere<\/a>\u00a0<\/strong>(en Ingl\u00e9s)<\/li>\n<\/ul>\n<p>El RIPESS Intercontinental tiene una <a href=\"http:\/\/www.ripess.org\/ejes-de-trabajo\/politicas-publicas-y-leyes\/?lang=es\">secci\u00f3n de Pol\u00edticas P\u00fablicas y ESS<\/a>.<\/p>\n<p>El sitio de recursos documentales <a href=\"http:\/\/www.socioeco.org\/index_es.html\">socioeco.org<\/a> tiene tambi\u00e9n una s<a href=\"http:\/\/www.socioeco.org\/bdf_axe-8_es.html\">ecci\u00f3n dedicada a las Pol\u00edticas P\u00fablicas y la Econom\u00eda Solidaria.<\/a><\/p>\n<p>Aqu\u00ed van algunos documentos recursos :<\/p>\n<ul>\n<li>\n<p lang=\"es\"><strong><a href=\"http:\/\/www.socioeco.org\/bdf_fiche-document-3292_es.html\">Econom\u00eda social solidaria y sus conceptos cercanos Or\u00edgenes y definiciones: una perspectiva internacional, Yvon Poirier, julio 2014<\/a><\/strong><\/p>\n<\/li>\n<li>\n<p lang=\"es\"><strong><a href=\"http:\/\/www.socioeco.org\/bdf_fiche-document-4445_es.html\">Reconocimiento jur\u00eddico y pol\u00edtico de la econom\u00eda social solidaria (ESS). Panorama general y elementos de orientaci\u00f3n.Yvon Poirier, Enero 2016<\/a><\/strong><\/p>\n<\/li>\n<li>\n<p lang=\"es\"><strong><a href=\"http:\/\/www.socioeco.org\/bdf_fiche-document-5637_es.html\">Pol\u00edticas p\u00fablicas para la econom\u00eda social y solidaria: hacia un entorno favorable. El caso de Europa, Giulia Galera<\/a>, 2015<\/strong><\/p>\n<\/li>\n<li><strong><a title=\"Fixed link Co-building of public policy: a perspective for European SSE\" href=\"http:\/\/europe.ripess.rio20.net\/?lang=en\/es\/coconstruircodisenar-las-politicas-publicas-una-perspectiva-para-los-actores-europeos-de-la-ess-position-paper-del-ripess-europa\/\" rel=\"bookmark\">Co-construction of public policy: a perspective for European SSE<\/a> nota conceptual preparada para el <a href=\"http:\/\/efsse.org\/contributions\/co-building-co-designing-public-policy-a-perspective-for-european-sse-stakeholders\/\">EFSSE 2017<\/a>, septiembre 2017<\/strong><\/li>\n<\/ul>\n<div><\/div>\n","protected":false},"excerpt":{"rendered":"<p>Webinario : Pol\u00edticas p\u00fablicas &#8211; los desaf\u00edos de la econom\u00eda social y solidaria El RIPESS Europa y sus miembros se enfrentan activamente al desaf\u00edo de co-construcci\u00f3n de las pol\u00edticas p\u00fablicas, [&hellip;]<\/p>\n","protected":false},"author":1,"featured_media":3264,"parent":0,"menu_order":0,"comment_status":"closed","ping_status":"closed","template":"","meta":{"_et_pb_use_builder":"","_et_pb_old_content":"","_et_gb_content_width":"","footnotes":""},"class_list":["post-3383","page","type-page","status-publish","has-post-thumbnail","hentry"],"_links":{"self":[{"href":"https:\/\/ripess.eu\/es\/wp-json\/wp\/v2\/pages\/3383","targetHints":{"allow":["GET"]}}],"collection":[{"href":"https:\/\/ripess.eu\/es\/wp-json\/wp\/v2\/pages"}],"about":[{"href":"https:\/\/ripess.eu\/es\/wp-json\/wp\/v2\/types\/page"}],"author":[{"embeddable":true,"href":"https:\/\/ripess.eu\/es\/wp-json\/wp\/v2\/users\/1"}],"replies":[{"embeddable":true,"href":"https:\/\/ripess.eu\/es\/wp-json\/wp\/v2\/comments?post=3383"}],"version-history":[{"count":0,"href":"https:\/\/ripess.eu\/es\/wp-json\/wp\/v2\/pages\/3383\/revisions"}],"wp:featuredmedia":[{"embeddable":true,"href":"https:\/\/ripess.eu\/es\/wp-json\/wp\/v2\/media\/3264"}],"wp:attachment":[{"href":"https:\/\/ripess.eu\/es\/wp-json\/wp\/v2\/media?parent=3383"}],"curies":[{"name":"wp","href":"https:\/\/api.w.org\/{rel}","templated":true}]}}