{"id":334817,"date":"2020-09-01T11:50:36","date_gmt":"2020-09-01T09:50:36","guid":{"rendered":"https:\/\/ripess.eu\/asambleas-generales\/9a-asamblea-general-2020\/"},"modified":"2023-11-13T12:00:08","modified_gmt":"2023-11-13T11:00:08","slug":"9a-asamblea-general-2020","status":"publish","type":"page","link":"https:\/\/ripess.eu\/es\/9a-asamblea-general-2020\/","title":{"rendered":"9\u00aa Asamblea General 2020"},"content":{"rendered":"\r\n<p><img loading=\"lazy\" decoding=\"async\" class=\"aligncenter wp-image-332329\" src=\"https:\/\/ripess.eu\/wp-content\/uploads\/sites\/4\/2023\/05\/2020-ONLINE-GENERAL-ASSEMBLY-724x1024.jpg\" alt=\"\" width=\"500\" height=\"707\" srcset=\"https:\/\/ripess.eu\/wp-content\/uploads\/sites\/4\/2023\/05\/2020-ONLINE-GENERAL-ASSEMBLY-724x1024.jpg 724w, https:\/\/ripess.eu\/wp-content\/uploads\/sites\/4\/2023\/05\/2020-ONLINE-GENERAL-ASSEMBLY-212x300.jpg 212w, https:\/\/ripess.eu\/wp-content\/uploads\/sites\/4\/2023\/05\/2020-ONLINE-GENERAL-ASSEMBLY-768x1086.jpg 768w, https:\/\/ripess.eu\/wp-content\/uploads\/sites\/4\/2023\/05\/2020-ONLINE-GENERAL-ASSEMBLY-1086x1536.jpg 1086w, https:\/\/ripess.eu\/wp-content\/uploads\/sites\/4\/2023\/05\/2020-ONLINE-GENERAL-ASSEMBLY-1448x2048.jpg 1448w, https:\/\/ripess.eu\/wp-content\/uploads\/sites\/4\/2023\/05\/2020-ONLINE-GENERAL-ASSEMBLY-1080x1528.jpg 1080w, https:\/\/ripess.eu\/wp-content\/uploads\/sites\/4\/2023\/05\/2020-ONLINE-GENERAL-ASSEMBLY.jpg 1587w\" sizes=\"(max-width: 500px) 100vw, 500px\" \/><\/p>\r\n<p id=\"block-df9c8d47-3f6a-46e2-83cf-b4e9b1a8316b\">Se supon\u00eda que la Asamblea General de este a\u00f1o tendr\u00eda lugar en Wroklaw, Polonia. Despu\u00e9s de discutir con nuestro miembro polaco sobre la posibilidad de poder organizarla, debido a la situaci\u00f3n de Covid-19 y sus complicaciones para viajar y la seguridad, acordamos que ser\u00eda mejor organizar nuestra <strong>Asamblea General estatutaria en l\u00ednea<\/strong>.<\/p>\r\n\r\n\r\n\r\n<p id=\"block-df9c8d47-3f6a-46e2-83cf-b4e9b1a8316b\">El encuentro se concentrar\u00e1 en <strong>una jornada entera<\/strong> -el <strong>18 de septiembre de 2020-<\/strong> estructurada en diferentes sesiones desde las<strong> 9.00 horas de la ma\u00f1ana hasta las 17.30 horas de la tarde.<\/strong><\/p>\r\n\r\n\r\n\r\n<p id=\"block-67369cbf-8b30-4284-8d6f-ea0daf12bc10\">Confirma tu participaci\u00f3n registr\u00e1ndote <strong> <a href=\"http:\/\/europe.ripess.rio20.net\/?lang=en\/eforms\/ga2020-registration\/16\/\" target=\"_blank\" rel=\"noreferrer noopener\">aqu\u00ed<\/a> <\/strong>.<\/p>\r\n\r\n\r\n\r\n<p id=\"block-4aa62dd1-1385-40c3-94f6-f967aaa41989\">Si no puede asistir en persona, puede delegar a otro miembro para que lo represente completando y envi\u00e1ndonos el <strong> <a href=\"https:\/\/cloud.ripess.eu\/index.php\/apps\/onlyoffice\/134532?filePath=%2FPartages%2FAG-General_Assemblies%2F2020_Online_Sept%2FGA_docs%2FGA2019-PROXYVOTE_EN.docx\">voto por poder<\/a> <\/strong>.<\/p>\r\n\r\n\r\n\r\n<p id=\"block-4aa62dd1-1385-40c3-94f6-f967aaa41989\">Consulta el <span style=\"color: #ff0000\"> <strong> <a style=\"color: #ff0000\" href=\"https:\/\/ripess.eu\/en\/general-assemblies\/9th-general-assembly-2020\/agenda-ga-2020\/\" target=\"_blank\" rel=\"noopener\">orden del d\u00eda<\/a> <\/strong> <\/span> y toda la <strong>documentaci\u00f3n:<\/strong><\/p>\r\n<ul>\r\n<li><a href=\"https:\/\/nextcloud.ripess.eu\/s\/wjqocxr8ZjMb7ea\" target=\"_blank\" rel=\"noopener\"><span style=\"color: #ff0000\">GA report 2020<\/span><\/a><\/li>\r\n<li><a href=\"https:\/\/nextcloud.ripess.eu\/s\/BftySSygAG4ZH7P\" target=\"_blank\" rel=\"noopener\"><span style=\"color: #ff0000\">Ripess EU Strategic orientations 2020 &#8211; 2022<\/span><\/a><\/li>\r\n<li><a href=\"https:\/\/nextcloud.ripess.eu\/s\/MHeZn3YpMj2b3R5\" target=\"_blank\" rel=\"noopener\"><span style=\"color: #ff0000\">Activity report 2019<\/span><\/a><\/li>\r\n<li><a href=\"https:\/\/nextcloud.ripess.eu\/s\/oH64jmFzDAnX2jp\" target=\"_blank\" rel=\"noopener\"><span style=\"color: #ff0000\">Financial report 2019\u00a0<\/span><\/a><\/li>\r\n<li><a href=\"https:\/\/ripess.eu\/en\/general-assemblies\/9th-general-assembly-2020\/thematic-groups-ga-2020\/\" target=\"_blank\" rel=\"noopener\"><span style=\"color: #ff0000\">2020 Working groups<\/span><\/a><\/li>\r\n<\/ul>\r\n<p>&nbsp;<\/p>\r\n\r\n\r\n\r\n<p><strong>PREPARACI\u00d3N<\/strong><\/p>\r\n\r\n\r\n\r\n<p>Debido a la naturaleza concentrada de esta Asamblea General y para permitir que los miembros participen y contribuyan de manera efectiva, el 8 de septiembre se celebra una reuni\u00f3n preparatoria para discutir el <u> <strong>documento de orientaciones estrat\u00e9gicas de RIPESS Europa<\/strong> <\/u>.<br \/><br \/>Por \u00faltimo, nos gustar\u00eda aprovechar esta invitaci\u00f3n para lanzar <strong>LA ENCUESTA<\/strong> que se les present\u00f3 durante nuestra \u00faltima Asamblea en l\u00ednea en mayo. Este cuestionario tiene como objetivo completar el mapeo de los miembros de la red, pero tambi\u00e9n profundizar nuestro aprendizaje compartiendo nuestro conocimiento dentro de la red. El cuestionario consta de una veintena de preguntas, divididas en 2 subcategor\u00edas. Las primeras preguntas ya te fueron enviadas hace dos a\u00f1os para crear el <strong>mapeo de <a href=\"http:\/\/www.socioeco.org\/index_en.html\" target=\"_blank\" rel=\"noreferrer noopener\">Socioeco.org<\/a><\/strong>: te invitamos a consultarlo <a href=\"http:\/\/europe.ripess.rio20.net\/?lang=en\/governance\/members\/\" target=\"_blank\" rel=\"noreferrer noopener\"> <strong>aqu\u00ed<\/strong> <\/a>. Por lo tanto, si no tiene que hacer ning\u00fan cambio, puede ir directamente a la <a href=\"https:\/\/cloud.ripess.eu\/index.php\/s\/mpczbmAJ8xrS5PR\" target=\"_blank\" rel=\"noreferrer noopener\">segunda parte del cuestionario<\/a> para que lo rellenemos y nos lo env\u00eden antes del <strong>VIERNES 14 DE AGOSTO<\/strong>.<\/p>\r\n\r\n\r\n\r\n<p id=\"block-f8b885d1-2fdd-453c-9686-71813187db12\">Si tiene alguna pregunta o inquietud, no dude en contactarnos en <strong>info@ripess.eu<\/strong><\/p>\r\n","protected":false},"excerpt":{"rendered":"<p>Se supon\u00eda que la Asamblea General de este a\u00f1o tendr\u00eda lugar en Wroklaw, Polonia. Despu\u00e9s de discutir con nuestro miembro polaco sobre la posibilidad de poder organizarla, debido a la [&hellip;]<\/p>\n","protected":false},"author":1,"featured_media":7225,"parent":0,"menu_order":0,"comment_status":"closed","ping_status":"closed","template":"","meta":{"_et_pb_use_builder":"on","_et_pb_old_content":"","_et_gb_content_width":"","footnotes":""},"class_list":["post-334817","page","type-page","status-publish","has-post-thumbnail","hentry"],"_links":{"self":[{"href":"https:\/\/ripess.eu\/es\/wp-json\/wp\/v2\/pages\/334817","targetHints":{"allow":["GET"]}}],"collection":[{"href":"https:\/\/ripess.eu\/es\/wp-json\/wp\/v2\/pages"}],"about":[{"href":"https:\/\/ripess.eu\/es\/wp-json\/wp\/v2\/types\/page"}],"author":[{"embeddable":true,"href":"https:\/\/ripess.eu\/es\/wp-json\/wp\/v2\/users\/1"}],"replies":[{"embeddable":true,"href":"https:\/\/ripess.eu\/es\/wp-json\/wp\/v2\/comments?post=334817"}],"version-history":[{"count":0,"href":"https:\/\/ripess.eu\/es\/wp-json\/wp\/v2\/pages\/334817\/revisions"}],"wp:featuredmedia":[{"embeddable":true,"href":"https:\/\/ripess.eu\/es\/wp-json\/wp\/v2\/media\/7225"}],"wp:attachment":[{"href":"https:\/\/ripess.eu\/es\/wp-json\/wp\/v2\/media?parent=334817"}],"curies":[{"name":"wp","href":"https:\/\/api.w.org\/{rel}","templated":true}]}}