{"id":334493,"date":"2019-06-12T17:23:28","date_gmt":"2019-06-12T15:23:28","guid":{"rendered":"https:\/\/ripess.eu\/ess-vet-2-educacion-y-formacion-profesional\/"},"modified":"2023-11-03T14:54:26","modified_gmt":"2023-11-03T13:54:26","slug":"ess-vet-2-educacion-y-formacion-profesional","status":"publish","type":"page","link":"https:\/\/ripess.eu\/es\/ess-vet-2-educacion-y-formacion-profesional\/","title":{"rendered":"ESS VET 2 (Educaci\u00f3n y Formaci\u00f3n Profesional)"},"content":{"rendered":"\r\n<h3 class=\"wp-block-heading\" style=\"text-align: center\">Educaci\u00f3n y Formaci\u00f3n Profesional<\/h3>\r\n\r\n\r\n\r\n<p>&nbsp;<\/p>\r\n\r\n\r\n\r\n<p>&nbsp;<\/p>\r\n\r\n\r\n\r\n<p><strong>A prop\u00f3sito del proyecto<br \/><\/strong><\/p>\r\n\r\n\r\n\r\n<p>Este proyecto tiene como objetivo promover la Econom\u00eda Social y Solidaria (ESS) en Europa, a trav\u00e9s de la formaci\u00f3n de formadorxs en este campo espec\u00edfico.<\/p>\r\n\r\n\r\n\r\n<p>Al esforzarnos por innovar los programas de educaci\u00f3n y formaci\u00f3n profesional (EFP), buscamos contribuir al desarrollo c\u00edvico y profesional de las personas, a trav\u00e9s de la integraci\u00f3n de modelos y pr\u00e1cticas socioecon\u00f3micas alternativas a la econom\u00eda de mercado tradicional en los planes de estudio y m\u00e9todos pedag\u00f3gicos.<\/p>\r\n\r\n\r\n\r\n<p>Se trata de un proyecto de 3 a\u00f1os (septiembre de 2018 &#8211; agosto de 2021) que re\u00fane a organizaciones de diferentes pa\u00edses europeos y una red europea (RIPESS Europa). Est\u00e1 cofinanciado por el programa Erasmus+ de la UE.<\/p>\r\n\r\n\r\n\r\n<p>M\u00e1s informaci\u00f3n: <a href=\"https:\/\/europe.ripess.rio20.net\/wp-content\/uploads\/sites\/4\/2017\/10\/Flyer-SSE-VET2_EN.pdf\"> <strong>Descarga el folleto aqu\u00ed (en ingl\u00e9s)<\/strong> <\/a><\/p>\r\n\r\n\r\n\r\n<p><strong>Hitos del proyecto<\/strong><\/p>\r\n\r\n\r\n\r\n<p class=\"has-text-color has-text-color has-luminous-vivid-amber-color\" style=\"color: #27c0bb\">PASO 1: <strong>EVALUACI\u00d3N ESTRAT\u00c9GICA<\/strong><\/p>\r\n\r\n\r\n\r\n<p>Conocer los escenarios nacionales y europeos en cuanto a las competencias de lxs formadorxs de ESS.<\/p>\r\n\r\n\r\n\r\n<ul class=\"wp-block-list\">\r\n<li>Mapeo del escenario nacional y europeo<\/li>\r\n<li>Talleres en 6 pa\u00edses europeos<\/li>\r\n<\/ul>\r\n\r\n\r\n\r\n<p class=\"has-text-color\" style=\"color: #27c0bb\">PASO 2 I<strong>INNOVACI\u00d3N CURRICULAR<\/strong><\/p>\r\n\r\n\r\n\r\n<p>Desarrollar contenidos y metodolog\u00edas para fortalecer las habilidades de lxs formadorxs.<\/p>\r\n\r\n\r\n\r\n<ul class=\"wp-block-list\">\r\n<li>Curso de Formaci\u00f3n en Acci\u00f3n para Formadorxs<\/li>\r\n<li>Entrenamientos de pilotos en 6 pa\u00edses europeos<\/li>\r\n<li>Talleres en 6 pa\u00edses europeos<\/li>\r\n<\/ul>\r\n\r\n\r\n\r\n<p class=\"has-text-color\" style=\"color: #27c0bb\">PASO 3: <strong>INCIDENCIA POL\u00cdTICA<br \/><\/strong><\/p>\r\n\r\n\r\n\r\n<p>Abogar por la inclusi\u00f3n de la ESS en la formaci\u00f3n de formadorxs a nivel nacional y europeo.<\/p>\r\n\r\n\r\n\r\n<ul class=\"wp-block-list\">\r\n<li>Plan de acci\u00f3n<\/li>\r\n<li>Herramientas Multimedia <\/li>\r\n<li>Seminario final en Portugal<\/li>\r\n<\/ul>\r\n","protected":false},"excerpt":{"rendered":"<p>Educaci\u00f3n y Formaci\u00f3n Profesional &nbsp; &nbsp; A prop\u00f3sito del proyecto Este proyecto tiene como objetivo promover la Econom\u00eda Social y Solidaria (ESS) en Europa, a trav\u00e9s de la formaci\u00f3n de [&hellip;]<\/p>\n","protected":false},"author":27,"featured_media":5357,"parent":0,"menu_order":0,"comment_status":"closed","ping_status":"closed","template":"","meta":{"_et_pb_use_builder":"","_et_pb_old_content":"","_et_gb_content_width":"","footnotes":""},"class_list":["post-334493","page","type-page","status-publish","has-post-thumbnail","hentry"],"_links":{"self":[{"href":"https:\/\/ripess.eu\/es\/wp-json\/wp\/v2\/pages\/334493","targetHints":{"allow":["GET"]}}],"collection":[{"href":"https:\/\/ripess.eu\/es\/wp-json\/wp\/v2\/pages"}],"about":[{"href":"https:\/\/ripess.eu\/es\/wp-json\/wp\/v2\/types\/page"}],"author":[{"embeddable":true,"href":"https:\/\/ripess.eu\/es\/wp-json\/wp\/v2\/users\/27"}],"replies":[{"embeddable":true,"href":"https:\/\/ripess.eu\/es\/wp-json\/wp\/v2\/comments?post=334493"}],"version-history":[{"count":0,"href":"https:\/\/ripess.eu\/es\/wp-json\/wp\/v2\/pages\/334493\/revisions"}],"wp:featuredmedia":[{"embeddable":true,"href":"https:\/\/ripess.eu\/es\/wp-json\/wp\/v2\/media\/5357"}],"wp:attachment":[{"href":"https:\/\/ripess.eu\/es\/wp-json\/wp\/v2\/media?parent=334493"}],"curies":[{"name":"wp","href":"https:\/\/api.w.org\/{rel}","templated":true}]}}