{"id":334378,"date":"2022-09-19T09:00:11","date_gmt":"2022-09-19T07:00:11","guid":{"rendered":"https:\/\/ripess.eu\/actividades\/proyectos-colaborativos\/finanzas-eticas\/"},"modified":"2023-11-03T10:24:07","modified_gmt":"2023-11-03T09:24:07","slug":"finanzas-eticas","status":"publish","type":"page","link":"https:\/\/ripess.eu\/es\/actividades\/proyectos-colaborativos\/finanzas-eticas\/","title":{"rendered":"FINANZAS \u00c9TICAS"},"content":{"rendered":"<p>[et_pb_section fb_built=\u00bb1&#8243; _builder_version=\u00bb4.18.0&#8243; _module_preset=\u00bbdefault\u00bb global_colors_info=\u00bb{}\u00bb][et_pb_row _builder_version=\u00bb4.18.0&#8243; _module_preset=\u00bbdefault\u00bb global_colors_info=\u00bb{}\u00bb][et_pb_column type=\u00bb4_4&#8243; _builder_version=\u00bb4.18.0&#8243; _module_preset=\u00bbdefault\u00bb global_colors_info=\u00bb{}\u00bb][et_pb_text admin_label=\u00bbText\u00bb _builder_version=\u00bb4.18.0&#8243; _module_preset=\u00bbdefault\u00bb text_font_size=\u00bb23px\u00bb text_letter_spacing=\u00bb2px\u00bb header_font=\u00bb|600|||||||\u00bb header_text_align=\u00bbcenter\u00bb header_font_size=\u00bb24px\u00bb text_orientation=\u00bbcenter\u00bb global_colors_info=\u00bb{}\u00bb]<\/p>\n<p style=\"text-align: center\"><em>Las Finanzas \u00c9ticas, a diferencia de la banca tradicional, invierten dinero en proyectos de econom\u00eda social y solidaria que <strong>benefician a la comunidad y al medio ambiente<\/strong>, en lugar de proyectos de econom\u00eda especulativa, la industria armament\u00edstica, el petr\u00f3leo, etc. RIPESS Europe, en su actividad de avanzar hacia sociedades m\u00e1s justas, apuesta por el uso de finanzas \u00e9ticas y gestiona sus cuentas a trav\u00e9s de la banca responsable.<\/em><\/p>\n<p>[\/et_pb_text][\/et_pb_column][\/et_pb_row][et_pb_row admin_label=\u00bbRow\u00bb _builder_version=\u00bb4.18.0&#8243; _module_preset=\u00bbdefault\u00bb global_colors_info=\u00bb{}\u00bb][et_pb_column type=\u00bb4_4&#8243; _builder_version=\u00bb4.18.0&#8243; _module_preset=\u00bbdefault\u00bb global_colors_info=\u00bb{}\u00bb][et_pb_divider color=\u00bb#0C71C3&#8243; divider_weight=\u00bb5px\u00bb _builder_version=\u00bb4.18.0&#8243; _module_preset=\u00bbdefault\u00bb global_colors_info=\u00bb{}\u00bb][\/et_pb_divider][\/et_pb_column][\/et_pb_row][\/et_pb_section][et_pb_section fb_built=\u00bb1&#8243; _builder_version=\u00bb4.18.0&#8243; _module_preset=\u00bbdefault\u00bb custom_margin=\u00bb-72px||-59px|||\u00bb global_colors_info=\u00bb{}\u00bb][et_pb_row column_structure=\u00bb1_2,1_2&#8243; _builder_version=\u00bb4.18.0&#8243; _module_preset=\u00bbdefault\u00bb global_colors_info=\u00bb{}\u00bb][et_pb_column type=\u00bb1_2&#8243; _builder_version=\u00bb4.18.0&#8243; _module_preset=\u00bbdefault\u00bb global_colors_info=\u00bb{}\u00bb][et_pb_text _builder_version=\u00bb4.18.0&#8243; _module_preset=\u00bbdefault\u00bb global_colors_info=\u00bb{}\u00bb]<\/p>\n<h2>\u00daLTIMOS PROYECTOS<\/h2>\n<p>[\/et_pb_text][et_pb_image src=\u00bbhttps:\/\/ripess.eu\/wp-content\/uploads\/sites\/4\/2022\/10\/Captura-de-pantalla-2022-10-04-a-las-12.09.42.png\u00bb alt=\u00bb4cuidado del medio ambienteambiente\u00bb title_text=\u00bbCaptura de pantalla 2022-10-04 a las 12.09.42&#8243; url=\u00bbhttps:\/\/ripess.eu\/es\/youconomy-iniciativa-liderada-por-jovenes-para-las-finanzas-eticas\/\u00bb url_new_window=\u00bbon\u00bb use_overlay=\u00bbon\u00bb overlay_icon_color=\u00bb#0C71C3&#8243; hover_overlay_color=\u00bbRGBA(255,255,255,0)\u00bb _builder_version=\u00bb4.18.0&#8243; _module_preset=\u00bbdefault\u00bb background_color=\u00bbRGBA(255,255,255,0)\u00bb hover_enabled=\u00bb0&#8243; global_colors_info=\u00bb{}\u00bb sticky_enabled=\u00bb0&#8243;][\/et_pb_image][et_pb_text admin_label=\u00bbText\u00bb _builder_version=\u00bb4.18.0&#8243; _module_preset=\u00bbdefault\u00bb text_font=\u00bb|600|||||||\u00bb text_text_color=\u00bb#000000&#8243; text_font_size=\u00bb20px\u00bb header_font=\u00bb|600|||||||\u00bb header_font_size=\u00bb19px\u00bb global_colors_info=\u00bb{}\u00bb]<\/p>\n<p class=\"entry-title\" style=\"text-align: center\">Iniciativa liderada por j\u00f3venes de Finanzas \u00c9ticas<\/p>\n<div class=\"post-content entry-content\"> <\/div>\n<p>[\/et_pb_text][et_pb_button button_url=\u00bbhttps:\/\/ripess.eu\/en\/lets-make-our-workspaces-more-feminist-and-care-centered\/\u00bb url_new_window=\u00bbon\u00bb button_text=\u00bbleer m\u00e1s\u00bb button_alignment=\u00bbcenter\u00bb _builder_version=\u00bb4.18.0&#8243; _module_preset=\u00bbdefault\u00bb custom_button=\u00bbon\u00bb button_text_size=\u00bb13px\u00bb button_text_color=\u00bb#0C71C3&#8243; button_border_width=\u00bb0px\u00bb button_on_hover=\u00bboff\u00bb global_colors_info=\u00bb{}\u00bb][\/et_pb_button][\/et_pb_column][et_pb_column type=\u00bb1_2&#8243; _builder_version=\u00bb4.18.0&#8243; _module_preset=\u00bbdefault\u00bb global_colors_info=\u00bb{}\u00bb][et_pb_post_slider include_categories=\u00bb8533&#8243; use_manual_excerpt=\u00bboff\u00bb show_meta=\u00bboff\u00bb image_placement=\u00bbtop\u00bb _builder_version=\u00bb4.18.0&#8243; _module_preset=\u00bbdefault\u00bb header_font=\u00bb|600||on|||||\u00bb header_font_size=\u00bb21px\u00bb background_color=\u00bbRGBA(255,255,255,0)\u00bb custom_button=\u00bbon\u00bb button_text_size=\u00bb13px\u00bb button_text_color=\u00bb#0C71C3&#8243; button_border_width=\u00bb0px\u00bb button_alignment=\u00bbcenter\u00bb background_layout=\u00bblight\u00bb global_colors_info=\u00bb{}\u00bb][\/et_pb_post_slider][\/et_pb_column][\/et_pb_row][et_pb_row _builder_version=\u00bb4.18.0&#8243; _module_preset=\u00bbdefault\u00bb global_colors_info=\u00bb{}\u00bb][et_pb_column type=\u00bb4_4&#8243; _builder_version=\u00bb4.18.0&#8243; _module_preset=\u00bbdefault\u00bb global_colors_info=\u00bb{}\u00bb][et_pb_divider color=\u00bb#0C71C3&#8243; divider_weight=\u00bb5px\u00bb _builder_version=\u00bb4.18.0&#8243; _module_preset=\u00bbdefault\u00bb global_colors_info=\u00bb{}\u00bb][\/et_pb_divider][et_pb_text _builder_version=\u00bb4.18.0&#8243; _module_preset=\u00bbdefault\u00bb text_font=\u00bb|700|||||||\u00bb text_text_color=\u00bb#000000&#8243; text_font_size=\u00bb21px\u00bb global_colors_info=\u00bb{}\u00bb]<\/p>\n<p>\u00daLTIMAS NOTICIAS<\/p>\n<p>[\/et_pb_text][\/et_pb_column][\/et_pb_row][\/et_pb_section][et_pb_section fb_built=\u00bb1&#8243; _builder_version=\u00bb4.18.0&#8243; _module_preset=\u00bbdefault\u00bb min_height=\u00bb691.8px\u00bb global_colors_info=\u00bb{}\u00bb][et_pb_row _builder_version=\u00bb4.18.0&#8243; _module_preset=\u00bbdefault\u00bb global_colors_info=\u00bb{}\u00bb][et_pb_column type=\u00bb4_4&#8243; _builder_version=\u00bb4.18.0&#8243; _module_preset=\u00bbdefault\u00bb global_colors_info=\u00bb{}\u00bb][et_pb_blog fullwidth=\u00bboff\u00bb posts_number=\u00bb3&#8243; include_categories=\u00bb8445&#8243; use_manual_excerpt=\u00bboff\u00bb show_author=\u00bboff\u00bb show_categories=\u00bboff\u00bb show_excerpt=\u00bboff\u00bb offset_number=\u00bb1&#8243; use_overlay=\u00bbon\u00bb _builder_version=\u00bb4.18.0&#8243; _module_preset=\u00bbdefault\u00bb read_more_text_color=\u00bb#8300E9&#8243; read_more_font_size=\u00bb7px\u00bb hover_transition_speed_curve=\u00bblinear\u00bb global_colors_info=\u00bb{}\u00bb][\/et_pb_blog][\/et_pb_column][\/et_pb_row][\/et_pb_section]<\/p>\n","protected":false},"excerpt":{"rendered":"<p>Las Finanzas \u00c9ticas, a diferencia de la banca tradicional, invierten dinero en proyectos de econom\u00eda social y solidaria que benefician a la comunidad y al medio ambiente, en lugar de [&hellip;]<\/p>\n","protected":false},"author":22,"featured_media":0,"parent":26073,"menu_order":0,"comment_status":"closed","ping_status":"closed","template":"","meta":{"_et_pb_use_builder":"on","_et_pb_old_content":"","_et_gb_content_width":"","footnotes":""},"class_list":["post-334378","page","type-page","status-publish","hentry"],"_links":{"self":[{"href":"https:\/\/ripess.eu\/es\/wp-json\/wp\/v2\/pages\/334378","targetHints":{"allow":["GET"]}}],"collection":[{"href":"https:\/\/ripess.eu\/es\/wp-json\/wp\/v2\/pages"}],"about":[{"href":"https:\/\/ripess.eu\/es\/wp-json\/wp\/v2\/types\/page"}],"author":[{"embeddable":true,"href":"https:\/\/ripess.eu\/es\/wp-json\/wp\/v2\/users\/22"}],"replies":[{"embeddable":true,"href":"https:\/\/ripess.eu\/es\/wp-json\/wp\/v2\/comments?post=334378"}],"version-history":[{"count":0,"href":"https:\/\/ripess.eu\/es\/wp-json\/wp\/v2\/pages\/334378\/revisions"}],"up":[{"embeddable":true,"href":"https:\/\/ripess.eu\/es\/wp-json\/wp\/v2\/pages\/26073"}],"wp:attachment":[{"href":"https:\/\/ripess.eu\/es\/wp-json\/wp\/v2\/media?parent=334378"}],"curies":[{"name":"wp","href":"https:\/\/api.w.org\/{rel}","templated":true}]}}