{"id":334361,"date":"2022-10-05T15:29:56","date_gmt":"2022-10-05T13:29:56","guid":{"rendered":"https:\/\/ripess.eu\/youconomy-iniciativa-liderada-por-jovenes-para-las-finanzas-eticas\/"},"modified":"2023-10-25T10:26:35","modified_gmt":"2023-10-25T08:26:35","slug":"youconomy-iniciativa-liderada-por-jovenes-para-las-finanzas-eticas","status":"publish","type":"page","link":"https:\/\/ripess.eu\/es\/actividades\/proyectos-colaborativos\/youconomy-iniciativa-liderada-por-jovenes-para-las-finanzas-eticas\/","title":{"rendered":"YOU&#8217;CONOMY: UNA INICIATIVA LIDERADA POR J\u00d3VENES PARA LAS FINANZAS \u00c9TICAS"},"content":{"rendered":"<p style=\"text-align: center\"><span style=\"font-weight: 400\">El objetivo principal del proyecto You&#8217;Conomy es promover la <strong>ciudadan\u00eda activa, el sentido <\/strong><\/span> de <strong>iniciativa en lxs j\u00f3venes y el emprendimiento juvenil<\/strong><span style=\"font-weight: 400\">, a trav\u00e9s de la promoci\u00f3n de las <\/span><span style=\"font-weight: 400\"> Finanzas \u00c9ticas<\/span><span style=\"font-weight: 400\">. <\/span><\/p>\n<p><img loading=\"lazy\" decoding=\"async\" class=\"wp-image-32749 aligncenter\" src=\"https:\/\/ripess.eu\/wp-content\/uploads\/sites\/4\/2022\/10\/istockphoto-1041234674-612x612-1.jpeg\" alt=\"\" width=\"504\" height=\"336\" \/><\/p>\n<p><span style=\"font-weight: 400\">Como parte del Programa Erasmus+ y financiado por la Comisi\u00f3n Europea, You&#8217;conomy tiene como objetivo <\/span>elevar el nivel de conocimiento sobre Finanzas \u00c9ticas, la participaci\u00f3n en acciones de incidencia a nivel local, regional e internacional, el uso de m\u00e9todos de educaci\u00f3n no formal y la promoci\u00f3n de herramientas digitales abiertas. El proyecto comprende varias actividades\/tareas, como actividades de <strong>formaci\u00f3n<\/strong> y desarrollo, un <strong>curso de e-learning<\/strong> para la autoorganizaci\u00f3n de lxs j\u00f3venes, varias <strong>jornadas de puertas abiertas<\/strong> <strong>sobre Finanzas <\/strong> \u00c9ticas y un <strong>D\u00eda Europeo de las Finanzas \u00c9ticas para j\u00f3venes<\/strong>. Estas convergen en un objetivo mayor: el <strong>desarrollo de un programa de formaci\u00f3n dirigido a j\u00f3venes <\/strong><strong>sobre activismo, transformaci\u00f3n social y autoorganizaci\u00f3n,<\/strong><strong>en torno <\/strong><strong>a las Finanzas \u00c9ticas y la Econom\u00eda Social Solidaria.<\/strong><\/p>\n<p>&nbsp;<\/p>\n<p style=\"text-align: center\"><span style=\"font-weight: 400\">El proyecto You&#8217;Conomy fue concebido por j\u00f3venes y ser\u00e1 liderado por ellxs.<\/span><\/p>\n<p style=\"text-align: center\"><em>Si est\u00e1s interesadx en participar o conocer m\u00e1s sobre este proyecto, no dudes en ponerte en contacto con nosotrxs en: <a href=\"mailto:youconomy@gmail.com\"><br \/>\n<span style=\"font-weight: 400\">youconomy@gmail.com<\/span><br \/>\n<\/a><\/em><\/p>\n<p>&nbsp;<\/p>\n<p>&nbsp;<\/p>\n<p>&nbsp;<\/p>\n<p><strong>DURACI\u00d3N DEL PROYECTO: <\/strong>12 meses (abril 2022 a julio 2023)<\/p>\n<p><strong>GRUPOS DESTINATARIOS: <\/strong><span style=\"font-weight: 400\">J\u00f3venes de 18 a 30 a\u00f1os pertenecientes a <\/span>universidades, cursos y grupos de organizaciones asociadas a la educaci\u00f3n no formal y \u00abescuelas de activismo\u00bb, voluntariado y activismo<\/p>\n<p><strong>SOCIOS:<\/strong><\/p>\n<ul>\n<li><span style=\"font-weight: 400\"><a href=\"https:\/\/apdes.pt\/pt\/portfolio\/social-solidarity-economy-europe\/\">APDES<\/a> \u2013 Portugal<\/span><\/li>\n<li><span style=\"font-weight: 400\"><a href=\"https:\/\/ripess.eu\/en\/\">RIPESS Europe<\/a> &#8211; Luxemburgo<\/span><\/li>\n<li><span style=\"font-weight: 400\"><a href=\"https:\/\/www.animar-dl.pt\/\">ANIMAR<\/a> \u2013 Portugal<\/span><\/li>\n<li><span style=\"font-weight: 400\"><a href=\"https:\/\/ecosfron.org\/\">Fundaci\u00f3n Economistas Sin Fronteras<\/a> \u2013 Espa\u00f1a<\/span><\/li>\n<li><span style=\"font-weight: 400\"><a href=\"https:\/\/dock.zone\/\">MUELLE<\/a> &#8211; Grecia<\/span><\/li>\n<li><span style=\"font-weight: 400\"><a href=\"https:\/\/finanzaseticas.net\/\">Fundaci\u00f3n Finanzas \u00c9ticas<\/a> \u2013 Espa\u00f1a<\/span><\/li>\n<li><span style=\"font-weight: 400\">Scomodo &#8211; Italia<\/span><\/li>\n<\/ul>\n<p><img loading=\"lazy\" decoding=\"async\" class=\"size-full wp-image-32689 alignright\" src=\"https:\/\/ripess.eu\/wp-content\/uploads\/sites\/4\/2022\/09\/Captura-de-pantalla-2022-09-20-a-las-10.42.34.png\" alt=\"\" width=\"238\" height=\"187\" \/><\/p>\n","protected":false},"excerpt":{"rendered":"<p>El objetivo principal del proyecto You&#8217;Conomy es promover la ciudadan\u00eda activa, el sentido de iniciativa en lxs j\u00f3venes y el emprendimiento juvenil, a trav\u00e9s de la promoci\u00f3n de las Finanzas [&hellip;]<\/p>\n","protected":false},"author":22,"featured_media":0,"parent":26073,"menu_order":0,"comment_status":"closed","ping_status":"closed","template":"","meta":{"_et_pb_use_builder":"","_et_pb_old_content":"","_et_gb_content_width":"","footnotes":""},"class_list":["post-334361","page","type-page","status-publish","hentry"],"_links":{"self":[{"href":"https:\/\/ripess.eu\/es\/wp-json\/wp\/v2\/pages\/334361","targetHints":{"allow":["GET"]}}],"collection":[{"href":"https:\/\/ripess.eu\/es\/wp-json\/wp\/v2\/pages"}],"about":[{"href":"https:\/\/ripess.eu\/es\/wp-json\/wp\/v2\/types\/page"}],"author":[{"embeddable":true,"href":"https:\/\/ripess.eu\/es\/wp-json\/wp\/v2\/users\/22"}],"replies":[{"embeddable":true,"href":"https:\/\/ripess.eu\/es\/wp-json\/wp\/v2\/comments?post=334361"}],"version-history":[{"count":0,"href":"https:\/\/ripess.eu\/es\/wp-json\/wp\/v2\/pages\/334361\/revisions"}],"up":[{"embeddable":true,"href":"https:\/\/ripess.eu\/es\/wp-json\/wp\/v2\/pages\/26073"}],"wp:attachment":[{"href":"https:\/\/ripess.eu\/es\/wp-json\/wp\/v2\/media?parent=334361"}],"curies":[{"name":"wp","href":"https:\/\/api.w.org\/{rel}","templated":true}]}}