{"id":332691,"date":"2023-06-07T11:43:48","date_gmt":"2023-06-07T09:43:48","guid":{"rendered":"https:\/\/ripess.eu\/12a-asamblea-general-villarceaux-paris-2023\/"},"modified":"2023-08-24T10:40:10","modified_gmt":"2023-08-24T08:40:10","slug":"12a-asamblea-general-villarceaux-paris-2023","status":"publish","type":"page","link":"https:\/\/ripess.eu\/es\/12a-asamblea-general-villarceaux-paris-2023\/","title":{"rendered":"12\u00aa Asamblea General &#8211; Villarceaux (Par\u00eds) 2023"},"content":{"rendered":"<div class=\"entry\">\n<p lang=\"es-AR\" align=\"justify\"><img loading=\"lazy\" decoding=\"async\" class=\"size-full wp-image-30807 alignright\" src=\"https:\/\/ripess.eu\/wp-content\/uploads\/sites\/4\/2022\/05\/GA-Villarceaux-2021.png\" alt=\"\" width=\"418\" height=\"274\" \/>El 12\u00ba Congreso y <strong>Asamblea General (AG) de RIPESS Europa \u2013 Solidarity Economy Europe <\/strong>se llevar\u00e1 a cabo desde <strong>el 19 al 21 de septiembre de 2023 en <span style=\"color: #0000ff\"><br \/>\n<a style=\"color: #0000ff\" href=\"https:\/\/www.bergerie-villarceaux.org\/\" target=\"_blank\" rel=\"noopener\">La Bergerie de Villarceaux <\/a><\/span>(Par\u00eds, Francia)<\/strong>, con el apoyo de la <span style=\"color: #0000ff\"><strong><a style=\"color: #0000ff\" href=\"http:\/\/www.fph.ch\/\" target=\"_blank\" rel=\"noopener\">FPH <span style=\"color: #0000ff\">(Fundaci\u00f3n<\/span> para el progreso humano).<\/a><\/strong><\/span><\/p>\n<p>Esta AG es la oportunidad de reunirse de nuevo y celebrar el <strong>12\u00ba Aniversario de la red<\/strong> en un ambiente agradable y continuar planificando juntxs siguiendo las orientaciones estrat\u00e9gicas aprobadas en septiembre de 2022.<\/p>\n<p lang=\"es-AR\" align=\"justify\">Como las <strong>cuestiones clim\u00e1ticas y ecol\u00f3gicas<\/strong> son cada vez m\u00e1s centrales para nuestra elecci\u00f3n de destino, pensamos en celebrar la AG<strong>\u00a0cada dos a\u00f1os en Villarceaux<\/strong> : debido a su ubicaci\u00f3n &#8211; de f\u00e1cil acceso desde la mayor\u00eda de los pa\u00edses europeos &#8211; relativamente c\u00e9ntrico, as\u00ed como la posibilidad de llegar a <strong>PAR\u00cdS<\/strong> en tren \/ autob\u00fas \/ avi\u00f3n (si fuera necesario) desde la mayor\u00eda de las ciudades europeas.<\/p>\n<p lang=\"es-AR\" align=\"justify\">La reuni\u00f3n se centra en el desarrollo de la red europea 12 a\u00f1os despu\u00e9s de su fundaci\u00f3n. Se esperan nuevos miembros de diferentes pa\u00edses europeos e invitados de otras redes y organizaciones. Dado que es una reuni\u00f3n residencial, se espera que lxs participantes se queden todo el tiempo. Las plazas son limitadas.<\/p>\n<h3><span style=\"color: #808080\">Para confirmar su participaci\u00f3n, debe<\/span><span style=\"color: #0000ff\"> <a style=\"color: #0000ff\" href=\"https:\/\/ripess.eu\/en\/eforms\/ga2023-registration-form-villarceaux\/42\/\" target=\"_blank\" rel=\"noopener\"><strong>registrarse en l\u00ednea aqu\u00ed<\/strong><\/a>. <\/span><\/h3>\n<p>&nbsp;<\/p>\n<h4><span style=\"color: #808080\"><img loading=\"lazy\" decoding=\"async\" class=\"wp-image-32720 alignleft\" src=\"https:\/\/ripess.eu\/wp-content\/uploads\/sites\/4\/2022\/09\/field-notes-ga-2022-evaluation-illustration.jpg\" alt=\"\" width=\"314\" height=\"248\" \/>Preparaci\u00f3n de la Asamblea General<\/span><\/h4>\n<p>Puede acceder a documentos y foros para la preparaci\u00f3n de la AG a trav\u00e9s de los siguientes enlaces.<\/p>\n<p>Si necesita dar un <span style=\"color: #0000ff\"><a style=\"color: #0000ff\" href=\"https:\/\/nextcloud.ripess.eu\/s\/C3ywtKDPxWdQq7e\" target=\"_blank\" rel=\"noopener\"><strong>voto<\/strong> por poder<\/a><\/span> a otro miembro, por favor compile y <strong>env\u00ede este formulario.<\/strong><\/p>\n<p>\u00a1Por favor, lea atentamente el documento \u00ab<a href=\"https:\/\/nextcloud.ripess.eu\/s\/QmmHGrmHY7Q8NWD\" target=\"_blank\" rel=\"noopener\"><strong><span style=\"color: #0000ff\">Renovaci\u00f3n del CoCo &#8211; Llamamiento para candidatos<\/span><\/strong><\/a>\u00bb !<\/p>\n<div class=\"entry\">\n<p>\u2013 Foro para la preparaci\u00f3n de la <strong>Asamblea General:<\/strong> para ayudar a construir juntxs la AG, hemos abierto un foro de discusi\u00f3n espec\u00edfico en Framavox <span style=\"color: #0000ff\"><a style=\"color: #0000ff\" href=\"https:\/\/framavox.org\/d\/RUwhrQkL\/program-first-draft\" target=\"_blank\" rel=\"noopener\"><strong>en esta direcci\u00f3n<\/strong><\/a><\/span>. Debe estar registradx para participar.<\/p>\n<p>&nbsp;<\/p>\n<\/div>\n<p><span style=\"color: #808080\"><strong>Para asuntos log\u00edsticos: <\/strong><\/span><\/p>\n<div class=\"entry\">\n<ul>\n<li><span style=\"color: #0000ff\"><strong><a style=\"color: #0000ff\" href=\"https:\/\/ripess.eu\/en\/general-assemblies\/10th-general-assembly-villarceaux-paris-2021\/how-to-get-to-la-bergerie\/\" target=\"_blank\" rel=\"noopener\">C\u00f3mo planificar su viaje a La Bergerie de Villarceaux<\/a><\/strong><\/span><\/li>\n<li><a href=\"https:\/\/ripess.eu\/en\/general-assemblies\/10th-general-assembly-villarceaux-paris-2021\/food-and-accommodation\/\" target=\"_blank\" rel=\"noopener\"><span style=\"color: #0000ff\"><strong>Comida y alojamiento<\/strong><\/span><\/a><\/li>\n<\/ul>\n<\/div>\n<div class=\"entry\">\n<ul>\n<li><strong><span style=\"color: #808080\">Qu\u00e9 costes cubre RIPESS EU<\/span><\/strong>\n<ul>\n<li>Ripess Europe se encarga del <b>alojamiento y de todas las comidas.<\/b><\/li>\n<\/ul>\n<\/li>\n<\/ul>\n<p>&nbsp;<\/p>\n<\/div>\n<\/div>\n<div class=\"entry\">\n<p><span style=\"color: #808080\"><strong>Los siguientes documentos se cargar\u00e1n en esta p\u00e1gina para su informaci\u00f3n antes de la reuni\u00f3n:<\/strong><\/span><\/p>\n<ul>\n<li><span style=\"color: #808080\"><strong>Participantes (miembros e invitadxs) infopack (en ingl\u00e9s)<br \/>\n<\/strong><\/span><\/li>\n<li><span style=\"color: #808080\"><strong>Programa GA<\/strong><\/span><\/li>\n<li><span style=\"color: #808080\"><strong>Documentos de referencia de la AG (informe de actividades, informe financiero)<\/strong><\/span><\/li>\n<li><a href=\"https:\/\/nextcloud.ripess.eu\/s\/dBNeFHTtDermXmC\" target=\"_blank\" rel=\"noopener\"><strong><span style=\"color: #0000ff\">Documento de orientaci\u00f3n estrat\u00e9gica 2023-2025<\/span><\/strong><\/a>: este documento fue preparado por el Comit\u00e9 de Coordinaci\u00f3n y el grupo de trabajo de estrategia y fue discutido y revisado en la reuni\u00f3n anual de estrategia en enero de 2023.<\/li>\n<\/ul>\n<p>&nbsp;<\/p>\n<h2 style=\"text-align: center\"><span style=\"color: #808080\">\u00a1NOS VEMOS EN SEPTIEMBRE! <\/span><\/h2>\n<p><img loading=\"lazy\" decoding=\"async\" class=\"size-medium wp-image-332325 aligncenter\" src=\"https:\/\/ripess.eu\/wp-content\/uploads\/sites\/4\/2023\/05\/couverture_photo_groupe_GA22-300x225.jpeg\" alt=\"\" width=\"300\" height=\"225\" \/><\/p>\n<p>&nbsp;<\/p>\n<\/div>\n<hr \/>\n<div class=\"entry\">\n<p>&nbsp;<\/p>\n<\/div>\n","protected":false},"excerpt":{"rendered":"<p>El 12\u00ba Congreso y Asamblea General (AG) de RIPESS Europa \u2013 Solidarity Economy Europe se llevar\u00e1 a cabo desde el 19 al 21 de septiembre de 2023 en La Bergerie [&hellip;]<\/p>\n","protected":false},"author":6,"featured_media":0,"parent":0,"menu_order":0,"comment_status":"closed","ping_status":"closed","template":"","meta":{"_et_pb_use_builder":"","_et_pb_old_content":"","_et_gb_content_width":"","footnotes":""},"class_list":["post-332691","page","type-page","status-publish","hentry"],"_links":{"self":[{"href":"https:\/\/ripess.eu\/es\/wp-json\/wp\/v2\/pages\/332691","targetHints":{"allow":["GET"]}}],"collection":[{"href":"https:\/\/ripess.eu\/es\/wp-json\/wp\/v2\/pages"}],"about":[{"href":"https:\/\/ripess.eu\/es\/wp-json\/wp\/v2\/types\/page"}],"author":[{"embeddable":true,"href":"https:\/\/ripess.eu\/es\/wp-json\/wp\/v2\/users\/6"}],"replies":[{"embeddable":true,"href":"https:\/\/ripess.eu\/es\/wp-json\/wp\/v2\/comments?post=332691"}],"version-history":[{"count":0,"href":"https:\/\/ripess.eu\/es\/wp-json\/wp\/v2\/pages\/332691\/revisions"}],"wp:attachment":[{"href":"https:\/\/ripess.eu\/es\/wp-json\/wp\/v2\/media?parent=332691"}],"curies":[{"name":"wp","href":"https:\/\/api.w.org\/{rel}","templated":true}]}}