{"id":32088,"date":"2022-07-20T14:36:47","date_gmt":"2022-07-20T13:36:47","guid":{"rendered":"https:\/\/ripess.eu\/que-costes-cubre-ripess-eu\/"},"modified":"2022-07-20T15:22:27","modified_gmt":"2022-07-20T14:22:27","slug":"que-costes-cubre-ripess-eu","status":"publish","type":"page","link":"https:\/\/ripess.eu\/es\/que-costes-cubre-ripess-eu\/","title":{"rendered":"Qu\u00e9 costes cubre RIPESS EU"},"content":{"rendered":"<h2>1. Viajes<\/h2>\n<div>\n<div><img loading=\"lazy\" decoding=\"async\" class=\"size-full wp-image-32080 alignright\" src=\"http:\/\/ripess.eu\/wp-content\/uploads\/sites\/4\/2022\/07\/train_picture_travel.jpg\" alt=\"\" width=\"640\" height=\"480\" \/>Si a\u00fan no has reservado tu viaje, te aconsejamos que lo hagas lo antes posible.<\/div>\n<div><\/div>\n<div>Por favor, env\u00edenos tu hora de llegada y salida y los detalles de tu vuelo \/ tren \/ autob\u00fas a <a href=\"mailto:info@ripess.eu\" target=\"_blank\" rel=\"noopener\">info@ripess.eu<\/a> .<\/div>\n<\/div>\n<div><\/div>\n<div>\n<p><span style=\"color: #000000\">Ripess Europe pagar\u00e1 todas las <strong>comidas y el transporte local<\/strong> (excluyendo los taxis) para los miembros que participan en la Asamblea General.<\/span><\/p>\n<div>\n<div>Para los viajes, tenemos un <strong>fondo de solidaridad para los miembros que lo necesitan, por lo que se puede reembolsar una parte a pedido de 1 representante<\/strong>, dependiendo de la distancia (en proporci\u00f3n, para mutualizar los gastos entre los participantes) y el presupuesto disponible. Por favor, env\u00edanos tus costos estimados del viaje a: <a href=\"mailto:info@ripess.eu\" target=\"_blank\" rel=\"noopener\">info@ripess.eu<\/a><\/div>\n<div><\/div>\n<div><\/div>\n<\/div>\n<div>\n<hr \/>\n<\/div>\n<\/div>\n<h2><\/h2>\n<h2>2. Alojamiento<\/h2>\n<p>&nbsp;<\/p>\n<div>\n<div><img loading=\"lazy\" decoding=\"async\" class=\"size-full wp-image-32083 alignleft\" src=\"http:\/\/ripess.eu\/wp-content\/uploads\/sites\/4\/2022\/07\/hotel_room.jpg\" alt=\"\" width=\"418\" height=\"627\" \/><\/div>\n<div>Para el alojamiento, cada miembro tiene que pagar el suyo propio (con la excepci\u00f3n de los<strong> miembros del comit\u00e9 de coordinaci\u00f3n, 1 por organizaci\u00f3n<\/strong>, en habitaciones compartidas). Si alguien necesita apoyo, podemos ver si podemos ayudar con el presupuesto disponible.<\/div>\n<div><\/div>\n<\/div>\n<div><b><a href=\"https:\/\/ripess.eu\/en\/general-assemblies\/11th-ga-2022-wroclaw\/food-and-accommodation-in-wroclaw-poland\/\" target=\"_blank\" rel=\"noopener\" data-saferedirecturl=\"https:\/\/www.google.com\/url?q=https:\/\/ripess.eu\/en\/general-assemblies\/11th-ga-2022-wroclaw\/food-and-accommodation-in-wroclaw-poland\/&amp;source=gmail&amp;ust=1658407881173000&amp;usg=AOvVaw1TzCzEHkzLOR-OCtHlsf9f\">Aqu\u00ed hay una lista de opciones que puedes considerar.<\/a> <\/b>Animamos a compartir un dormitorio de 2-3 con otrxs.<\/div>\n<div><\/div>\n<div><span style=\"color: #000000\"><b>Mariusz Maslosz<\/b> ( <a href=\"mailto:ess@fairtrade.org.pl\" target=\"_blank\" rel=\"noopener\">ess@fairtrade.org.pl<\/a> ) es la persona dedicada a la log\u00edstica para este evento. <\/span> No dudes en ponerte en contacto con \u00e9l si necesitas ayuda con tu reserva. Cuanto antes reserves, mejor, as\u00ed que considere hacerlo lo antes posible.<\/div>\n","protected":false},"excerpt":{"rendered":"<p>1. Viajes Si a\u00fan no has reservado tu viaje, te aconsejamos que lo hagas lo antes posible. Por favor, env\u00edenos tu hora de llegada y salida y los detalles de [&hellip;]<\/p>\n","protected":false},"author":6,"featured_media":0,"parent":0,"menu_order":0,"comment_status":"closed","ping_status":"closed","template":"","meta":{"_et_pb_use_builder":"","_et_pb_old_content":"","_et_gb_content_width":"","footnotes":""},"class_list":["post-32088","page","type-page","status-publish","hentry"],"_links":{"self":[{"href":"https:\/\/ripess.eu\/es\/wp-json\/wp\/v2\/pages\/32088","targetHints":{"allow":["GET"]}}],"collection":[{"href":"https:\/\/ripess.eu\/es\/wp-json\/wp\/v2\/pages"}],"about":[{"href":"https:\/\/ripess.eu\/es\/wp-json\/wp\/v2\/types\/page"}],"author":[{"embeddable":true,"href":"https:\/\/ripess.eu\/es\/wp-json\/wp\/v2\/users\/6"}],"replies":[{"embeddable":true,"href":"https:\/\/ripess.eu\/es\/wp-json\/wp\/v2\/comments?post=32088"}],"version-history":[{"count":0,"href":"https:\/\/ripess.eu\/es\/wp-json\/wp\/v2\/pages\/32088\/revisions"}],"wp:attachment":[{"href":"https:\/\/ripess.eu\/es\/wp-json\/wp\/v2\/media?parent=32088"}],"curies":[{"name":"wp","href":"https:\/\/api.w.org\/{rel}","templated":true}]}}