{"id":31855,"date":"2022-07-12T15:00:38","date_gmt":"2022-07-12T14:00:38","guid":{"rendered":"https:\/\/ripess.eu\/asambleas-generales\/11a-ag-2022-breslavia-polonia\/comida-y-alojamiento-en-breslavia-polonia\/"},"modified":"2022-07-13T14:29:41","modified_gmt":"2022-07-13T13:29:41","slug":"comida-y-alojamiento-en-breslavia-polonia","status":"publish","type":"page","link":"https:\/\/ripess.eu\/es\/11a-ag-2022-breslavia-polonia\/comida-y-alojamiento-en-breslavia-polonia\/","title":{"rendered":"Comida y alojamiento en Breslavia (Polonia)"},"content":{"rendered":"<h2>Comida<\/h2>\n<p>Tendremos comida deliciosa, local y org\u00e1nica con opciones vegetarianas y veganas.<\/p>\n<h2>Alojamiento<\/h2>\n<p>Hemos preseleccionado 2 hoteles cerca del EkoCentrum. Puede elegir el que desea alojarse y hacer una reserva. Si tiene alguna pregunta sobre su reserva, Mariusz Maslosz aqu\u00ed para ayudarle! No dude en ponerse en contacto con \u00e9l: ess@fairtrade.org.pl.<\/p>\n<div><strong>1. Hotel Herbal<\/strong><br \/>\nSitio web: <a href=\"https:\/\/herbalhotel.pl\/\" target=\"_blank\" rel=\"noopener\" data-saferedirecturl=\"https:\/\/www.google.com\/url?q=https:\/\/herbalhotel.pl\/&amp;source=gmail&amp;ust=1657718116330000&amp;usg=AOvVaw0MsJgC4umTGugUk_DX9qeD\">https:\/\/herbalhotel.pl\/<\/a><br \/>\nDirecci\u00f3n: ul. W\u0142odkowica 15-17 Breslavia<\/div>\n<div>&#8211; Disponibles 6 habitaciones para 2 personas (con 2 camas separadas) y 19 habitaciones para 1 persona<br \/>\n&#8211; Opci\u00f3n de desayuno disponible: buffet<\/div>\n<div>&#8211; Paradas de autob\u00fas\/tranv\u00eda m\u00e1s cercanas: Narodowe Forum Muzyki; Rynek<\/div>\n<div><\/div>\n<div><b>ENTRE 71\u20ac &#8211; 77\u20ac \/ noche (desayuno incluido)<\/b><\/div>\n<div><\/div>\n<hr \/>\n<div><\/div>\n<div><strong>2. Fitness Hostel<\/strong><br \/>\nSitio web: <a href=\"https:\/\/fitnesshostel.pl\/\" target=\"_blank\" rel=\"noopener\" data-saferedirecturl=\"https:\/\/www.google.com\/url?q=https:\/\/fitnesshostel.pl\/&amp;source=gmail&amp;ust=1657718116330000&amp;usg=AOvVaw1lpWONnjl_RUyEV0jdbCAr\">https:\/\/fitnesshostel.pl\/<\/a><br \/>\nDirecci\u00f3n: ul. So\u0142tysowicka 15b<\/div>\n<div>&#8211; Disponible: 5 habitaciones para 2 personas con ba\u00f1o mutuo; 1 habitaci\u00f3n para 3<br \/>\npersonas con ba\u00f1o mutuo; 2 habitaciones para 2 personas con privado<br \/>\nba\u00f1o; 1 habitaci\u00f3n para 1 persona con ba\u00f1o privado. Tambi\u00e9n hay<br \/>\nhabitaciones disponibles con literas si es necesario.<\/div>\n<div><\/div>\n<div>&#8211; Tres opciones para el desayuno:<br \/>\n\u2022 Huevos revueltos con cebolla, cebollino y pan;<br \/>\n\u2022 Panqueques con mousse de frambuesa y frutas;<br \/>\n\u2022 Salchichas y ensalada de verduras; pan.<\/div>\n<div>&#8211; Parada de autob\u00fas\/tranv\u00eda m\u00e1s cercana: Koszarowa\/Kromera (Czajkowskiego)<\/div>\n<div><\/div>\n<div><b>ENTRE 42\u20ac &#8211; 50\u20ac \/noche (+ 5\u20ac extra por desayuno)<\/b><\/div>\n<div><\/div>\n<hr \/>\n<p><strong>3. Hostal Moon\u00a0<\/strong><br \/>\nSitio web: <a href=\"https:\/\/www.moonhostel.pl\/en\/wroclaw\" target=\"_blank\" rel=\"noopener\">www.moonhostel.pl\/en\/wroclaw<\/a><br \/>\nNo dudes en consultar la disponibilidad del albergue Moon, que cuenta con varias habitaciones (de 1 a 8 personas), una muy buena ubicaci\u00f3n (en el centro, a 15 minutos en autob\u00fas del EkoCentrum) y precios razonables. Su p\u00e1gina web est\u00e1 disponible en ingl\u00e9s y polaco.<\/p>\n<p>Pronto se a\u00f1adir\u00e1n m\u00e1s opciones&#8230;<\/p>\n","protected":false},"excerpt":{"rendered":"<p>Comida Tendremos comida deliciosa, local y org\u00e1nica con opciones vegetarianas y veganas. Alojamiento Hemos preseleccionado 2 hoteles cerca del EkoCentrum. Puede elegir el que desea alojarse y hacer una reserva. [&hellip;]<\/p>\n","protected":false},"author":6,"featured_media":0,"parent":31560,"menu_order":0,"comment_status":"closed","ping_status":"closed","template":"","meta":{"_et_pb_use_builder":"","_et_pb_old_content":"","_et_gb_content_width":"","footnotes":""},"class_list":["post-31855","page","type-page","status-publish","hentry"],"_links":{"self":[{"href":"https:\/\/ripess.eu\/es\/wp-json\/wp\/v2\/pages\/31855","targetHints":{"allow":["GET"]}}],"collection":[{"href":"https:\/\/ripess.eu\/es\/wp-json\/wp\/v2\/pages"}],"about":[{"href":"https:\/\/ripess.eu\/es\/wp-json\/wp\/v2\/types\/page"}],"author":[{"embeddable":true,"href":"https:\/\/ripess.eu\/es\/wp-json\/wp\/v2\/users\/6"}],"replies":[{"embeddable":true,"href":"https:\/\/ripess.eu\/es\/wp-json\/wp\/v2\/comments?post=31855"}],"version-history":[{"count":0,"href":"https:\/\/ripess.eu\/es\/wp-json\/wp\/v2\/pages\/31855\/revisions"}],"up":[{"embeddable":true,"href":"https:\/\/ripess.eu\/es\/wp-json\/wp\/v2\/pages\/31560"}],"wp:attachment":[{"href":"https:\/\/ripess.eu\/es\/wp-json\/wp\/v2\/media?parent=31855"}],"curies":[{"name":"wp","href":"https:\/\/api.w.org\/{rel}","templated":true}]}}