{"id":31649,"date":"2022-06-29T15:50:34","date_gmt":"2022-06-29T14:50:34","guid":{"rendered":"https:\/\/ripess.eu\/asambleas-generales\/11a-ag-2022-breslavia-polonia\/para-viajar-a-wroclaw-polonia\/"},"modified":"2022-07-01T16:23:12","modified_gmt":"2022-07-01T15:23:12","slug":"para-viajar-a-wroclaw-polonia","status":"publish","type":"page","link":"https:\/\/ripess.eu\/es\/11a-ag-2022-breslavia-polonia\/para-viajar-a-wroclaw-polonia\/","title":{"rendered":"Para viajar a Wroclaw (Polonia)"},"content":{"rendered":"\n\t\t<style type=\"text\/css\">\n\t\t\t#gallery-1 {\n\t\t\t\tmargin: auto;\n\t\t\t}\n\t\t\t#gallery-1 .gallery-item {\n\t\t\t\tfloat: left;\n\t\t\t\tmargin-top: 10px;\n\t\t\t\ttext-align: center;\n\t\t\t\twidth: 50%;\n\t\t\t}\n\t\t\t#gallery-1 img {\n\t\t\t\tborder: 2px solid #cfcfcf;\n\t\t\t}\n\t\t\t#gallery-1 .gallery-caption {\n\t\t\t\tmargin-left: 0;\n\t\t\t}\n\t\t\t\/* see gallery_shortcode() in wp-includes\/media.php *\/\n\t\t<\/style>\n\t\t<div id='gallery-1' class='gallery galleryid-31649 gallery-columns-2 gallery-size-medium'><dl class='gallery-item'>\n\t\t\t<dt class='gallery-icon landscape'>\n\t\t\t\t<a href='https:\/\/ripess.eu\/es\/11a-ag-2022-breslavia-polonia\/para-viajar-a-wroclaw-polonia\/ekocentrum_wroclaw_poland_picture_outside-2-2\/'><img loading=\"lazy\" decoding=\"async\" width=\"300\" height=\"207\" src=\"https:\/\/ripess.eu\/wp-content\/uploads\/sites\/4\/2022\/06\/EkoCentrum_Wroclaw_Poland_picture_outside-1.jpg\" class=\"attachment-medium size-medium\" alt=\"\" \/><\/a>\n\t\t\t<\/dt><\/dl><dl class='gallery-item'>\n\t\t\t<dt class='gallery-icon landscape'>\n\t\t\t\t<a href='https:\/\/ripess.eu\/es\/11a-ag-2022-breslavia-polonia\/para-viajar-a-wroclaw-polonia\/wroclaw_poland_city_view-2\/'><img loading=\"lazy\" decoding=\"async\" width=\"300\" height=\"199\" src=\"https:\/\/ripess.eu\/wp-content\/uploads\/sites\/4\/2022\/06\/wroclaw_poland_city_view.jpg\" class=\"attachment-medium size-medium\" alt=\"\" \/><\/a>\n\t\t\t<\/dt><\/dl><br style=\"clear: both\" \/>\n\t\t<\/div>\n\n<hr \/>\n<h3><\/h3>\n<h3>\u00bfD\u00f3nde se celebrar\u00e1 la reuni\u00f3n?<\/h3>\n<p>Nuestro lugar de encuentro ser\u00e1 el <strong><br \/>\n<a href=\"http:\/\/new.eko.wroc.pl\/wynajem-sal\/\" target=\"_blank\" rel=\"noopener\">EkoCentrum<\/a><br \/>\n<\/strong>. Es parte de Fundacja EkoRozwoju, miembro de RIPESS Europe.<\/p>\n<ul>\n<li><strong>Direcci\u00f3n<\/strong>: ul. \u015bw. Wincentego 25AC Wroc\u0142aw<\/li>\n<li><strong>Paradas de autob\u00fas\/tranv\u00eda m\u00e1s cercanas<\/strong>: Pauli\u0144ska o Dworzec Nadodrze<\/li>\n<\/ul>\n<p>&nbsp;<\/p>\n<hr \/>\n<h3><\/h3>\n<h3>\u00bfC\u00f3mo llegar hasta elCentrum EkoCentrum?<\/h3>\n<p>Tendr\u00e1s que pasar por el patio trasero, a trav\u00e9s de una de las tres entradas (con flechas azules), luego te encontrar\u00e1s con una puerta roja. Despu\u00e9s de pasarlo, tienes que ir al edificio de la izquierda y usar el interforno (presiona 1, seguido de\u00a0 # y espera a que se abra la puerta). Este \u00faltimo paso puede no ser necesario si la puerta ya est\u00e1 abierta.<\/p>\n<p>&nbsp;<\/p>\n<hr \/>\n<h3><\/h3>\n<h3>\u00bfC\u00f3mo llegar a Breslavia?<\/h3>\n<h4>Opci\u00f3n 1. Ferrocarril<\/h4>\n<p>Si quieres llegar a Wroc\u0142aw en tren, lo m\u00e1s probable es que llegues a Wroc\u0142aw G\u0142\u00f3wny (Wroc\u0142aw Central Station). Puedes reservar tu billete de tren desde el sitio web de <a href=\"https:\/\/www.interrail.eu\/en\/plan-your-trip\" target=\"_blank\" rel=\"noopener\">Interrail<\/a> o <a href=\"https:\/\/www.polishtrains.eu\/?c=9917013567&amp;a=98719745245&amp;e=&amp;t=kwd-12684326&amp;i=&amp;p=9055318&amp;m=b&amp;n=g&amp;d=c&amp;dm=&amp;k=intercity&amp;pc=&amp;ap=&amp;r=16671070116234002874&amp;gclid=Cj0KCQjw8O-VBhCpARIsACMvVLOL4r46jeTzXIRwVXYTUeQU0WWJcIyZA94vrqEOOJxGzQzm4mkxtiwaArVpEALw_wcB\" target=\"_blank\" rel=\"noopener\">Polish Intercity<\/a> (o en cualquier otro sitio web).<\/p>\n<ul>\n<li><strong>Direcci\u00f3n de la estaci\u00f3n principal<\/strong>: ul. Pi\u0142sudskiego 105, Breslavia<\/li>\n<li><strong>Paradas de autob\u00fas\/tranv\u00eda m\u00e1s cercanas<\/strong>: Dworzec G\u0142\u00f3wny; Dworzec G\u0142\u00f3wny (Dworcowa); Arkady (Capitolio)<\/li>\n<\/ul>\n<p>&nbsp;<\/p>\n<h4>Opci\u00f3n 2. Autob\u00fas<\/h4>\n<p>Wroc\u0142aw tambi\u00e9n tiene una estaci\u00f3n de autobuses de larga distancia. Puedes llegar a Wroc\u0142aw utilizando Flixbus, por ejemplo, u otra empresa de transporte por carretera.<\/p>\n<ul>\n<li><strong>Direcci\u00f3n<\/strong>: ul. Sucha 1, Breslavia<\/li>\n<li><strong>Parada de autob\u00fas\/tranv\u00eda m\u00e1s cercana<\/strong>: Dworzec Autobusowy<\/li>\n<\/ul>\n<p>&nbsp;<\/p>\n<h4>Opci\u00f3n 3. Aeropuerto<\/h4>\n<p>Si te conviene m\u00e1s, tambi\u00e9n es posible llegar a Breslavia en avi\u00f3n. A diferencia de las estaciones de tren y autob\u00fas, el aeropuerto no se encuentra en el centro de la ciudad, pero est\u00e1 muy bien comunicado. Debes tener cuidado, puede haber atascos. Tu viaje desde el aeropuerto hasta el hotel puede tomar m\u00e1s tiempo de lo esperado.<\/p>\n<p>El nombre completo del aeropuerto es \u00ab<strong>Lotnisko Wroc\u0142aw Strachowice im. Miko\u0142aja Kopernika<\/strong>\u00bb (Aeropuerto Wroc\u0142aw Strachowice de Nicolaus Copernic).<\/p>\n<p>Le aconsejamos que consulte la p\u00e1gina web de <a href=\"https:\/\/www.lot.com\/fr\/en\" target=\"_blank\" rel=\"noopener\"><strong>LOT Polish Airlines<\/strong><\/a> para comprar sus billetes de avi\u00f3n.<\/p>\n<p>El viaje desde el aeropuerto a EkoCentrum dura unos 30 minutos en coche y 1 hora en transporte p\u00fablico.<\/p>\n<ul>\n<li>Direcci\u00f3n: ul. Graniczna 190, Breslavia<\/li>\n<li>Parada de autob\u00fas\/tranv\u00eda m\u00e1s cercana: Port Lotniczy<\/li>\n<\/ul>\n<p>&nbsp;<\/p>\n<hr \/>\n<h3><\/h3>\n<h3>\u00bfC\u00f3mo circular dentro de Wroc\u0142aw?<\/h3>\n<p>En Breslavia, te recomendamos que utilices el transporte p\u00fablico. Hay una red de autobuses y tranv\u00edas.<br \/>\nPuedes consultar sus rutas a trav\u00e9s del sitio web <strong><a href=\"https:\/\/jakdojade.pl\/lista-miast\" target=\"_blank\" rel=\"noopener\">jakdojade.pl<\/a><br \/>\n<\/strong> o a trav\u00e9s de la aplicaci\u00f3n m\u00f3vil JakDojade. El sitio web tambi\u00e9n tiene una versi\u00f3n en ingl\u00e9s: puedes cambiar el idioma en la configuraci\u00f3n del sitio web (esquina superior derecha). Junto a la descripci\u00f3n de cada lugar de importancia para nosotrxs, se menciona la parada de autob\u00fas \/ tranv\u00eda m\u00e1s cercana. Esto te permitir\u00e1 saber cu\u00e1nto tiempo te llevar\u00e1 llegar de un lugar a otro.<\/p>\n<p>En Breslavia tambi\u00e9n hay una red de bicicletas p\u00fablicas. Para alquilar una, se recomienda descargar la aplicaci\u00f3n m\u00f3vil adecuada: <a href=\"https:\/\/wroclawskirower.pl\/en\/\" target=\"_blank\" rel=\"noopener\">https:\/\/wroclawskirower.pl\/en\/<\/a>. Tienes que crear una cuenta antes de poder usarla.<\/p>\n<p>Si decides alojarte en el MoHostel, estar\u00e1s a 5 minutos a pie del EkoCentrum.<br \/>\nTambi\u00e9n puede usar scooters el\u00e9ctricos, taxis, Ubers o autos de alquiler.<\/p>\n<p><strong>Para obtener m\u00e1s informaci\u00f3n, p\u00f3ngase en contacto con Mariusz: ess@fairtrade.org.pl.<\/strong><\/p>\n","protected":false},"excerpt":{"rendered":"<p>\u00bfD\u00f3nde se celebrar\u00e1 la reuni\u00f3n? Nuestro lugar de encuentro ser\u00e1 el EkoCentrum . Es parte de Fundacja EkoRozwoju, miembro de RIPESS Europe. Direcci\u00f3n: ul. \u015bw. Wincentego 25AC Wroc\u0142aw Paradas de [&hellip;]<\/p>\n","protected":false},"author":6,"featured_media":0,"parent":31560,"menu_order":0,"comment_status":"closed","ping_status":"closed","template":"","meta":{"_et_pb_use_builder":"","_et_pb_old_content":"","_et_gb_content_width":"","footnotes":""},"class_list":["post-31649","page","type-page","status-publish","hentry"],"_links":{"self":[{"href":"https:\/\/ripess.eu\/es\/wp-json\/wp\/v2\/pages\/31649","targetHints":{"allow":["GET"]}}],"collection":[{"href":"https:\/\/ripess.eu\/es\/wp-json\/wp\/v2\/pages"}],"about":[{"href":"https:\/\/ripess.eu\/es\/wp-json\/wp\/v2\/types\/page"}],"author":[{"embeddable":true,"href":"https:\/\/ripess.eu\/es\/wp-json\/wp\/v2\/users\/6"}],"replies":[{"embeddable":true,"href":"https:\/\/ripess.eu\/es\/wp-json\/wp\/v2\/comments?post=31649"}],"version-history":[{"count":0,"href":"https:\/\/ripess.eu\/es\/wp-json\/wp\/v2\/pages\/31649\/revisions"}],"up":[{"embeddable":true,"href":"https:\/\/ripess.eu\/es\/wp-json\/wp\/v2\/pages\/31560"}],"wp:attachment":[{"href":"https:\/\/ripess.eu\/es\/wp-json\/wp\/v2\/media?parent=31649"}],"curies":[{"name":"wp","href":"https:\/\/api.w.org\/{rel}","templated":true}]}}