{"id":31560,"date":"2022-06-13T15:27:12","date_gmt":"2022-06-13T13:27:12","guid":{"rendered":"https:\/\/ripess.eu\/asambleas-generales\/11a-ag-2022-breslavia-polonia\/"},"modified":"2022-11-03T15:01:36","modified_gmt":"2022-11-03T14:01:36","slug":"11a-ag-2022-breslavia-polonia","status":"publish","type":"page","link":"https:\/\/ripess.eu\/es\/11a-ag-2022-breslavia-polonia\/","title":{"rendered":"11\u00aa AG 2022 -Wroclaw, Polonia"},"content":{"rendered":"<h2 style=\"text-align: center\"><span style=\"color: #3366ff\">Save the date: \u00a1del 17 al 20 de septiembre de 2022!<\/span><\/h2>\n\n\t\t<style type=\"text\/css\">\n\t\t\t#gallery-1 {\n\t\t\t\tmargin: auto;\n\t\t\t}\n\t\t\t#gallery-1 .gallery-item {\n\t\t\t\tfloat: left;\n\t\t\t\tmargin-top: 10px;\n\t\t\t\ttext-align: center;\n\t\t\t\twidth: 50%;\n\t\t\t}\n\t\t\t#gallery-1 img {\n\t\t\t\tborder: 2px solid #cfcfcf;\n\t\t\t}\n\t\t\t#gallery-1 .gallery-caption {\n\t\t\t\tmargin-left: 0;\n\t\t\t}\n\t\t\t\/* see gallery_shortcode() in wp-includes\/media.php *\/\n\t\t<\/style>\n\t\t<div id='gallery-1' class='gallery galleryid-31560 gallery-columns-2 gallery-size-large'><dl class='gallery-item'>\n\t\t\t<dt class='gallery-icon landscape'>\n\t\t\t\t<a href='https:\/\/ripess.eu\/es\/11a-ag-2022-breslavia-polonia\/para-viajar-a-wroclaw-polonia\/ekocentrum_wroclaw_poland_picture_outside-2-2\/'><img loading=\"lazy\" decoding=\"async\" width=\"944\" height=\"651\" src=\"https:\/\/ripess.eu\/wp-content\/uploads\/sites\/4\/2022\/06\/EkoCentrum_Wroclaw_Poland_picture_outside-1.jpg\" class=\"attachment-large size-large\" alt=\"\" \/><\/a>\n\t\t\t<\/dt><\/dl><dl class='gallery-item'>\n\t\t\t<dt class='gallery-icon landscape'>\n\t\t\t\t<a href='https:\/\/ripess.eu\/es\/11a-ag-2022-breslavia-polonia\/para-viajar-a-wroclaw-polonia\/wroclaw_poland_city_view-2\/'><img loading=\"lazy\" decoding=\"async\" width=\"640\" height=\"425\" src=\"https:\/\/ripess.eu\/wp-content\/uploads\/sites\/4\/2022\/06\/wroclaw_poland_city_view.jpg\" class=\"attachment-large size-large\" alt=\"\" \/><\/a>\n\t\t\t<\/dt><\/dl><br style=\"clear: both\" \/>\n\t\t<\/div>\n\n<hr \/>\n<p><span style=\"color: #000000\">Este a\u00f1o, la Asamblea General de la red tendr\u00e1 lugar en <strong><span style=\"color: #0000ff\">Wroclaw (Polonia)<\/span>,<\/strong> organizada por primera vez por <span style=\"color: #0000ff\"><strong>nuestrxs miembrxs polacxs<\/strong><\/span>. A medida que entramos en una segunda d\u00e9cada, despu\u00e9s de dos a\u00f1os de crisis de Covid, la guerra en Ucrania, un cambio clim\u00e1tico cada vez m\u00e1s evidente, y un entorno pol\u00edtico y econ\u00f3mico que est\u00e1 cambiando r\u00e1pidamente, <strong>nuestro triple objetivo<\/strong> de promover los ecosistemas de la econom\u00eda social solidaria en todo el continente y m\u00e1s all\u00e1, haciendo que la ESS sea m\u00e1s visible y reconocida, tanto institucionalmente como en la opini\u00f3n p\u00fablica, y contribuyendo al fortalecimiento de un movimiento social plural de econom\u00edas transformadoras, <strong>se ha vuelto a\u00fan m\u00e1s desafiante<\/strong>.<\/span><\/p>\n<p><span style=\"color: #000000\">Adem\u00e1s, despu\u00e9s de varios a\u00f1os de intentar poner el foco<strong> en Europa Central y Oriental<\/strong>, finalmente hemos decidido reunirnos en la regi\u00f3n y dedicaremos tiempo y esfuerzo para intercambiar con lxs miembros y otras redes y organizaciones y <strong>obtener m\u00e1s informaci\u00f3n sobre c\u00f3mo se est\u00e1 desarrollando<\/strong> la ESS y cu\u00e1les son las formas de intercooperaci\u00f3n que pueden promoverse a\u00fan m\u00e1s.<\/span><\/p>\n<p><span style=\"color: #000000\">Esta es una <strong>Asamblea anual muy importante<\/strong>: es un momento crucial para <strong>reevaluar nuestros fundamentos<\/strong> (e iniciar un proceso para una carta de principios europea renovada o un manifiesto de Econom\u00eda Solidaria), para <strong>reforzar nuestra gobernanza y creaci\u00f3n de redes<\/strong> (e introducir nuevas personas en la coordinaci\u00f3n), para <strong>reorientar nuestra estrategia y objetivos<\/strong> para los pr\u00f3ximos a\u00f1os, a la luz de las nuevas pol\u00edticas europeas, las relaciones con aliadxs y socixs, a medida que <strong>consolidaremos la red<\/strong> ahora presente en 22 pa\u00edses.<\/span><\/p>\n<p><span style=\"color: #000000\">La Asamblea General es un <strong>espacio de construcci\u00f3n de la comunidad<\/strong>, para intercambiar conocimientos y experiencias y para establecer <strong>asociaciones interseccionales<\/strong> con otrxs miembros de la comunidad RIPESS Europa. Es por eso que insistimos en hacerla en persona y esperamos que puedan unirse tantxs de nuestrxs miembrxs como sea posible. Por supuesto, las sesiones principales tambi\u00e9n ser\u00e1n accesibles en l\u00ednea.<\/span><\/p>\n<p><span style=\"color: #000000\">En esta p\u00e1gina encontrar\u00e1s toda la informaci\u00f3n clave para participar en la Asamblea General (AG).<\/span><\/p>\n<p><span style=\"color: #000000\">En primer lugar, si desea venir a la AG, debe registrarse a continuaci\u00f3n:<\/span><\/p>\n<p><span style=\"color: #000000\"><a href='https:\/\/ripess.eu\/en\/eforms\/ga2022-registration-form\/36\/' class='big-button bigred' target=\"_blank\">Reg\u00edstrese aqu\u00ed<\/a><\/span><\/p>\n<h2><span style=\"color: #0000ff\">Informaci\u00f3n principal sobre la AG 2022<\/span><\/h2>\n<p><span style=\"color: #000000\"><strong>\u00bfQui\u00e9n es el anfitri\u00f3n? <a style=\"color: #000000\" href=\"https:\/\/www.fairtrade.org.pl\/about-us\/\" target=\"_blank\" rel=\"noopener\">FairTrade Polonia<\/a><\/strong> !<\/span><\/p>\n<p><span style=\"color: #000000\"><strong>\u00bfD\u00f3nde trabajaremos?<\/strong> En el <strong><a style=\"color: #000000\" href=\"http:\/\/new.eko.wroc.pl\/wynajem-sal\/\" target=\"_blank\" rel=\"noopener\">Ekocentrum<\/a><\/strong> de Breslavia. <\/span><\/p>\n<p><span style=\"color: #000000\">Para<strong> cuestiones log\u00edsticas (viajes, alojamiento, etc.),<\/strong> puedes ponerte en contacto con: <strong>Marius <\/strong>(ess@fairtrade.org.pl)<\/span><\/p>\n<p><span style=\"color: #000000\">Para todos los dem\u00e1s asuntos, ponte en contacto con: info@ripess.eu <\/span><\/p>\n<div class=\"entry\">\n<p><span style=\"color: #000000\">Aqu\u00ed, puedes encontrar m\u00e1s informaci\u00f3n sobre:<\/span><\/p>\n<ul>\n<li><span style=\"color: #0000ff\"><a style=\"color: #0000ff\" href=\"https:\/\/nextcloud.ripess.eu\/s\/Gi3SqPjjpL5C4r2\" target=\"_blank\" rel=\"noopener\"><strong>Programa de la Asamblea General (borrador)<\/strong><\/a><\/span><\/li>\n<li><span style=\"color: #0000ff\"><strong><a style=\"color: #0000ff\" href=\"https:\/\/ripess.eu\/es\/asambleas-generales\/11a-ag-2022-breslavia-polonia\/para-viajar-a-wroclaw-polonia\/\" target=\"_blank\" rel=\"noopener\"><em>C\u00f3mo planificar su viaje a Wroclaw<\/em><\/a><\/strong><\/span><\/li>\n<li><span style=\"color: #0000ff\"><a style=\"color: #0000ff\" href=\"https:\/\/ripess.eu\/es\/asambleas-generales\/11a-ag-2022-breslavia-polonia\/comida-y-alojamiento-en-breslavia-polonia\/\" target=\"_blank\" rel=\"noopener\"><strong><em>Comida y alojamiento<\/em><\/strong><\/a><\/span><\/li>\n<li><span style=\"color: #0000ff\"><a style=\"color: #0000ff\" href=\"https:\/\/ripess.eu\/es\/que-costes-cubre-ripess-eu\/\" target=\"_blank\" rel=\"noopener\"><strong><em>Qu\u00e9 costes cubre RIPESS EU<\/em><\/strong><\/a><\/span><\/li>\n<li><span style=\"color: #000000\"><em><a href=\"https:\/\/nextcloud.ripess.eu\/s\/WWzc6Q3C8Q5XctD\" target=\"_blank\" rel=\"noopener\"><span style=\"color: #0000ff\"><strong>Infopack de participantes<\/strong> <\/span><\/a>(miembros e invitadxs) (en ingl\u00e9s)<\/em><\/span><\/li>\n<li><a href=\"https:\/\/nextcloud.ripess.eu\/s\/9aQ3LWHrnSLPWTH\" target=\"_blank\" rel=\"noopener\"><span style=\"color: #ff0000\"><strong>INFORME DE LA ASAMBLEA GENERAL<\/strong><\/span><\/a> (en ingl\u00e9s)<\/li>\n<\/ul>\n<h2><span style=\"color: #0000ff\"><strong>PREPARACI\u00d3N DE LA ASAMBLEA GENERAL<\/strong><\/span><\/h2>\n<\/div>\n<p><span style=\"color: #000000\">Si necesitas ceder tu <strong>voto <\/strong>a otro miembro, por favor <strong>rellena y env\u00eda <a style=\"color: #000000\" href=\"https:\/\/nextcloud.ripess.eu\/s\/BzQRqyYN2DcYgDA\" target=\"_blank\" rel=\"noopener\">este formulario<\/a><\/strong>.<\/span><\/p>\n<p><span style=\"color: #000000\">Por favor, lea detenidamente el documento \u00ab<a style=\"color: #000000\" href=\"https:\/\/nextcloud.ripess.eu\/s\/QmmHGrmHY7Q8NWD\" target=\"_blank\" rel=\"noopener\"><strong>Renovaci\u00f3n de CoCo \u2013 Apelaci\u00f3n para candidatos<\/strong><\/a>\u00ab.<\/span><\/p>\n<div class=\"entry\">\n<p><span style=\"color: #000000\">\u2013 <a style=\"color: #000000\" href=\"https:\/\/cloud.ripess.eu\/index.php\/s\/xTBcnWm76a65Yy7\"><strong>Documento de orientaci\u00f3n estrat\u00e9gica 2021-2023<\/strong><br \/>\n<\/a>: este documento fue preparado por el Comit\u00e9 de Coordinaci\u00f3n y el grupo de trabajo de estrategia y fue discutido y revisado en la Asamblea General en septiembre de 2021.<\/span><\/p>\n<p><span style=\"color: #000000\">\u2013 <strong>Foro para la preparaci\u00f3n de la Asamblea General<\/strong>: para ayudar a construir la Asamblea General juntxs, hemos abierto un foro espec\u00edfico de discusi\u00f3n en Framavox <a href='https:\/\/framavox.org\/ripesseu-ga-2022-see-you-in-wroclaw-poland-_-17-to-20-sept22\/' class='small-button smallred' target=\"_blank\">A TRAV\u00c9S DE ESTE ENLACE<\/a> Debe estar registradx para participar.<\/span><\/p>\n<\/div>\n","protected":false},"excerpt":{"rendered":"<p>Save the date: \u00a1del 17 al 20 de septiembre de 2022! \n\t\t<style type=\"text\/css\">\n\t\t\t#gallery-2 {\n\t\t\t\tmargin: auto;\n\t\t\t}\n\t\t\t#gallery-2 .gallery-item {\n\t\t\t\tfloat: left;\n\t\t\t\tmargin-top: 10px;\n\t\t\t\ttext-align: center;\n\t\t\t\twidth: 50%;\n\t\t\t}\n\t\t\t#gallery-2 img {\n\t\t\t\tborder: 2px solid #cfcfcf;\n\t\t\t}\n\t\t\t#gallery-2 .gallery-caption {\n\t\t\t\tmargin-left: 0;\n\t\t\t}\n\t\t\t\/* see gallery_shortcode() in wp-includes\/media.php *\/\n\t\t<\/style>\n\t\t<div id='gallery-2' class='gallery galleryid-31560 gallery-columns-2 gallery-size-large'><dl class='gallery-item'>\n\t\t\t<dt class='gallery-icon landscape'>\n\t\t\t\t<a href='https:\/\/ripess.eu\/es\/11a-ag-2022-breslavia-polonia\/para-viajar-a-wroclaw-polonia\/ekocentrum_wroclaw_poland_picture_outside-2-2\/'><img width=\"944\" height=\"651\" src=\"https:\/\/ripess.eu\/wp-content\/uploads\/sites\/4\/2022\/06\/EkoCentrum_Wroclaw_Poland_picture_outside-1.jpg\" class=\"attachment-large size-large\" alt=\"\" decoding=\"async\" loading=\"lazy\" \/><\/a>\n\t\t\t<\/dt><\/dl><dl class='gallery-item'>\n\t\t\t<dt class='gallery-icon landscape'>\n\t\t\t\t<a href='https:\/\/ripess.eu\/es\/11a-ag-2022-breslavia-polonia\/para-viajar-a-wroclaw-polonia\/wroclaw_poland_city_view-2\/'><img width=\"640\" height=\"425\" src=\"https:\/\/ripess.eu\/wp-content\/uploads\/sites\/4\/2022\/06\/wroclaw_poland_city_view.jpg\" class=\"attachment-large size-large\" alt=\"\" decoding=\"async\" loading=\"lazy\" \/><\/a>\n\t\t\t<\/dt><\/dl><br style=\"clear: both\" \/>\n\t\t<\/div>\n Este a\u00f1o, la Asamblea General de la red tendr\u00e1 lugar en Wroclaw (Polonia), organizada por [&hellip;]<\/p>\n","protected":false},"author":6,"featured_media":334536,"parent":0,"menu_order":0,"comment_status":"closed","ping_status":"closed","template":"","meta":{"_et_pb_use_builder":"on","_et_pb_old_content":"","_et_gb_content_width":"","footnotes":""},"class_list":["post-31560","page","type-page","status-publish","has-post-thumbnail","hentry"],"_links":{"self":[{"href":"https:\/\/ripess.eu\/es\/wp-json\/wp\/v2\/pages\/31560","targetHints":{"allow":["GET"]}}],"collection":[{"href":"https:\/\/ripess.eu\/es\/wp-json\/wp\/v2\/pages"}],"about":[{"href":"https:\/\/ripess.eu\/es\/wp-json\/wp\/v2\/types\/page"}],"author":[{"embeddable":true,"href":"https:\/\/ripess.eu\/es\/wp-json\/wp\/v2\/users\/6"}],"replies":[{"embeddable":true,"href":"https:\/\/ripess.eu\/es\/wp-json\/wp\/v2\/comments?post=31560"}],"version-history":[{"count":0,"href":"https:\/\/ripess.eu\/es\/wp-json\/wp\/v2\/pages\/31560\/revisions"}],"wp:featuredmedia":[{"embeddable":true,"href":"https:\/\/ripess.eu\/es\/wp-json\/wp\/v2\/media\/334536"}],"wp:attachment":[{"href":"https:\/\/ripess.eu\/es\/wp-json\/wp\/v2\/media?parent=31560"}],"curies":[{"name":"wp","href":"https:\/\/api.w.org\/{rel}","templated":true}]}}