{"id":3101,"date":"2017-07-01T09:54:45","date_gmt":"2017-07-01T07:54:45","guid":{"rendered":"http:\/\/www.ripess.eu\/medios-alternativos-y-ess\/"},"modified":"2017-10-17T12:19:19","modified_gmt":"2017-10-17T10:19:19","slug":"medios-alternativos-y-ess","status":"publish","type":"page","link":"https:\/\/ripess.eu\/es\/medios-alternativos-y-ess\/","title":{"rendered":"Medios alternativos y ESS"},"content":{"rendered":"<p>En el transcurso del <strong><a href=\"http:\/\/www.universse2017.org\">UNIVERSSE 2017<\/a><\/strong> \u2013 4\u00b0 Congreso de la Econom\u00eda Social y Solidaria europea (ESS) en Atenas ( del 9 al 11 de junio 2017), tuvo lugar el primer encuentro europeo de medias alternativos, independientes, cooperativos y de la ESS. Reuni\u00f3 a representantes de unas veinte iniciativas medi\u00e1ticas de 10 pa\u00edses europeos distintos ( desde Grecia a Portugal) y de personas trabajando en organizaciones y redes de la ESS.<\/p>\n<p><!--more-->El intercambio de experiencias y discusiones que tuvo lugar mostr\u00f3 que todas las iniciativas de los medias participantes \u2013 aunque diferentes en su modelo y enfoque econ\u00f3mico (medias impresos y en l\u00ednea, colectivos de periodistas y medias militantes) \u2013 comparten los valores promovidos por la econom\u00eda solidaria y desean proporcionar una narraci\u00f3n del mundo distinta de la de los medias empresariales. Adem\u00e1s, est\u00e1n en capacidad de mostrar como soluciones positivas a la crisis econ\u00f3mica, financiera y ecol\u00f3gica, llevadas a cabo por ciudadanos y ciudadanas y empresas colectivas o cooperativas, est\u00e1n emergiendo en toda Europa y en el mundo.<\/p>\n<p>Lo\/as participantes decidieron trabajar en colaboraciones concretas, teniendo un inter\u00e9s com\u00fan a trabajar juntos para reforzarse mutuamente, m\u00e1s all\u00e1 de la dimensi\u00f3n local y nacional y para, en la medida de lo posible, implementar una red con la econom\u00eda solidaria.<\/p>\n<p>Entre les formas de colaboraci\u00f3n propuestas, estaban los elementos siguientes\u00a0:<\/p>\n<p>&#8211; Encontrar oportunidades y espacios para conocerse (y compartir informaciones sobre la gobernanza, el modo de trabajar, etc)<\/p>\n<p>&#8211; compartir contenidos y coproducir art\u00edculos [se hizo una primera propuesta de tem\u00e1ticas]<\/p>\n<p>&#8211; Financiamiento participativo com\u00fan y cofinanciaci\u00f3n<\/p>\n<p>&#8211; Iniciativas de formaciones por los pares (a partir de webinars)<\/p>\n<p>&#8211; Enfrentar los modelos y soluciones empresariales<\/p>\n<p>&#8211; Educaci\u00f3n medi\u00e1tica<\/p>\n<p>&#8211; Colaboraci\u00f3n con las redes ESS y otros eventos<\/p>\n<p>&#8211; Alianzas con los editores independientes<\/p>\n<p>&#8211; Encuentros peri\u00f3dicos para trabajar sobre proyectos concretos y sobre colaboraciones<\/p>\n<p>&#8211; Ripess Europa estar\u00e1 presente para facilitar la puesta en red y la promoci\u00f3n de los medias<\/p>\n<p>&#8211; Socioeco.org tendr\u00e1 como misi\u00f3n de agrupar art\u00edculos de distintos medias en el mapa de periodistas de soluciones<\/p>\n<p>&#8211; Herramientas de comunicaci\u00f3n y espacios para compartir y coordinarse (en una base rotativa)<\/p>\n<p>Atenas, 11 de julio 2017<\/p>\n<p>&nbsp;<\/p>\n<p>Aqu\u00ed est\u00e1 la lista de<a href=\"https:\/\/europe.ripess.rio20.net\/es\/medios-alternativos-y-ess\/redes-de-medios-alternativos-participantes\/\"> los medios de comunicaci\u00f3n y las iniciativas que est\u00e1n interesados en la construcci\u00f3n de la red<\/a>.<\/p>\n","protected":false},"excerpt":{"rendered":"<p>En el transcurso del UNIVERSSE 2017 \u2013 4\u00b0 Congreso de la Econom\u00eda Social y Solidaria europea (ESS) en Atenas ( del 9 al 11 de junio 2017), tuvo lugar el [&hellip;]<\/p>\n","protected":false},"author":1,"featured_media":3091,"parent":0,"menu_order":0,"comment_status":"closed","ping_status":"closed","template":"","meta":{"_et_pb_use_builder":"","_et_pb_old_content":"","_et_gb_content_width":"","footnotes":""},"class_list":["post-3101","page","type-page","status-publish","has-post-thumbnail","hentry"],"_links":{"self":[{"href":"https:\/\/ripess.eu\/es\/wp-json\/wp\/v2\/pages\/3101","targetHints":{"allow":["GET"]}}],"collection":[{"href":"https:\/\/ripess.eu\/es\/wp-json\/wp\/v2\/pages"}],"about":[{"href":"https:\/\/ripess.eu\/es\/wp-json\/wp\/v2\/types\/page"}],"author":[{"embeddable":true,"href":"https:\/\/ripess.eu\/es\/wp-json\/wp\/v2\/users\/1"}],"replies":[{"embeddable":true,"href":"https:\/\/ripess.eu\/es\/wp-json\/wp\/v2\/comments?post=3101"}],"version-history":[{"count":0,"href":"https:\/\/ripess.eu\/es\/wp-json\/wp\/v2\/pages\/3101\/revisions"}],"wp:featuredmedia":[{"embeddable":true,"href":"https:\/\/ripess.eu\/es\/wp-json\/wp\/v2\/media\/3091"}],"wp:attachment":[{"href":"https:\/\/ripess.eu\/es\/wp-json\/wp\/v2\/media?parent=3101"}],"curies":[{"name":"wp","href":"https:\/\/api.w.org\/{rel}","templated":true}]}}