{"id":2810,"date":"2016-03-25T13:41:24","date_gmt":"2016-03-25T11:41:24","guid":{"rendered":"http:\/\/www.ripess.eu\/proponer-su-evento-aqui\/"},"modified":"2016-03-25T13:41:24","modified_gmt":"2016-03-25T11:41:24","slug":"proponer-su-evento-aqui","status":"publish","type":"page","link":"https:\/\/ripess.eu\/es\/proponer-su-evento-aqui\/","title":{"rendered":"Proponer su evento aqu\u00ed"},"content":{"rendered":"<h4>La agenda de la ESS<\/h4>\n<p>Tiene un evento, iniciativa, reuni\u00f3n, curso, foro, congreso o toda forma de agrupaci\u00f3n ligada a la econom\u00eda social y solidaira y que desea promover gracias a la agenda p\u00fablica del RIPESS Europa?<\/p>\n<p>Basta llenar el formulario siguiente :<\/p>\n<p>[event_form]<\/p>\n","protected":false},"excerpt":{"rendered":"<p>La agenda de la ESS Tiene un evento, iniciativa, reuni\u00f3n, curso, foro, congreso o toda forma de agrupaci\u00f3n ligada a la econom\u00eda social y solidaira y que desea promover gracias [&hellip;]<\/p>\n","protected":false},"author":1,"featured_media":0,"parent":0,"menu_order":0,"comment_status":"closed","ping_status":"closed","template":"","meta":{"_et_pb_use_builder":"","_et_pb_old_content":"","_et_gb_content_width":"","footnotes":""},"class_list":["post-2810","page","type-page","status-publish","hentry"],"_links":{"self":[{"href":"https:\/\/ripess.eu\/es\/wp-json\/wp\/v2\/pages\/2810","targetHints":{"allow":["GET"]}}],"collection":[{"href":"https:\/\/ripess.eu\/es\/wp-json\/wp\/v2\/pages"}],"about":[{"href":"https:\/\/ripess.eu\/es\/wp-json\/wp\/v2\/types\/page"}],"author":[{"embeddable":true,"href":"https:\/\/ripess.eu\/es\/wp-json\/wp\/v2\/users\/1"}],"replies":[{"embeddable":true,"href":"https:\/\/ripess.eu\/es\/wp-json\/wp\/v2\/comments?post=2810"}],"version-history":[{"count":0,"href":"https:\/\/ripess.eu\/es\/wp-json\/wp\/v2\/pages\/2810\/revisions"}],"wp:attachment":[{"href":"https:\/\/ripess.eu\/es\/wp-json\/wp\/v2\/media?parent=2810"}],"curies":[{"name":"wp","href":"https:\/\/api.w.org\/{rel}","templated":true}]}}