{"id":2807,"date":"2014-10-09T23:28:31","date_gmt":"2014-10-09T22:28:31","guid":{"rendered":"http:\/\/www.ripess.eu\/recursos\/socioeco-org\/"},"modified":"2021-02-08T11:42:42","modified_gmt":"2021-02-08T10:42:42","slug":"socioeco-org","status":"publish","type":"page","link":"https:\/\/ripess.eu\/es\/recursos\/socioeco-org\/","title":{"rendered":"socioeco.org"},"content":{"rendered":"<p><em>Por Fran\u00e7oise Wautiez, 20 de abril 2017<\/em><\/p>\n<p><span style=\"color: #000000\">Socioeco.org. es un portal Internet de referencia de recursos documentales sobre la Econom\u00eda Social y Solidaria (ESS), Contiene m\u00ad\u00e1s de 5000 documentos de an\u00e1lisis y estudios de casos, m\u00e1s de 1500 publicaciones identificadas, cerca de 245 formaciones universitarias en ESS, <\/span><span style=\"color: #000000\">y todo esto en cinco idiomas de trabajo (castellano, franc\u00e9s, ingl\u00e9s, portugu\u00e9s e italiano) y dos incipientes (catal\u00e1n y alem\u00e1n).<\/span><\/p>\n<p>Algunos se sorprenden de que haya tantas cosas escritas sobre la ESS y en esto justamente consiste el desaf\u00edo, dar a ver la multiplicidad de iniciativas, enfoques, tem\u00e1ticas, autores, pol\u00edticas p\u00fablicas y legislaciones.<\/p>\n<p class=\"western\">Pero qu\u00e9 se puede encontrar precisamente en este sitio de recursos sobre la ESS\u00a0?<\/p>\n<ul>\n<li>\n<p class=\"western\"><i>informaci\u00f3n <\/i>acerca de los eventos ligados a la ESS en el mundo, cuando tengan un alcance nacional o internacional\u00a0;<\/p>\n<\/li>\n<li>\n<p class=\"western\"><i>documentos<\/i> muy diversos\u00a0: desde <a href=\"http:\/\/www.socioeco.org\/bdf_dossier-37_es.html\">herramientas pedag\u00f3gicas <\/a>en forma escrita o audiovisual hasta trabajos de investigaci\u00f3n universitaria, pasando por <a href=\"http:\/\/www.socioeco.org\/bdf_theses_es.html\">tesis<\/a>, art\u00edculos de fondo, notas de lectura, <a href=\"http:\/\/www.socioeco.org\/bdf_colloques_es.html\">intervenciones en eventos<\/a>, propuestas o cartas de principios\u00a0;<\/p>\n<\/li>\n<li>\n<p class=\"western\">los res\u00famenes, t\u00edtulos, autores, etc de las <span style=\"color: #0000ff\"><u><a class=\"western\" href=\"http:\/\/www.socioeco.org\/bdf_biblio-2015_es.html\">publicaciones<\/a><\/u><\/span> vinculadas con las tem\u00e1ticas de la econom\u00eda social y solidaria\u00a0;<\/p>\n<\/li>\n<li><a href=\"http:\/\/www.socioeco.org\/bdf_videos-2017_es.html\">videos;<\/a><\/li>\n<li>\n<p class=\"western\"><span style=\"color: #0000ff\"><u><a class=\"western\" href=\"http:\/\/www.socioeco.org\/bdf_dossier-36_es.html\">formaciones en ESS<\/a><\/u><\/span> en el mundo entero\u00a0;<\/p>\n<\/li>\n<li>\n<p class=\"western\">una <i>cartograf\u00eda<\/i>, llamada ESSglobal, que permite identificar iniciativas cerca de casa, desarrollada ya para 3 pa\u00edses\u00a0: Francia, Brasil y Quebec y pronto en numerosos otros pa\u00edses.<\/p>\n<\/li>\n<li>las <a href=\"http:\/\/www.socioeco.org\/bdf_legislation_es.html\">legislaciones<\/a> a favor de la ESS por pa\u00eds;<\/li>\n<li>un mapa de los <a href=\"http:\/\/www.socioeco.org\/solutions_es.html?hide_intro=1&amp;zoom=2&amp;lat=-5.9657536710655235&amp;lon=26.19140625&amp;maxzoom=8&amp;minzoom=0&amp;families=organismes&amp;categories=2\">medios alternativos<\/a>;<\/li>\n<li>dos mapas adicionales : un <a href=\"http:\/\/www.socioeco.org\/solutions_es.html\">mapa de las soluciones <\/a>que presenta las iniciativas concretas de ESS en el mundo y el <a href=\"http:\/\/www.socioeco.org\/polpub_es.html\">mapa de las pol\u00edticas p\u00fablicas<\/a> que identifica las pol\u00edticas p\u00fablicas a favor de la ESS a distintos niveles de lo local a lo internacional.<\/li>\n<\/ul>\n<p class=\"western\"><b>C\u00f3mo est\u00e1 organizada la informaci\u00f3n\u00a0?<\/b><\/p>\n<p class=\"western\">La idea es poder acceder al contenido desde el mayor n\u00famero posible de puntos de entrada. Existen por ende varios tipos de acceso\u00a0:<\/p>\n<ul>\n<li>\n<p class=\"western\"><i>tem\u00e1tico<\/i>\u00a0: 9 <span style=\"color: #0000ff\"><u><a class=\"western\" href=\"http:\/\/www.socioeco.org\/bdf_axe-1_es.html\">ejes tem\u00e1ticos<\/a><\/u><\/span>, 52 dossiers y 213 palabras claves organizan la informaci\u00f3n en forma clara y precisa\u00a0: finanzas solidarias, empresas de inserci\u00f3n, circuitos cortos, legislaci\u00f3n ESS, etc\u00a0;<\/p>\n<\/li>\n<li>\n<p class=\"western\"><span style=\"color: #0000ff\"><u><a class=\"western\" href=\"http:\/\/www.socioeco.org\/bdf_thesaurus-geo_es.html\">geogr\u00e1fica\/territorial\u00a0<\/a><\/u><\/span>;<\/p>\n<\/li>\n<li>\n<p class=\"western\"><i>por <\/i><span style=\"color: #0000ff\"><u><a class=\"western\" href=\"http:\/\/www.socioeco.org\/bdf_corpus-auteur_es.html\">autor<\/a><\/u><\/span>\u00a0: m\u00e1s de 4500 autores est\u00e1n ya presentes en el sitio\u00a0;<\/p>\n<\/li>\n<li>\n<p class=\"western\"><a href=\"http:\/\/www.socioeco.org\/bdf_colloques_es.html\"><i>por conferencia<\/i>\u00a0<\/a>; est\u00e1 nueva r\u00fabrica apunta a proporcionar un espacio para todas las intervenciones p\u00fablicas que tengan lugar en eventos vinculados con la ESS\u00a0;<\/p>\n<\/li>\n<li>\n<p class=\"western\"><i>dos cartograf\u00edas<\/i> ;<\/p>\n<\/li>\n<li>\n<p class=\"western\"><i>una <\/i><span style=\"color: #0000ff\"><u><a class=\"western\" href=\"http:\/\/www.socioeco.org\/page15_es.html\">enciclopedia<\/a><\/u><\/span> de la ESS, Solecopedia, con, entre otras, las definiciones de algunas de las palabras claves del sitio\u00a0: qu\u00e9 es el consumo responsable ? el comercio justo\u00a0? etc.<\/p>\n<\/li>\n<li>un <em>motor de b\u00fasqueda<\/em><\/li>\n<\/ul>\n<p class=\"western\"><b>Un trabajo en colaboraci\u00f3n con otros sitios dedicados a la ESS<\/b><\/p>\n<p class=\"western\">Existen muchos otros sitios que recopilan informaciones sobre la ESS o sobre aspectos espec\u00edficos de \u00e9sta\u00a0: por ejemplo, el sitio <span style=\"color: #0000ff\"><u><a class=\"western\" href=\"http:\/\/reliess.org\/?lang=es\">RELIESS<\/a><\/u><\/span>, dedicado a las pol\u00edticas p\u00fablicas en pro de la econom\u00eda social y solidaria. En vez de rehacer el trabajo, socioeco.org ha integrado los documentos de RELIESS\u00a0: su logo permite identificar los documentos que provienen de RELIESS y cliqueando, el visitante est\u00e1 directamente redireccionado hacia su sitio. De la misma forma se realiz\u00f3 la integraci\u00f3n con <i>Autour du 1<\/i><sup><i>er<\/i><\/sup><i> mai<\/i>\u00a0 para enriquecer socioeco con la filmograf\u00eda propia de la ESS, as\u00ed como con <span style=\"color: #0000ff\"><u><a class=\"western\" href=\"http:\/\/www.recma.org\/\">RECMA<\/a><\/u><\/span>, la revista internacional de la econom\u00eda social. La integraci\u00f3n de un sitio de investigaciones sobre las monedas complementarias se har\u00e1 en el transcurso de este a\u00f1o. Y tambi\u00e9n:<\/p>\n<ul>\n<li>La TV ESS del <a href=\"http:\/\/www.ripess.org\/\">RIPESS Intercontinental<\/a><\/li>\n<li>Le Laboratoire et Service International d\u2019appui Aux Organisations d\u2019Economie Sociale et Solidaire en Afrique (<a href=\"http:\/\/laboress-afrique.org\/\">Labo RAESS<\/a>)<\/li>\n<li>La plataforma <a href=\"http:\/\/www.alimenterre.org\/\">Alimenterre <\/a>\u2013 Nourrir le monde avec une agriculture familiale durable<\/li>\n<li><a href=\"http:\/\/www.saw-b.be\/spip\/\">SAW-B<\/a> \u2013 Solidarit\u00e9 des alternatives wallonnes et bruxelloises<\/li>\n<li>el sitio de <a href=\"http:\/\/coraggioeconomia.org\/\">Jos\u00e9 Luis Coraggio <\/a><\/li>\n<li>el <a href=\"http:\/\/www.economiasolidaria.org\/\">Portal de Econom\u00eda Solidaria<\/a><\/li>\n<li><a href=\"https:\/\/ijccr.net\/\">IJCCR<\/a> \u2013 International Journal of Community Currency Research<\/li>\n<li>el sitio de <a href=\"http:\/\/www.jeanlouislaville.fr\/\">Jean-Louis Laville<\/a><\/li>\n<\/ul>\n<p>O sea cerca de 16000 referencias&#8230;.<\/p>\n<p class=\"western\">Pueden encontrar accesos a socioeco.org gracias al logo socioeco integrado en sitios web como el excelente <span style=\"color: #0000ff\"><u><a class=\"western\" href=\"http:\/\/www.economiasolidaria.org\/\">Portal de economia solidaria<\/a><\/u><\/span>.<\/p>\n<h4 class=\"western\">Una colaboraci\u00f3n con el mundo de la investigaci\u00f3n<\/h4>\n<p class=\"western\">La red InterUniversitaria de la Econom\u00eda social y solidaria, el <span style=\"color: #0000ff\"><u><a class=\"western\" href=\"http:\/\/www.riuess.org\/\">RIUESS<\/a><\/u><\/span> ha optado por depositar las contribuciones presentadas durante sus coloquios anuales en socioeco. De esta manera, los documentos est\u00e1n accesibles desde dos lugares distintos\u00a0: el sitio de RIUESS mismo y socioeco.org donde la ventaja consiste en poder encontrar los documentos, no s\u00f3lo <a href=\"http:\/\/www.socioeco.org\/bdf_colloques_es.html\">por conferencia<\/a> sino tambi\u00e9n por palabras claves tem\u00e1ticas, geogr\u00e1ficas o por autores. De esta manera, no es necesario acordarse de la fecha de un evento preciso.<\/p>\n<p class=\"western\">No se olvid\u00f3 a los y las estudiantes\u00a0: socioeco.org recopila tambi\u00e9n <span style=\"color: #0000ff\"><u><a class=\"western\" href=\"http:\/\/www.socioeco.org\/page111_es.html\">las tesis<\/a><\/u><\/span> espec\u00edficamente dedicadas a la ESS de manera que sea posible explorar esta riqueza de contenidos. Un fichero en linea permite tambi\u00e9n a los estudiantes indicar el tema de la tesis que est\u00e1n elaborando, lo que puede permitir a otros u otras de colaborar con ello\/as. Una herramienta muy \u00fatil si llegara a desarrollarse.<\/p>\n<p class=\"western\">Para desarrollar socioeco.org, es importante poder contar con ustedes. Cu\u00e9ntennos sobre los documentos que piensan son importantes o que escribieron, redacten una presentaci\u00f3n suya para la ficha autor para mejor dar a conocer su trabajo, describan sus iniciativas.<\/p>\n<p>Este sitio est\u00e1 concebido para ser colaborativo, m\u00e1s contenidos hayan, m\u00e1s \u00fatil ser\u00e1 para todos y todas.<\/p>\n<p class=\"western\">No duden en escribir a\u00a0: Fran\u00e7oise Wautiez\u00a0: <span style=\"color: #0000ff\"><u>fwautiez@socioeco.org<\/u><\/span>. S\u00edgannos en la p\u00e1gina Facebook\/socioeco, el twitter socioecofr y scoop.it http:\/\/www.scoop.it\/t\/economie-sociale-et-solidaire-a-l-international (en varios idiomas)<\/p>\n","protected":false},"excerpt":{"rendered":"<p>Por Fran\u00e7oise Wautiez, 20 de abril 2017 Socioeco.org. es un portal Internet de referencia de recursos documentales sobre la Econom\u00eda Social y Solidaria (ESS), Contiene m\u00ad\u00e1s de 5000 documentos de [&hellip;]<\/p>\n","protected":false},"author":1,"featured_media":22174,"parent":2806,"menu_order":0,"comment_status":"open","ping_status":"closed","template":"","meta":{"_et_pb_use_builder":"","_et_pb_old_content":"","_et_gb_content_width":"","footnotes":""},"class_list":["post-2807","page","type-page","status-publish","has-post-thumbnail","hentry"],"_links":{"self":[{"href":"https:\/\/ripess.eu\/es\/wp-json\/wp\/v2\/pages\/2807","targetHints":{"allow":["GET"]}}],"collection":[{"href":"https:\/\/ripess.eu\/es\/wp-json\/wp\/v2\/pages"}],"about":[{"href":"https:\/\/ripess.eu\/es\/wp-json\/wp\/v2\/types\/page"}],"author":[{"embeddable":true,"href":"https:\/\/ripess.eu\/es\/wp-json\/wp\/v2\/users\/1"}],"replies":[{"embeddable":true,"href":"https:\/\/ripess.eu\/es\/wp-json\/wp\/v2\/comments?post=2807"}],"version-history":[{"count":0,"href":"https:\/\/ripess.eu\/es\/wp-json\/wp\/v2\/pages\/2807\/revisions"}],"up":[{"embeddable":true,"href":"https:\/\/ripess.eu\/es\/wp-json\/wp\/v2\/pages\/2806"}],"wp:featuredmedia":[{"embeddable":true,"href":"https:\/\/ripess.eu\/es\/wp-json\/wp\/v2\/media\/22174"}],"wp:attachment":[{"href":"https:\/\/ripess.eu\/es\/wp-json\/wp\/v2\/media?parent=2807"}],"curies":[{"name":"wp","href":"https:\/\/api.w.org\/{rel}","templated":true}]}}