{"id":2802,"date":"2014-05-28T15:28:14","date_gmt":"2014-05-28T14:28:14","guid":{"rendered":"http:\/\/www.ripess.eu\/quienes-somos\/objetivos\/"},"modified":"2022-05-18T14:41:33","modified_gmt":"2022-05-18T13:41:33","slug":"objetivos","status":"publish","type":"page","link":"https:\/\/ripess.eu\/es\/objetivos\/","title":{"rendered":"Objetivos"},"content":{"rendered":"<p><strong>RIPESS Europa &#8211; Solidarity Economy Europe, tiene como objetivo poner en contacto a profesionales, te\u00f3ricxs y responsables pol\u00edticxs de la econom\u00eda solidaria para promover y desarrollar la ESS <\/strong>a trav\u00e9s del intercambio de pr\u00e1cticas y el compromiso en acciones conjuntas.<\/p>\n<p>La red pretende promover otros modos de producci\u00f3n, consumo, ahorro e intercambio para la construcci\u00f3n de una normativa econ\u00f3mica m\u00e1s justa y un desarrollo m\u00e1s solidario.<\/p>\n<p>La RIPESS organiza una reuni\u00f3n anual dedicada a la revisi\u00f3n de su estrategia, que se fija cada tres a\u00f1os y evoluciona en funci\u00f3n del contexto europeo e internacional.<\/p>\n<p>Los objetivos pueden resumirse en tres categor\u00edas:<\/p>\n<p><strong>Promover los ecosistemas territoriales y apoyar la aparici\u00f3n de nuevas redes organizando su intercooperaci\u00f3n econ\u00f3mica.<\/strong><\/p>\n<p>1.1 Apoyar la elaboraci\u00f3n de iniciativas que permitan a los miembros conocerse mejor; intercambiar bienes, servicios y competencias; y potenciar sus actividades y fomentar su escisi\u00f3n<\/p>\n<p>1.2 Mejorar continuamente las herramientas de comunicaci\u00f3n utilizando y ofreciendo herramientas digitales de colaboraci\u00f3n<\/p>\n<p>1.3 Reforzar la investigaci\u00f3n junto con el Comit\u00e9 Cient\u00edfico (ver gobernanza)<\/p>\n<p><strong>Continuar el esfuerzo de desarrollo y reconocimiento de la econom\u00eda solidaria en co-construcci\u00f3n con los actores de las pol\u00edticas p\u00fablicas<\/strong><\/p>\n<p>2.1 Fomentar la participaci\u00f3n de los miembros en sus contextos para co-construir pol\u00edticas p\u00fablicas y herramientas de evaluaci\u00f3n pertinentes basadas en el desarrollo colectivo y la participaci\u00f3n de los actores<\/p>\n<p>2.2 Sistematizar la recopilaci\u00f3n de lo que cada pa\u00eds est\u00e1 implementando en relaci\u00f3n con los actores para promover el desarrollo de la ESS<\/p>\n<p>2.3 Organizar un seguimiento tecnol\u00f3gico sobre los movimientos de las instancias pol\u00edticas e intervenir siempre que sea necesario en defensa de los intereses de los actores de la ESS, publicando art\u00edculos y\/o interpelando a los responsables pol\u00edticos.<\/p>\n<p>2.4 Unirse a las redes y centros de investigaci\u00f3n europeos para la defensa colectiva de la ESS<\/p>\n<p>2.5 Desarrollar la cooperaci\u00f3n territorial en la perspectiva de los ecosistemas de la econom\u00eda solidaria.<\/p>\n<p>2.6 Reforzar los v\u00ednculos con la prensa alternativa y otros medios de comunicaci\u00f3n<\/p>\n<p><strong>Creaci\u00f3n y fortalecimiento de alianzas<\/strong><\/p>\n<p>3.1 Asociar la celebraci\u00f3n de la Asamblea General de la UE de la RIPESS a un acto nacional dirigido por uno de sus miembros<\/p>\n<p>3.2 Construir una agenda colectiva de eventos apoyados por diferentes organizaciones que trabajan por la transformaci\u00f3n econ\u00f3mica<\/p>\n<p>3.3 Promover la participaci\u00f3n democr\u00e1tica de lxs ciudadanxs y la autoorganizaci\u00f3n como motores clave del cambio sist\u00e9mico<\/p>\n<p>3.4 Desarrollar m\u00f3dulos de formaci\u00f3n para un p\u00fablico amplio y diverso<\/p>\n<p>3.5 Aumentar las oportunidades de experiencias, colaboraciones y participaci\u00f3n activa de los j\u00f3venes como base para la creaci\u00f3n de redes y de una plataforma de ESS juvenil<\/p>\n<p>3.6 Crear seminarios web para apoyar todos estos objetivos<\/p>\n<p>&nbsp;<\/p>\n","protected":false},"excerpt":{"rendered":"<p>RIPESS Europa &#8211; Solidarity Economy Europe, tiene como objetivo poner en contacto a profesionales, te\u00f3ricxs y responsables pol\u00edticxs de la econom\u00eda solidaria para promover y desarrollar la ESS a trav\u00e9s [&hellip;]<\/p>\n","protected":false},"author":4,"featured_media":0,"parent":0,"menu_order":0,"comment_status":"closed","ping_status":"closed","template":"","meta":{"_et_pb_use_builder":"","_et_pb_old_content":"","_et_gb_content_width":"","footnotes":""},"class_list":["post-2802","page","type-page","status-publish","hentry"],"_links":{"self":[{"href":"https:\/\/ripess.eu\/es\/wp-json\/wp\/v2\/pages\/2802","targetHints":{"allow":["GET"]}}],"collection":[{"href":"https:\/\/ripess.eu\/es\/wp-json\/wp\/v2\/pages"}],"about":[{"href":"https:\/\/ripess.eu\/es\/wp-json\/wp\/v2\/types\/page"}],"author":[{"embeddable":true,"href":"https:\/\/ripess.eu\/es\/wp-json\/wp\/v2\/users\/4"}],"replies":[{"embeddable":true,"href":"https:\/\/ripess.eu\/es\/wp-json\/wp\/v2\/comments?post=2802"}],"version-history":[{"count":0,"href":"https:\/\/ripess.eu\/es\/wp-json\/wp\/v2\/pages\/2802\/revisions"}],"wp:attachment":[{"href":"https:\/\/ripess.eu\/es\/wp-json\/wp\/v2\/media?parent=2802"}],"curies":[{"name":"wp","href":"https:\/\/api.w.org\/{rel}","templated":true}]}}