{"id":2801,"date":"2014-05-29T08:05:29","date_gmt":"2014-05-29T06:05:29","guid":{"rendered":"http:\/\/www.ripess.eu\/quienes-somos\/historia\/"},"modified":"2023-01-17T19:21:56","modified_gmt":"2023-01-17T18:21:56","slug":"historia","status":"publish","type":"page","link":"https:\/\/ripess.eu\/es\/historia\/","title":{"rendered":"Historia"},"content":{"rendered":"<p>[et_pb_section fb_built=\u00bb1&#8243; admin_label=\u00bbsection\u00bb _builder_version=\u00bb4.16&#8243; global_colors_info=\u00bb{}\u00bb][et_pb_row admin_label=\u00bbrow\u00bb _builder_version=\u00bb4.16&#8243; background_size=\u00bbinitial\u00bb background_position=\u00bbtop_left\u00bb background_repeat=\u00bbrepeat\u00bb global_colors_info=\u00bb{}\u00bb][et_pb_column type=\u00bb4_4&#8243; _builder_version=\u00bb4.16&#8243; custom_padding=\u00bb|||\u00bb global_colors_info=\u00bb{}\u00bb custom_padding__hover=\u00bb|||\u00bb][et_pb_image _builder_version=\u00bb4.19.4&#8243; _module_preset=\u00bbdefault\u00bb title_text=\u00bbRipess_europe_10 years_banner\u00bb src=\u00bbhttps:\/\/ripess.eu\/wp-content\/uploads\/sites\/4\/2023\/01\/Ripess_europe_10-years_banner-scaled.jpg\u00bb hover_enabled=\u00bb0&#8243; sticky_enabled=\u00bb0&#8243;][\/et_pb_image][et_pb_text admin_label=\u00bbText\u00bb _builder_version=\u00bb4.16&#8243; background_size=\u00bbinitial\u00bb background_position=\u00bbtop_left\u00bb background_repeat=\u00bbrepeat\u00bb global_colors_info=\u00bb{}\u00bb]<strong>La Red Intercontinental para la Promoci\u00f3n de la Econom\u00eda Social Solidaria <\/strong>es una red formada por representantes de cada continente. Re\u00fane a agrupaciones continentales de actores y redes que desean construir, a partir de sus experiencias socioecon\u00f3micas en el terreno, una visi\u00f3n compartida de la ESS: un modelo pol\u00edtico y democr\u00e1tico que garantice los derechos humanos fundamentales y un espacio de transformaci\u00f3n social, econ\u00f3mica y ecol\u00f3gica.<\/p>\n<p>RIPESS Europa &#8211; Solidarity Economy Europe naci\u00f3 gracias a la sinergia producida por los encuentros de Globalizaci\u00f3n de la Solidaridad organizados por la red intercontinental RIPESS Intercontinental, el primero de los cuales tuvo lugar en Lima en 1997. El 4\u00ba\u00a0Foro Internacional de la \u00abGlobalizaci\u00f3n de la Solidaridad\u00bb Lux&#8217;09, que tuvo lugar en Schifflange en abril de 2009, permiti\u00f3 poner en marcha una din\u00e1mica estableciendo la confianza y el interconocimiento entre las redes de la econom\u00eda social y solidaria (ESS) a nivel continental e internacional. Durante esta reuni\u00f3n, Eric Lavilluni\u00e8re (INEES) y Christine Gent (WFTO) iniciaron la estructuraci\u00f3n de una plataforma europea de RIPESS.<\/p>\n<p>Y es en 2011 en Barcelona, cuando nace RIPESS Europa con la participaci\u00f3n de representantes de B\u00e9lgica, Catalu\u00f1a, Francia, Espa\u00f1a, Hungr\u00eda, Italia, Luxemburgo, Portugal, Ruman\u00eda y Alemania.[\/et_pb_text][\/et_pb_column][\/et_pb_row][\/et_pb_section]<\/p>\n","protected":false},"excerpt":{"rendered":"<p>La Red Intercontinental para la Promoci\u00f3n de la Econom\u00eda Social Solidaria es una red formada por representantes de cada continente. Re\u00fane a agrupaciones continentales de actores y redes que desean [&hellip;]<\/p>\n","protected":false},"author":4,"featured_media":0,"parent":0,"menu_order":0,"comment_status":"closed","ping_status":"closed","template":"","meta":{"_et_pb_use_builder":"on","_et_pb_old_content":"<strong>La Red Intercontinental para la Promoci\u00f3n de la Econom\u00eda Social Solidaria <\/strong>es una red formada por representantes de cada continente. Re\u00fane a agrupaciones continentales de actores y redes que desean construir, a partir de sus experiencias socioecon\u00f3micas en el terreno, una visi\u00f3n compartida de la ESS: un modelo pol\u00edtico y democr\u00e1tico que garantice los derechos humanos fundamentales y un espacio de transformaci\u00f3n social, econ\u00f3mica y ecol\u00f3gica.\r\n\r\nRIPESS Europa - Solidarity Economy Europe naci\u00f3 gracias a la sinergia producida por los encuentros de Globalizaci\u00f3n de la Solidaridad organizados por la red intercontinental RIPESS Intercontinental, el primero de los cuales tuvo lugar en Lima en 1997. El 4\u00ba\u00a0Foro Internacional de la \"Globalizaci\u00f3n de la Solidaridad\" Lux'09, que tuvo lugar en Schifflange en abril de 2009, permiti\u00f3 poner en marcha una din\u00e1mica estableciendo la confianza y el interconocimiento entre las redes de la econom\u00eda social y solidaria (ESS) a nivel continental e internacional. Durante esta reuni\u00f3n, Eric Lavilluni\u00e8re (INEES) y Christine Gent (WFTO) iniciaron la estructuraci\u00f3n de una plataforma europea de RIPESS.\r\n\r\nY es en 2011 en Barcelona, cuando nace RIPESS Europa con la participaci\u00f3n de representantes de B\u00e9lgica, Catalu\u00f1a, Francia, Espa\u00f1a, Hungr\u00eda, Italia, Luxemburgo, Portugal, Ruman\u00eda y Alemania.","_et_gb_content_width":"","footnotes":""},"class_list":["post-2801","page","type-page","status-publish","hentry"],"_links":{"self":[{"href":"https:\/\/ripess.eu\/es\/wp-json\/wp\/v2\/pages\/2801","targetHints":{"allow":["GET"]}}],"collection":[{"href":"https:\/\/ripess.eu\/es\/wp-json\/wp\/v2\/pages"}],"about":[{"href":"https:\/\/ripess.eu\/es\/wp-json\/wp\/v2\/types\/page"}],"author":[{"embeddable":true,"href":"https:\/\/ripess.eu\/es\/wp-json\/wp\/v2\/users\/4"}],"replies":[{"embeddable":true,"href":"https:\/\/ripess.eu\/es\/wp-json\/wp\/v2\/comments?post=2801"}],"version-history":[{"count":0,"href":"https:\/\/ripess.eu\/es\/wp-json\/wp\/v2\/pages\/2801\/revisions"}],"wp:attachment":[{"href":"https:\/\/ripess.eu\/es\/wp-json\/wp\/v2\/media?parent=2801"}],"curies":[{"name":"wp","href":"https:\/\/api.w.org\/{rel}","templated":true}]}}