{"id":2782,"date":"2014-05-29T08:11:42","date_gmt":"2014-05-29T06:11:42","guid":{"rendered":"http:\/\/www.ripess.eu\/gobernanza\/manifiesto\/"},"modified":"2017-04-20T16:04:40","modified_gmt":"2017-04-20T14:04:40","slug":"manifiesto","status":"publish","type":"page","link":"https:\/\/ripess.eu\/es\/gobernanza\/manifiesto\/","title":{"rendered":"Manifiesto"},"content":{"rendered":"<p class=\"western\" align=\"center\"><span style=\"font-family: Tahoma,serif;\"><span style=\"font-size: small;\"><b>MANIFIESTO DE LA RED EUROPEA DE ECONOMIA SOCIAL Y SOLIDARIA<\/b><\/span><\/span><\/p>\n<p class=\"western\" align=\"center\"><span style=\"font-family: Tahoma,serif;\"><span style=\"font-size: small;\"><b>BARCELONA 2011<\/b><\/span><\/span><\/p>\n<p class=\"western\" align=\"center\"><span style=\"font-family: Tahoma,serif;\"><span style=\"font-size: small;\"><b>LA GLOBALIZACI\u00d3N DE LA SOLIDARIDAD<\/b><\/span><\/span><\/p>\n<p class=\"western\" align=\"justify\"><span style=\"font-family: Tahoma,serif;\"><span style=\"font-size: small;\"><b>LIMA 1997, QUEBEC 2001, DAKAR 2005, LUXEMBURGO 2009, <\/b><\/span><\/span><span style=\"font-family: Tahoma,serif;\"><span style=\"font-size: small;\">son los encuentros que jalonan la puesta en marcha como red internacional de la econom\u00eda social. Este proceso hace ahora un alto de unos d\u00edas en Barcelona, la Rosa de Fuego, como era llamada por el movimiento obrero al alba del siglo XX, para que vea la luz<\/span><\/span><i> <\/i><span style=\"font-family: Tahoma,serif;\"><span style=\"font-size: small;\">y empiece su andadura la Red Europea de Promoci\u00f3n de la Econom\u00eda Social y Solidaria (RIPESS Europa \u2013 Red Intercontinental de Promoci\u00f3n de la Econom\u00eda Solidaria. Europa).<\/span><\/span><\/p>\n<p class=\"western\" align=\"justify\"><span style=\"font-family: Tahoma,serif;\"><span style=\"font-size: small;\">As\u00ed pues, reunidos en esta ciudad representantes de las redes de B\u00e9lgica, Catalu\u00f1a, Francia, Espa\u00f1a, Hungr\u00eda, Luxemburgo, Portugal, Rumania, Suiza, personas procedentes de Alemania y redes sectoriales e intersectoriales declaramos que, despu\u00e9s de tres d\u00edas de trabajo y de intercambios fruct\u00edferos, desarrollados el 8, 9 y 10 de septiembre 2011, hemos creado la Red Europea RIPESS, la hemos dotado de estatutos y hemos elegido a las personas que nos representaran en el seno del Consejo de Administraci\u00f3n durante los dos pr\u00f3ximos a\u00f1os.<\/span><\/span><\/p>\n<p class=\"western\" align=\"justify\"><span style=\"font-family: Tahoma,serif;\"><span style=\"font-size: small;\">La creaci\u00f3n de la Red Europea RIPESS es una buena ocasi\u00f3n para recordar que hemos recorrido un largo camino de luchas y experiencias que han marcado de manera indeleble<\/span><\/span><i> <\/i><span style=\"font-family: Tahoma,serif;\"><span style=\"font-size: small;\">la historia social y pol\u00edtica europea. En cada ocasi\u00f3n que, en el pueblo m\u00e1s peque\u00f1o del viejo continente, los hombres y las mujeres se han unido y han dado una respuesta colectiva y emancipadora para hacer frente a sus necesidades, han hecho avanzar la econom\u00eda social y solidaria. Las cooperativas, las sociedades de socorros mutuos, cajas<\/span><\/span><i> <\/i><span style=\"font-family: Tahoma,serif;\"><span style=\"font-size: small;\">de cr\u00e9dito y resistencia, asociaciones, mutuas y sindicatos, pero tambi\u00e9n los c\u00edrculos y universidades populares, los centros enciclop\u00e9dicos, las bibliotecas obreras, las corales y grupos de teatro,\u2026han ido constituyendo un patrimonio social y cultural del cual nos sentimos herederos y continuadores de estos ideales a un tiempo.<\/span><\/span><\/p>\n<p class=\"western\" align=\"justify\"><span style=\"font-family: Tahoma,serif;\"><span style=\"font-size: small;\">La creaci\u00f3n de la Red Europea RIPESS es la ocasi\u00f3n para poner en evidencia que el modelo de organizaci\u00f3n pol\u00edtica, econ\u00f3mica y social actual se caracteriza por la codicia, competencia , individualismo y la viloencia contra las personas. Por contra la Red desea superar los defectos de la crisis actual y promover formas de organizaci\u00f3n des de lo local a lo global que favorezcan la libertad, reciprocidad, solidaridad e intercambio igualitario. Rechazamos las causas y las consecuencias de la crisis actual. Esta se fundamenta en la especulaci\u00f3n de flujos financieros incontrolados y un modelo econ\u00f3mico salvaje, que empobrece y excluye a un n\u00famero cada vez mayor de personas y territorios y destruyendo el patrimonio natural y cultural en todo el mundo.<\/span><\/span><\/p>\n<p class=\"western\" align=\"justify\"><span style=\"font-family: Tahoma,serif;\"><span style=\"font-size: small;\">Al mismo tiempo vemos como nacen y crecen, en Europa y por todo el mundo, miles de experinecias concretas que se autodenominan de econom\u00eda solidaria. Cooperativas de producci\u00f3n auto gestionadas, mercados solidarios, consumo responsable y soberan\u00eda alimentaria, formas alternativas de financiaci\u00f3n, bancos del tiempo, servicios de proximidad, iniciativas medioambientales y ecol\u00f3gicas, de g\u00e9nero, pedag\u00f3gicas, comercio justo, asociaciones de desarrollo local, empresas sociales sostenibles\u2026 En todos los \u00e1mbitos de la vida econ\u00f3mica, de la producci\u00f3n, de la comercializaci\u00f3n y el consumo y de las finanzas, surgen constantemente nuevas organizaciones que abren caminos y tienen la voluntad de superar la l\u00f3gica del beneficio individual y del capital de la econom\u00eda mercantil, de la burocratizaci\u00f3n y jerarquizaci\u00f3n del sector p\u00fablico. Tambi\u00e9n aumenta la voluntad y las pr\u00e1cticas de articulaci\u00f3n y coordinaci\u00f3n del conjunto de estas iniciativas, y producen plataformas, consorcios, federaciones y redes que las representan. La creaci\u00f3n actual de la Red Europea se inscribe en esta perspectiva.<\/span><\/span><\/p>\n<p class=\"western\" align=\"justify\"><span style=\"font-family: Tahoma,serif;\"><span style=\"font-size: small;\">Sobre estos valores y estas experiencias podemos y deseamos construir una econom\u00eda y una sociedad m\u00e1s justa, y menos depredadora y excluyente.<\/span><\/span><\/p>\n<p class=\"western\" align=\"justify\"><span style=\"font-family: Tahoma,serif;\"><span style=\"font-size: small;\">Sabemos que no es f\u00e1cil. Los desaf\u00edos del futuro son complejos e importantes. La democracia debe entrar en la vida econ\u00f3mica, debemos reforzarnos y extender nuestras experiencias para salir de la marginalidad y hacerlas visibles, integrar territorial y verticalmente las m\u00faltiples iniciativas econ\u00f3micas, sociales y medioambientales, profundizar en la critica de los axiomas de la econom\u00eda tradicional as\u00ed como en la teor\u00eda de la econom\u00eda solidaria, debemos luchas contra la pobreza la exclusi\u00f3n y la desigualdad, mejorar la calidad de vida, respetar y hacer respetar la naturaleza, defender la cultura de los pueblos y su derecho a la autodeterminaci\u00f3n, romper las l\u00f3gicas corporativas y promover el inter\u00e9s general de la ciudadan\u00eda, interpelar y movilizar al sector p\u00fablico, construir alianzas y redes con los otros actores de los movimientos sociales; es necesario afirmar nuestra legitimidad y ganar nuestro reconocimiento, ser interlocutores e interlocutoras de las instancias pol\u00edticas locales, regionales, nacionales y europeas, y por fin no queremos encerrarnos en las fronteras europeas si no al contrario deseamos participar activamente en la globalizaci\u00f3n de la solidaridad.<\/span><\/span><\/p>\n<p class=\"western\" align=\"justify\"><span style=\"font-family: Tahoma,serif;\"><span style=\"font-size: small;\">M\u00e1s a\u00fan, la creaci\u00f3n de la Red Europea es por fin la ocasi\u00f3n de afirmar un futuro, fuera del camino ya trazado de este modelo econ\u00f3mico salvaje, ya que es otro mundo el que queremos construir. <\/span><\/span><\/p>\n<p class=\"western\" align=\"justify\"><span style=\"font-family: Tahoma,serif;\"><span style=\"font-size: small;\">Estamos firmemente convencidos, no solo de que otro mundo es posible, sino tambi\u00e9n de que cada d\u00eda es m\u00e1s necesario.<\/span><\/span><\/p>\n<p class=\"western\" align=\"justify\"><span style=\"font-family: Tahoma,serif;\"><span style=\"font-size: small;\"><b>Que el fuego de la rosa ilumine el futuro de la econom\u00eda solidaria. Desde Barcelona, \u00a1 Larga vida a la econom\u00eda solidaria en todo el mundo!<\/b><\/span><\/span><\/p>\n","protected":false},"excerpt":{"rendered":"<p>MANIFIESTO DE LA RED EUROPEA DE ECONOMIA SOCIAL Y SOLIDARIA BARCELONA 2011 LA GLOBALIZACI\u00d3N DE LA SOLIDARIDAD LIMA 1997, QUEBEC 2001, DAKAR 2005, LUXEMBURGO 2009, son los encuentros que jalonan [&hellip;]<\/p>\n","protected":false},"author":2,"featured_media":0,"parent":2777,"menu_order":0,"comment_status":"closed","ping_status":"closed","template":"","meta":{"_et_pb_use_builder":"","_et_pb_old_content":"","_et_gb_content_width":"","footnotes":""},"class_list":["post-2782","page","type-page","status-publish","hentry"],"_links":{"self":[{"href":"https:\/\/ripess.eu\/es\/wp-json\/wp\/v2\/pages\/2782","targetHints":{"allow":["GET"]}}],"collection":[{"href":"https:\/\/ripess.eu\/es\/wp-json\/wp\/v2\/pages"}],"about":[{"href":"https:\/\/ripess.eu\/es\/wp-json\/wp\/v2\/types\/page"}],"author":[{"embeddable":true,"href":"https:\/\/ripess.eu\/es\/wp-json\/wp\/v2\/users\/2"}],"replies":[{"embeddable":true,"href":"https:\/\/ripess.eu\/es\/wp-json\/wp\/v2\/comments?post=2782"}],"version-history":[{"count":0,"href":"https:\/\/ripess.eu\/es\/wp-json\/wp\/v2\/pages\/2782\/revisions"}],"up":[{"embeddable":true,"href":"https:\/\/ripess.eu\/es\/wp-json\/wp\/v2\/pages\/2777"}],"wp:attachment":[{"href":"https:\/\/ripess.eu\/es\/wp-json\/wp\/v2\/media?parent=2782"}],"curies":[{"name":"wp","href":"https:\/\/api.w.org\/{rel}","templated":true}]}}