{"id":2781,"date":"2014-06-19T10:39:49","date_gmt":"2014-06-19T08:39:49","guid":{"rendered":"http:\/\/www.ripess.eu\/gobernanza\/ser-miembro\/"},"modified":"2023-11-03T14:33:33","modified_gmt":"2023-11-03T13:33:33","slug":"ser-miembro","status":"publish","type":"page","link":"https:\/\/ripess.eu\/es\/gobernanza\/ser-miembro\/","title":{"rendered":"C\u00f3mo hacerse socio"},"content":{"rendered":"<p><strong>RIPESS Europa \u2013 Solidarity Economy Europe<\/strong> tiene como objetivo intercambiar de forma proactiva y emprender acciones compartidas que puedan ampliar y mejorar la visibilidad de la econom\u00eda social y solidaria. La red tiene como objetivo vincular a lxs actorxs y organizaciones de la econom\u00eda solidaria a nivel europeo, para promover formas alternativas de producir, consumir, ahorrar e intercambiar con el fin de construir relaciones econ\u00f3micas m\u00e1s justas y un desarrollo basado en la solidaridad.<\/p>\n<p>Al unirte a la red, ayudar\u00e1s a reforzar la visibilidad de tu propia organizaci\u00f3n a nivel europeo y tambi\u00e9n te permitir\u00e1 compartir tu experiencia pr\u00e1ctica con otrxs. Tambi\u00e9n permitir\u00e1 construir proyectos compartidos, desarrollar la inteligencia colectiva y fortalecer la voz com\u00fan de la Econom\u00eda Solidaria en Europa.<\/p>\n<p><strong>C\u00d3MO UNIRSE A RIPESS EUROPA<\/strong><\/p>\n<p>La membres\u00eda est\u00e1 abierta a todas las organizaciones de la ESS que deseen unirse a la red. Todo lo que necesita hacer es <strong><a href=\"https:\/\/ripess.eu\/es\/eforms\/membership\/8\/\" target=\"_blank\" rel=\"noopener\">completar<span style=\"color: #0000ff\"> el formulario de registro<\/span><\/a> <\/strong><span style=\"color: #0000ff\">y aceptar <\/span>la <span style=\"color: #0000ff\"><strong><a style=\"color: #0000ff\" title=\"Carta RIPESS\" href=\"https:\/\/ripess.eu\/es\/gobernanza\/manifiesto\/\"><span style=\"color: #0000ff\">Carta de<\/span><\/a> principios de la <a style=\"color: #0000ff\" title=\"Carta RIPESS\" href=\"http:\/\/ripess.eu\/about-us\/ripess-charter\/\">red<\/a><\/strong>.<\/span> Todas las nuevas membres\u00edas son validadas por la siguiente asamblea general despu\u00e9s de una solicitud. (\u00a0<a href=\"https:\/\/ripess.eu\/es\/gobernanza\/estatutos\/\"><span style=\"color: #000000\">v\u00e9ase\u00a0<\/span><strong><span style=\"color: #0000ff\"> Estatutos<\/span><\/strong><\/a><span style=\"color: #0000ff\">,<\/span> art\u00edculo 7). Hay una cuota anual de <span style=\"color: #0000ff\"><strong><a style=\"color: #0000ff\" href=\"https:\/\/ripess.eu\/es\/gobernanza\/cuota-de-afiliacion\/\">100 euros<\/a><\/strong>,<\/span> que debe pagarse antes de la Asamblea General.<\/p>\n<p>Esperamos darles la bienvenida como miembros.<\/p>\n","protected":false},"excerpt":{"rendered":"<p>RIPESS Europa \u2013 Solidarity Economy Europe tiene como objetivo intercambiar de forma proactiva y emprender acciones compartidas que puedan ampliar y mejorar la visibilidad de la econom\u00eda social y solidaria. [&hellip;]<\/p>\n","protected":false},"author":1,"featured_media":0,"parent":2777,"menu_order":0,"comment_status":"closed","ping_status":"closed","template":"","meta":{"_et_pb_use_builder":"","_et_pb_old_content":"","_et_gb_content_width":"","footnotes":""},"class_list":["post-2781","page","type-page","status-publish","hentry"],"_links":{"self":[{"href":"https:\/\/ripess.eu\/es\/wp-json\/wp\/v2\/pages\/2781","targetHints":{"allow":["GET"]}}],"collection":[{"href":"https:\/\/ripess.eu\/es\/wp-json\/wp\/v2\/pages"}],"about":[{"href":"https:\/\/ripess.eu\/es\/wp-json\/wp\/v2\/types\/page"}],"author":[{"embeddable":true,"href":"https:\/\/ripess.eu\/es\/wp-json\/wp\/v2\/users\/1"}],"replies":[{"embeddable":true,"href":"https:\/\/ripess.eu\/es\/wp-json\/wp\/v2\/comments?post=2781"}],"version-history":[{"count":0,"href":"https:\/\/ripess.eu\/es\/wp-json\/wp\/v2\/pages\/2781\/revisions"}],"up":[{"embeddable":true,"href":"https:\/\/ripess.eu\/es\/wp-json\/wp\/v2\/pages\/2777"}],"wp:attachment":[{"href":"https:\/\/ripess.eu\/es\/wp-json\/wp\/v2\/media?parent=2781"}],"curies":[{"name":"wp","href":"https:\/\/api.w.org\/{rel}","templated":true}]}}