{"id":2780,"date":"2014-06-19T10:15:11","date_gmt":"2014-06-19T08:15:11","guid":{"rendered":"http:\/\/www.ripess.eu\/gobernanza\/consejo-del-ripess-internacional\/"},"modified":"2023-11-13T10:30:06","modified_gmt":"2023-11-13T09:30:06","slug":"consejo-del-ripess-internacional","status":"publish","type":"page","link":"https:\/\/ripess.eu\/es\/gobernanza\/consejo-del-ripess-internacional\/","title":{"rendered":"El Consejo de Administraci\u00f3n del RIPESS Intercontinental"},"content":{"rendered":"<p>En cuanto plataforma europea de una red m\u00e1s amplia de econom\u00eda solidaria, el RIPESS Europa comparte los valores y los principios del RIPESS Intercontinental.<\/p>\n<p>El RIPESS es una red de redes continentales comprometidas en la promoci\u00f3n de la econom\u00eda social solidaria. Las redes continentales del RIPESS agrupan a redes nacionales y redes sectoriales.<\/p>\n<p>Los 6 miembros continentales de la RIPESS delegan a dos representantes en el Consejo de la RIPESS, tomando en cuenta la igualdad de g\u00e9nero, tal como indicado en sus estatutos. La coordinaci\u00f3n y la vicecoordinaci\u00f3n siguen una rotaci\u00f3n continental. Juntos con la Secretar\u00eda Ejecutiva, garantizan la buena implementaci\u00f3n del plan de acci\u00f3n. Adem\u00e1s hay dos puestos en el consejo de administraci\u00f2n\u00a0 para organizaciones internacionales (con presencia de 3 continentes), uno de los cuales est\u00e1 ocupado desde 2016 por Urgenci.<\/p>\n<p>Para m\u00e1s detalles, v\u00e9ase: https:\/\/www.ripess.org\/gobernanza\/?lang=es<\/p>\n","protected":false},"excerpt":{"rendered":"<p>En cuanto plataforma europea de una red m\u00e1s amplia de econom\u00eda solidaria, el RIPESS Europa comparte los valores y los principios del RIPESS Intercontinental. El RIPESS es una red de [&hellip;]<\/p>\n","protected":false},"author":27,"featured_media":0,"parent":2777,"menu_order":0,"comment_status":"closed","ping_status":"closed","template":"","meta":{"_et_pb_use_builder":"","_et_pb_old_content":"","_et_gb_content_width":"","footnotes":""},"class_list":["post-2780","page","type-page","status-publish","hentry"],"_links":{"self":[{"href":"https:\/\/ripess.eu\/es\/wp-json\/wp\/v2\/pages\/2780","targetHints":{"allow":["GET"]}}],"collection":[{"href":"https:\/\/ripess.eu\/es\/wp-json\/wp\/v2\/pages"}],"about":[{"href":"https:\/\/ripess.eu\/es\/wp-json\/wp\/v2\/types\/page"}],"author":[{"embeddable":true,"href":"https:\/\/ripess.eu\/es\/wp-json\/wp\/v2\/users\/27"}],"replies":[{"embeddable":true,"href":"https:\/\/ripess.eu\/es\/wp-json\/wp\/v2\/comments?post=2780"}],"version-history":[{"count":0,"href":"https:\/\/ripess.eu\/es\/wp-json\/wp\/v2\/pages\/2780\/revisions"}],"up":[{"embeddable":true,"href":"https:\/\/ripess.eu\/es\/wp-json\/wp\/v2\/pages\/2777"}],"wp:attachment":[{"href":"https:\/\/ripess.eu\/es\/wp-json\/wp\/v2\/media?parent=2780"}],"curies":[{"name":"wp","href":"https:\/\/api.w.org\/{rel}","templated":true}]}}