{"id":2779,"date":"2014-06-19T10:10:26","date_gmt":"2014-06-19T08:10:26","guid":{"rendered":"http:\/\/www.ripess.eu\/gobernanza\/consejo-consultativo\/"},"modified":"2023-11-03T11:05:37","modified_gmt":"2023-11-03T10:05:37","slug":"consejo-consultativo","status":"publish","type":"page","link":"https:\/\/ripess.eu\/es\/gobernanza\/consejo-consultativo\/","title":{"rendered":"Comit\u00e9 Cient\u00edfico"},"content":{"rendered":"<p>Durante la Asamblea General de Lille (2012) se aprob\u00f3 la creaci\u00f3n de un Consejo Asesor. Se denomin\u00f3 entonces Consejo Cient\u00edfico, con las siguientes funciones<\/p>\n<p>&#8211; Ayudar a construir el patrimonio hist\u00f3rico y te\u00f3rico de la red<br \/>\n&#8211; Contribuir al desarrollo de los ejes estrat\u00e9gicos de la red<br \/>\n&#8211; Elaborar expedientes que puedan ayudar a formular las posiciones del COCO (Comit\u00e9 de Coordinaci\u00f3n)<br \/>\n&#8211; Responder a las solicitudes del COCO, seg\u00fan una agenda<br \/>\n&#8211; Asistir a los grupos de trabajo, si es necesario<br \/>\n&#8211; Difundir los conocimientos y la informaci\u00f3n adquirida a los miembros de la red.<\/p>\n<p>El Comit\u00e9 Cient\u00edfico (CC) desarrolla trabajos cient\u00edficos dedicados a la econom\u00eda social y solidaria, bas\u00e1ndose en las iniciativas de RIPESS Europa. De este modo, refuerza la visibilidad de la red, la credibilidad de su trabajo y facilita la cooperaci\u00f3n con el mundo de la educaci\u00f3n y el mundo acad\u00e9mico.<\/p>\n<h3>Acciones y participaci\u00f3n del Comit\u00e9 Cient\u00edfico en RIPESS Europa<\/h3>\n<p><strong>Difusi\u00f3n del Manifiesto Internacional por la Econom\u00eda Solidaria<\/strong><\/p>\n<p>Acad\u00e9micxs e investigadorxs de diferentes continentes (\u00c1frica, Am\u00e9rica, Asia, Europa) que trabajan desde hace tiempo con lxs profesionales de la econom\u00eda solidaria han redactado y trabajan en la difusi\u00f3n del Manifiesto para pedir a los poderes p\u00fablicos que apoyen esta econom\u00eda emergente. Tambi\u00e9n es una herramienta para reunir a m\u00e1s acad\u00e9micxs, estudiantes de doctorado y no acad\u00e9micxs sobre la base de una necesidad com\u00fan de producci\u00f3n de conocimientos dedicados a la econom\u00eda solidaria.<\/p>\n<p>El Manifiesto afirma que:<br \/>\n\u00abLa econom\u00eda solidaria asume objetivos sociales, ecol\u00f3gicos y culturales, contra el aumento de las desigualdades y por la justicia, contra el cambio clim\u00e1tico y por un reparto equitativo de los recursos, contra la uniformizaci\u00f3n de los comportamientos y por la expresi\u00f3n de las diversidades. Necesitamos esta econom\u00eda para el ma\u00f1ana, en un momento en que el agotamiento del sistema dominante es evidente. La ciencia econ\u00f3mica se ha desarrollado a partir de una base epistemol\u00f3gica que descuida los recursos naturales como inagotables y privilegia el inter\u00e9s material como \u00fanica motivaci\u00f3n. [&#8230;] Los ajustes del sistema actual son necesarios, pero no ser\u00e1n suficientes. Las experiencias iniciadas por la econom\u00eda solidaria son vectores de nuevas relaciones entre la econom\u00eda y la sociedad en su dimensi\u00f3n humana y no humana. Lxs actores de la econom\u00eda solidaria deben ser escuchadxs. La econom\u00eda que necesitamos para el ma\u00f1ana ya est\u00e1 aqu\u00ed. Su crecimiento depende de la aparici\u00f3n de una nueva generaci\u00f3n de acci\u00f3n p\u00fablica.<\/p>\n<p>Lxs miembros del Comit\u00e9 Cient\u00edfico difunden el Manifiesto dentro de la Universidad (principalmente en talleres) y en seminarios web dedicados a RIPESS Europa. Las redes miembros tambi\u00e9n garantizan su publicaci\u00f3n en los medios de comunicaci\u00f3n nacionales.<br \/>\nEl Manifiesto est\u00e1 permanentemente disponible en l\u00ednea en <a href=\"https:\/\/www.socioeco.org\/bdf_fiche-document-7250_es.html\">socioeco.org.<\/a><\/p>\n<p><strong>Serie de seminarios web<\/strong><\/p>\n<p>El Comit\u00e9 Cient\u00edfico organiza seminarios web abiertos en funci\u00f3n de los temas que se debaten.<\/p>\n<p>Ejemplos de objetivos:<\/p>\n<p>Fertilizar el campo de investigaci\u00f3n y exploraci\u00f3n de lxs miembros de RIPESS Europa con los temas a\u00fan emergentes en el movimiento de la ESS, en particular la perspectiva feminista y decolonial. Abrir nuevas v\u00edas de investigaci\u00f3n que se crucen con la literatura m\u00e1s \u00abtradicional\u00bb sobre la ESS;<br \/>\nProponer investigaciones y debates sobre nociones y conceptos espec\u00edficos de uso com\u00fan introduciendo an\u00e1lisis renovados.<\/p>\n<p><strong>Bolet\u00edn de RIPESS Europa<\/strong><\/p>\n<p>Lxs miembros del Comit\u00e9 Cient\u00edfico publican regularmente art\u00edculos en el bolet\u00edn de RIPESS Europa. Pueden ser sobre las actividades del Comit\u00e9 Cient\u00edfico, los trabajos de lxs miembros, un libro o un art\u00edculo de inter\u00e9s para compartir.<\/p>\n<p>Miembros del Comit\u00e9 Cient\u00edfico: Laura Aufr\u00e8re, Jean-Louis Laville, Luciane Lucas.<\/p>\n","protected":false},"excerpt":{"rendered":"<p>Durante la Asamblea General de Lille (2012) se aprob\u00f3 la creaci\u00f3n de un Consejo Asesor. Se denomin\u00f3 entonces Consejo Cient\u00edfico, con las siguientes funciones &#8211; Ayudar a construir el patrimonio [&hellip;]<\/p>\n","protected":false},"author":4,"featured_media":23238,"parent":2777,"menu_order":0,"comment_status":"closed","ping_status":"closed","template":"","meta":{"_et_pb_use_builder":"on","_et_pb_old_content":"","_et_gb_content_width":"","footnotes":""},"class_list":["post-2779","page","type-page","status-publish","has-post-thumbnail","hentry"],"_links":{"self":[{"href":"https:\/\/ripess.eu\/es\/wp-json\/wp\/v2\/pages\/2779","targetHints":{"allow":["GET"]}}],"collection":[{"href":"https:\/\/ripess.eu\/es\/wp-json\/wp\/v2\/pages"}],"about":[{"href":"https:\/\/ripess.eu\/es\/wp-json\/wp\/v2\/types\/page"}],"author":[{"embeddable":true,"href":"https:\/\/ripess.eu\/es\/wp-json\/wp\/v2\/users\/4"}],"replies":[{"embeddable":true,"href":"https:\/\/ripess.eu\/es\/wp-json\/wp\/v2\/comments?post=2779"}],"version-history":[{"count":0,"href":"https:\/\/ripess.eu\/es\/wp-json\/wp\/v2\/pages\/2779\/revisions"}],"up":[{"embeddable":true,"href":"https:\/\/ripess.eu\/es\/wp-json\/wp\/v2\/pages\/2777"}],"wp:featuredmedia":[{"embeddable":true,"href":"https:\/\/ripess.eu\/es\/wp-json\/wp\/v2\/media\/23238"}],"wp:attachment":[{"href":"https:\/\/ripess.eu\/es\/wp-json\/wp\/v2\/media?parent=2779"}],"curies":[{"name":"wp","href":"https:\/\/api.w.org\/{rel}","templated":true}]}}