{"id":2775,"date":"2014-05-29T12:03:10","date_gmt":"2014-05-29T10:03:10","guid":{"rendered":"http:\/\/www.ripess.eu\/espacios-tematicos\/"},"modified":"2017-11-28T15:25:06","modified_gmt":"2017-11-28T13:25:06","slug":"espacios-tematicos","status":"publish","type":"page","link":"https:\/\/ripess.eu\/es\/espacios-tematicos\/","title":{"rendered":"Espacios Tem\u00e1ticos"},"content":{"rendered":"<p>En las primeras fases de su actividad, el RIPESS Europa se organiz\u00f3 en \u00e1mbitos tem\u00e1ticos, cada uno desarrollado por un grupo de trabajo. El Congreso de Lille de 2013 fue la oportunidad en el que los grupos de trabajo se han formado.<\/p>\n<p>Sin embargo, de manera de maximizar sus resultados y optimizar la organizaci\u00f3n, RIPESS Europa est\u00e1 reorganizando sus grupos de trabajo en el principal \u00e1mbito tem\u00e1tico \u00ab<strong>Panorama de las iniciativas de econom\u00eda solidaria en Europa<\/strong>\u00bb (ver el esquema abajo en franc\u00e9s).<\/p>\n<p>Gracias a este eje tem\u00e1tico, el objetivo\u00a0 es de dar una representaci\u00f3n de la manera de concebir e interpretar la Econom\u00eda Solidairia por los distintos miembros del RIPESS. Por otra parte, es la oportunidad de orientar a los miembros de la red hacia una meta com\u00fan y de extender la red.<\/p>\n<p>&nbsp;<\/p>\n<p><img loading=\"lazy\" decoding=\"async\" class=\"aligncenter size-large wp-image-910\" src=\"https:\/\/europe.ripess.rio20.net\/wp-content\/uploads\/sites\/4\/2014\/05\/Schema-wgfr-1024x619.jpg\" alt=\"\" width=\"591\" height=\"357\" srcset=\"https:\/\/ripess.eu\/wp-content\/uploads\/sites\/4\/2014\/05\/Schema-wgfr-1024x619.jpg 1024w, https:\/\/ripess.eu\/wp-content\/uploads\/sites\/4\/2014\/05\/Schema-wgfr-300x181.jpg 300w, https:\/\/ripess.eu\/wp-content\/uploads\/sites\/4\/2014\/05\/Schema-wgfr.jpg 1654w\" sizes=\"(max-width: 591px) 100vw, 591px\" \/><\/p>\n","protected":false},"excerpt":{"rendered":"<p>En las primeras fases de su actividad, el RIPESS Europa se organiz\u00f3 en \u00e1mbitos tem\u00e1ticos, cada uno desarrollado por un grupo de trabajo. El Congreso de Lille de 2013 fue [&hellip;]<\/p>\n","protected":false},"author":2,"featured_media":0,"parent":0,"menu_order":0,"comment_status":"closed","ping_status":"closed","template":"","meta":{"_et_pb_use_builder":"","_et_pb_old_content":"","_et_gb_content_width":"","footnotes":""},"class_list":["post-2775","page","type-page","status-publish","hentry"],"_links":{"self":[{"href":"https:\/\/ripess.eu\/es\/wp-json\/wp\/v2\/pages\/2775","targetHints":{"allow":["GET"]}}],"collection":[{"href":"https:\/\/ripess.eu\/es\/wp-json\/wp\/v2\/pages"}],"about":[{"href":"https:\/\/ripess.eu\/es\/wp-json\/wp\/v2\/types\/page"}],"author":[{"embeddable":true,"href":"https:\/\/ripess.eu\/es\/wp-json\/wp\/v2\/users\/2"}],"replies":[{"embeddable":true,"href":"https:\/\/ripess.eu\/es\/wp-json\/wp\/v2\/comments?post=2775"}],"version-history":[{"count":0,"href":"https:\/\/ripess.eu\/es\/wp-json\/wp\/v2\/pages\/2775\/revisions"}],"wp:attachment":[{"href":"https:\/\/ripess.eu\/es\/wp-json\/wp\/v2\/media?parent=2775"}],"curies":[{"name":"wp","href":"https:\/\/api.w.org\/{rel}","templated":true}]}}