{"id":25456,"date":"2021-06-15T15:39:49","date_gmt":"2021-06-15T14:39:49","guid":{"rendered":"https:\/\/ripess.eu\/asambleas-generales\/10a-asamblea-general-villarceaux-paris-2021\/gastos-cubiertos-por-ripess-eu\/"},"modified":"2021-06-16T16:06:16","modified_gmt":"2021-06-16T15:06:16","slug":"gastos-cubiertos-por-ripess-eu","status":"publish","type":"page","link":"https:\/\/ripess.eu\/es\/asambleas-generales\/10a-asamblea-general-villarceaux-paris-2021\/gastos-cubiertos-por-ripess-eu\/","title":{"rendered":"Gastos cubiertos por Ripess Eu"},"content":{"rendered":"<h2>Coste y gastos de la estancia<\/h2>\n<p>Ripess Europe pagar\u00e1 <strong>todo el alojamiento y las comidas &#8211; para el transporte, una parte puede ser reembolsada (hasta 150 euros<\/strong>). Esto es una estimaci\u00f3n, por favor env\u00edenos su coste estimado del viaje a <a href=\"mailto:info@ripess.eu\" target=\"_blank\">info@ripess.eu<\/a> para la confirmaci\u00f3n de la parte asumida por Ripess Eu. Si desea venir con dos representantes, Ripess Eu s\u00f3lo podr\u00e1 cubrir uno de los dos viajes.<\/p>\n","protected":false},"excerpt":{"rendered":"<p>Coste y gastos de la estancia Ripess Europe pagar\u00e1 todo el alojamiento y las comidas &#8211; para el transporte, una parte puede ser reembolsada (hasta 150 euros). Esto es una [&hellip;]<\/p>\n","protected":false},"author":6,"featured_media":25312,"parent":25376,"menu_order":0,"comment_status":"closed","ping_status":"closed","template":"","meta":{"_et_pb_use_builder":"","_et_pb_old_content":"","_et_gb_content_width":"","footnotes":""},"class_list":["post-25456","page","type-page","status-publish","has-post-thumbnail","hentry"],"_links":{"self":[{"href":"https:\/\/ripess.eu\/es\/wp-json\/wp\/v2\/pages\/25456","targetHints":{"allow":["GET"]}}],"collection":[{"href":"https:\/\/ripess.eu\/es\/wp-json\/wp\/v2\/pages"}],"about":[{"href":"https:\/\/ripess.eu\/es\/wp-json\/wp\/v2\/types\/page"}],"author":[{"embeddable":true,"href":"https:\/\/ripess.eu\/es\/wp-json\/wp\/v2\/users\/6"}],"replies":[{"embeddable":true,"href":"https:\/\/ripess.eu\/es\/wp-json\/wp\/v2\/comments?post=25456"}],"version-history":[{"count":0,"href":"https:\/\/ripess.eu\/es\/wp-json\/wp\/v2\/pages\/25456\/revisions"}],"up":[{"embeddable":true,"href":"https:\/\/ripess.eu\/es\/wp-json\/wp\/v2\/pages\/25376"}],"wp:featuredmedia":[{"embeddable":true,"href":"https:\/\/ripess.eu\/es\/wp-json\/wp\/v2\/media\/25312"}],"wp:attachment":[{"href":"https:\/\/ripess.eu\/es\/wp-json\/wp\/v2\/media?parent=25456"}],"curies":[{"name":"wp","href":"https:\/\/api.w.org\/{rel}","templated":true}]}}