{"id":25453,"date":"2021-06-15T15:20:02","date_gmt":"2021-06-15T13:20:02","guid":{"rendered":"https:\/\/ripess.eu\/asambleas-generales\/10a-asamblea-general-villarceaux-paris-2021\/alimentacion-y-alojamiento-y-disposiciones-de-seguridad-sanitaria\/"},"modified":"2021-06-16T15:56:53","modified_gmt":"2021-06-16T14:56:53","slug":"alimentacion-y-alojamiento-y-disposiciones-de-seguridad-sanitaria","status":"publish","type":"page","link":"https:\/\/ripess.eu\/es\/asambleas-generales\/10a-asamblea-general-villarceaux-paris-2021\/alimentacion-y-alojamiento-y-disposiciones-de-seguridad-sanitaria\/","title":{"rendered":"Alimentaci\u00f3n y alojamiento (y disposiciones de seguridad sanitaria)"},"content":{"rendered":"<h3 style=\"text-align: center\">Su estancia en la bergerie de Villarceaux<\/h3>\n<p><img loading=\"lazy\" decoding=\"async\" width=\"520\" height=\"286\" class=\"size-full wp-image-25385 aligncenter\" src=\"http:\/\/ripess.eu\/wp-content\/uploads\/sites\/4\/2021\/06\/oecocentr-villarceaux.jpg\" alt=\"\" \/>La antigua granja de la finca ha sido reformada recientemente para adaptarla a las normas medioambientales y sostenibles, incluyendo el uso de materiales aislantes naturales, calefacci\u00f3n de madera, paneles solares, recogida de agua de lluvia, depuraci\u00f3n natural mediante lagunaje, etc.<\/p>\n<p>El ecocentro de la Bergerie incluye casas de acogida rurales, casas de acogida para grupos, salas de reuniones y de formaci\u00f3n con capacidad para entre 16 y 110 personas, y un restaurante ecol\u00f3gico.<\/p>\n<ul>\n<li><strong>Los miembros y l@s invitad@s de Ripess eu ser\u00e1n 2 por habitaci\u00f3n con un ba\u00f1o com\u00fan compartido por habitaci\u00f3n: se a\u00f1adir\u00e1n m\u00e1s detalles sobre las habitaciones aqu\u00ed en cuanto tengamos el n\u00famero definitivo de participantes.<\/strong><\/li>\n<\/ul>\n<p>&nbsp;<\/p>\n<p><strong>Comida\u00a0<\/strong><\/p>\n<p><img loading=\"lazy\" decoding=\"async\" width=\"349\" height=\"525\" class=\"size-full wp-image-25390 alignright\" src=\"http:\/\/ripess.eu\/wp-content\/uploads\/sites\/4\/2021\/06\/fruits-legumes-villarceaux.jpg\" alt=\"\" \/>Las comidas ser\u00e1n preparadas por el chef de la Bergerie que preparar\u00e1 men\u00fas basados en productos org\u00e1nicos y frescos, con enfoque vegetariano. Las comidas son en r\u00e9gimen de pensi\u00f3n completa (desayuno, almuerzo y cena) y est\u00e1n totalmente cubiertas por Ripess eu. Inf\u00f3rmenos de sus requisitos diet\u00e9ticos cuando <a href=\"https:\/\/ripess.eu\/en\/eforms\/ga2021-registration\/17\/\" target=\"_blank\">se inscriba<\/a>.<\/p>\n","protected":false},"excerpt":{"rendered":"<p>Su estancia en la bergerie de Villarceaux La antigua granja de la finca ha sido reformada recientemente para adaptarla a las normas medioambientales y sostenibles, incluyendo el uso de materiales [&hellip;]<\/p>\n","protected":false},"author":6,"featured_media":25312,"parent":25376,"menu_order":0,"comment_status":"closed","ping_status":"closed","template":"","meta":{"_et_pb_use_builder":"","_et_pb_old_content":"","_et_gb_content_width":"","footnotes":""},"class_list":["post-25453","page","type-page","status-publish","has-post-thumbnail","hentry"],"_links":{"self":[{"href":"https:\/\/ripess.eu\/es\/wp-json\/wp\/v2\/pages\/25453","targetHints":{"allow":["GET"]}}],"collection":[{"href":"https:\/\/ripess.eu\/es\/wp-json\/wp\/v2\/pages"}],"about":[{"href":"https:\/\/ripess.eu\/es\/wp-json\/wp\/v2\/types\/page"}],"author":[{"embeddable":true,"href":"https:\/\/ripess.eu\/es\/wp-json\/wp\/v2\/users\/6"}],"replies":[{"embeddable":true,"href":"https:\/\/ripess.eu\/es\/wp-json\/wp\/v2\/comments?post=25453"}],"version-history":[{"count":0,"href":"https:\/\/ripess.eu\/es\/wp-json\/wp\/v2\/pages\/25453\/revisions"}],"up":[{"embeddable":true,"href":"https:\/\/ripess.eu\/es\/wp-json\/wp\/v2\/pages\/25376"}],"wp:featuredmedia":[{"embeddable":true,"href":"https:\/\/ripess.eu\/es\/wp-json\/wp\/v2\/media\/25312"}],"wp:attachment":[{"href":"https:\/\/ripess.eu\/es\/wp-json\/wp\/v2\/media?parent=25453"}],"curies":[{"name":"wp","href":"https:\/\/api.w.org\/{rel}","templated":true}]}}