{"id":25451,"date":"2021-06-15T15:07:24","date_gmt":"2021-06-15T13:07:24","guid":{"rendered":"https:\/\/ripess.eu\/asambleas-generales\/10a-asamblea-general-villarceaux-paris-2021\/como-llegar-a-la-bergerie\/"},"modified":"2021-06-16T15:42:59","modified_gmt":"2021-06-16T14:42:59","slug":"como-llegar-a-la-bergerie","status":"publish","type":"page","link":"https:\/\/ripess.eu\/es\/asambleas-generales\/10a-asamblea-general-villarceaux-paris-2021\/como-llegar-a-la-bergerie\/","title":{"rendered":"C\u00f3mo llegar a La Bergerie"},"content":{"rendered":"<h1>C\u00f3mo llegar a La Bergerie<\/h1>\n<p>La <strong>Bergerie de Villarceaux<\/strong> se encuentra en el parque natural regional de la regi\u00f3n del Vexin franc\u00e9s, en una zona rural. Se encuentra en Chaussy, municipio de Val d&#8217;Oise (c\u00f3digo postal &#8211; 95710). No existe un nombre de calle ya que todo el lugar se llama \u00abla Bergerie\u00bb. El GPS reconoce generalmente el lugar \u00ab<strong>La Bergerie &#8211; 95710 Chaussy<\/strong>\u00ab.<\/p>\n<p>El Reba\u00f1o de Villarceaux (La Bergerie de Villarceaux) re\u00fane a organizaciones sociales y econ\u00f3micas que trabajan por el desarrollo sostenible de Villarceaux. El territorio de la Bergerie (400 hect\u00e1reas) y su paisaje se han reconvertido a la agricultura ecol\u00f3gica a principios del siglo XXI. El objetivo de las transiciones era ensayar un sistema agr\u00edcola m\u00e1s aut\u00f3nomo, basado en una mejor complementariedad entre la ganader\u00eda y los cultivos.<\/p>\n<p style=\"text-align: center\"><a href=\"http:\/\/www.bergerie-villarceaux.org\/index.php?page=english\" target=\"_blank\">Puede encontrar m\u00e1s informaci\u00f3n AQU\u00cd<\/a><\/p>\n<p><img loading=\"lazy\" decoding=\"async\" width=\"500\" height=\"338\" class=\"size-full wp-image-25432 aligncenter\" src=\"http:\/\/ripess.eu\/wp-content\/uploads\/sites\/4\/2021\/06\/plan-acces-bergerie.jpg\" alt=\"\" \/><\/p>\n<p><strong>Desde los aeropuertos<\/strong><\/p>\n<p>Desde el <a href=\"https:\/\/www.aeroportparisbeauvais.com\/en\/passengers\/\" target=\"_blank\"><strong>aeropuerto de Beauvais<\/strong><\/a>, hay una l\u00ednea de transporte a Par\u00eds-Porte Maillot. Luego, en Par\u00eds, hay que tomar el RER A hasta la \u00faltima parada de la l\u00ednea \u00ab<strong>Cergy le Haut<\/strong>\u00ab. Desde all\u00ed, puede tomar el autob\u00fas de enlace (el horario exacto se comunicar\u00e1 pr\u00f3ximamente) o un taxi.<\/p>\n<p>Desde el aeropuerto de <a href=\"https:\/\/www.parisaeroport.fr\/es\/pasajeros\/accesso\/paris-charles-de-gaulle?&amp;xtor=SEC-4-GOO-%5BRoissy_Exact%5D-%5Bsearch_classique%5D-S-%5Baeroport%20de%20roissy%5D&amp;gclid=CjwKCAjwn6GGBhADEiwAruUcKmda-Etr2YqFYRGwGKk5kD81aOz4wrUkIArpKYDz4dG8NH4p94rbDBoC3pUQAvD_BwE&amp;gclsrc=aw.ds\" target=\"_blank\"><strong>Roissy CDG<\/strong><\/a> y <a href=\"https:\/\/www.parisaeroport.fr\/en\/orly-airport\" target=\"_blank\"><strong>Orly<\/strong><\/a>, tiene el sistema de autobuses de las principales l\u00edneas de la SNCF de Par\u00eds o el <a href=\"https:\/\/www.ratp.fr\/en\/visite-paris\/espanol\/visitar-paris-y-sus-alrededores\" target=\"_blank\"><strong>RER B<\/strong><\/a>. Puede cambiar en el centro de Par\u00eds al RER A, hasta la \u00faltima parada de la l\u00ednea \u00ab<strong>Cergy le Haut<\/strong>\u00ab. Desde all\u00ed, puede tomar el autob\u00fas de enlace (el horario exacto se comunicar\u00e1 pr\u00f3ximamente) o un taxi.<\/p>\n<p><strong>Desde las estaciones de tren<\/strong><\/p>\n<p>Puede tomar el RER A desde la Gare de Lyon, o desde otras paradas de <a href=\"https:\/\/www.ratp.fr\/en\/visite-paris\/espanol\/visitar-paris-y-sus-alrededores\" target=\"_blank\">metro del centro<\/a>.<\/p>\n<p><strong>RER A a Cergy le Haut<\/strong><\/p>\n<p>Aqu\u00ed tiene la <a href=\"https:\/\/www.horaires-de-trains.fr\/horaires_rera-Cergy_le_Haut-.html\" target=\"_blank\"><strong>informaci\u00f3n del RER A<\/strong><\/a> y el <strong><a href=\"https:\/\/www.ratp.fr\/en\/visite-paris\/espanol\/visitar-paris-y-sus-alrededores\" target=\"_blank\">mapa del RER A<\/a>.<\/strong> El viaje desde el centro de Par\u00eds (Chatelet-Les Halles) hasta Cergy le Haut dura aproximadamente 45 minutos. De Cergy a La Bergerie son otros 20\/30 minutos.<\/p>\n<p><strong>TAXI<\/strong><\/p>\n<p>Puede llamar a Pascal Caron &#8211; taxi \u00e0 Chaussy 06 09 37 36 35 (<a href=\"https:\/\/ripess.eu\/wp-content\/uploads\/sites\/4\/2016\/06\/Tarifs-2015-Chaussy-Taxi-M.-Pascal-CARON.pdf\" target=\"_blank\">Tarifs &#8211; Chaussy Taxi &#8211; M. Pascal CARON &#8211; estamos esperando una versi\u00f3n actualizada<\/a>)<\/p>\n","protected":false},"excerpt":{"rendered":"<p>C\u00f3mo llegar a La Bergerie La Bergerie de Villarceaux se encuentra en el parque natural regional de la regi\u00f3n del Vexin franc\u00e9s, en una zona rural. Se encuentra en Chaussy, [&hellip;]<\/p>\n","protected":false},"author":6,"featured_media":25312,"parent":25376,"menu_order":0,"comment_status":"closed","ping_status":"closed","template":"","meta":{"_et_pb_use_builder":"","_et_pb_old_content":"","_et_gb_content_width":"","footnotes":""},"class_list":["post-25451","page","type-page","status-publish","has-post-thumbnail","hentry"],"_links":{"self":[{"href":"https:\/\/ripess.eu\/es\/wp-json\/wp\/v2\/pages\/25451","targetHints":{"allow":["GET"]}}],"collection":[{"href":"https:\/\/ripess.eu\/es\/wp-json\/wp\/v2\/pages"}],"about":[{"href":"https:\/\/ripess.eu\/es\/wp-json\/wp\/v2\/types\/page"}],"author":[{"embeddable":true,"href":"https:\/\/ripess.eu\/es\/wp-json\/wp\/v2\/users\/6"}],"replies":[{"embeddable":true,"href":"https:\/\/ripess.eu\/es\/wp-json\/wp\/v2\/comments?post=25451"}],"version-history":[{"count":0,"href":"https:\/\/ripess.eu\/es\/wp-json\/wp\/v2\/pages\/25451\/revisions"}],"up":[{"embeddable":true,"href":"https:\/\/ripess.eu\/es\/wp-json\/wp\/v2\/pages\/25376"}],"wp:featuredmedia":[{"embeddable":true,"href":"https:\/\/ripess.eu\/es\/wp-json\/wp\/v2\/media\/25312"}],"wp:attachment":[{"href":"https:\/\/ripess.eu\/es\/wp-json\/wp\/v2\/media?parent=25451"}],"curies":[{"name":"wp","href":"https:\/\/api.w.org\/{rel}","templated":true}]}}