{"id":25376,"date":"2021-06-10T16:08:04","date_gmt":"2021-06-10T14:08:04","guid":{"rendered":"https:\/\/ripess.eu\/asambleas-generales\/10a-asamblea-general-villarceaux-paris-2021\/"},"modified":"2021-06-21T14:47:45","modified_gmt":"2021-06-21T13:47:45","slug":"10a-asamblea-general-villarceaux-paris-2021","status":"publish","type":"page","link":"https:\/\/ripess.eu\/es\/asambleas-generales\/10a-asamblea-general-villarceaux-paris-2021\/","title":{"rendered":"10\u00aa Asamblea General &#8211; Villarceaux (Par\u00eds) 2021"},"content":{"rendered":"<p>El 10\u00ba Congreso y <strong>Asamblea General (AG) de RIPESS Europa &#8211; Solidarity Economy Europe<\/strong> se celebrar\u00e1 del <strong>7 al 10 de septiembre de 2021<\/strong> en <a href=\"http:\/\/bergerie-villarceaux.org\/index.php?page=english\" target=\"_blank\"><strong>La Bergerie de Villarceaux (Par\u00eds, Francia)<\/strong><\/a>, con el apoyo de la <a href=\"http:\/\/www.fph.ch\/index_en.html\" target=\"_blank\"><strong>FPH (Fundaci\u00f3n para el progreso humano).<\/strong><\/a> Esta AG es la oportunidad de reunirse de nuevo y <strong>celebrar el 10\u00ba Aniversario de la red<\/strong> en un ambiente de convivencia y de seguir trabajando juntos siguiendo las orientaciones estrat\u00e9gicas aprobadas en septiembre de 2020.<\/p>\n<p>La reuni\u00f3n se centra en el desarrollo de la red europea 10 a\u00f1os despu\u00e9s de su fundaci\u00f3n. Se esperan nuevos miembros de diferentes pa\u00edses europeos e invitados de otras redes y organizaciones. Al tratarse de una reuni\u00f3n presencial, se espera que los participantes permanezcan durante todo el tiempo que dure la cita. Debido a las restricciones sanitarias, las plazas son limitadas.<\/p>\n<p>&nbsp;<\/p>\n<p>Para confirmar su participaci\u00f3n, <a href=\"https:\/\/ripess.eu\/en\/eforms\/ga2021-registration\/17\/\" target=\"_blank\"><strong>debe inscribirse en l\u00ednea aqu\u00ed.<\/strong><\/a><\/p>\n<p>Puede encontrar m\u00e1s informaci\u00f3n en:<\/p>\n<ul>\n<li><a href=\"https:\/\/ripess.eu\/es\/asambleas-generales\/10a-asamblea-general-villarceaux-paris-2021\/como-llegar-a-la-bergerie\/\" target=\"_blank\"><strong>C\u00f3mo planificar su viaje a La Bergerie de Villarceaux<\/strong><\/a><\/li>\n<li><a href=\"https:\/\/ripess.eu\/es\/asambleas-generales\/10a-asamblea-general-villarceaux-paris-2021\/alimentacion-y-alojamiento-y-disposiciones-de-seguridad-sanitaria\/\" target=\"_blank\"><strong>Alimentaci\u00f3n y alojamiento (y disposiciones de seguridad sanitaria)<\/strong><\/a><\/li>\n<li><a href=\"https:\/\/ripess.eu\/es\/asambleas-generales\/10a-asamblea-general-villarceaux-paris-2021\/gastos-cubiertos-por-ripess-eu\/\" target=\"_blank\"><strong>Qu\u00e9 gastos cubre RIPESS EU<\/strong><\/a><\/li>\n<li><strong>Participaci\u00f3n en l\u00ednea<\/strong><\/li>\n<\/ul>\n<h4>Preparaci\u00f3n de la Asamblea General<\/h4>\n<p>Puede acceder a los documentos y foros para la preparaci\u00f3n de la AG a trav\u00e9s de los siguientes enlaces.<\/p>\n<p>Si necesita dar un <strong>voto delegado<\/strong> a otro miembro, por favor, <strong>rellene y env\u00ede <a href=\"https:\/\/cloud.ripess.eu\/index.php\/apps\/onlyoffice\/206967?filePath=%2FPartages%2FAG-General_Assemblies%2F2021_September_10_years%2FOfficial_docs%2Fproxyvote.docx\" target=\"_blank\">este formulario (en ingl\u00e9s).<\/a><\/strong><\/p>\n<p>Por favor, lea atentamente el documento \u00ab<a href=\"https:\/\/cloud.ripess.eu\/index.php\/apps\/onlyoffice\/206935?filePath=%2FPartages%2FAG-General_Assemblies%2F2021_September_10_years%2FOfficial_docs%2FCoCo_renewal_appeal_for_candidates.docx\" target=\"_blank\"><strong>Renovaci\u00f3n del CoCo &#8211; Llamamiento a los candidatos<\/strong><\/a>\u00ab.<\/p>\n<p>&#8211; <strong><a href=\"https:\/\/cloud.ripess.eu\/index.php\/s\/xTBcnWm76a65Yy7\" target=\"_blank\">Documento de orientaci\u00f3n estrat\u00e9gica 2021-2023<\/a> (en ingl\u00e9s)<\/strong>: este documento fue elaborado por el Comit\u00e9 de Coordinaci\u00f3n y el grupo de trabajo de estrategia y fue debatido y revisado en la Asamblea General de septiembre de 2021.<\/p>\n<p>&#8211; <strong>Foro para la preparaci\u00f3n de la Asamblea General:<\/strong> para ayudar a construir juntos la AG, hemos abierto un foro de debate espec\u00edfico en Framavox <a href=\"https:\/\/framavox.org\/d\/xfcNiWJB\/ga-2021-programme-preparation\" target=\"_blank\"><strong>en esta p\u00e1gina<\/strong><\/a>. Es necesario estar registrado para participar.<\/p>\n<hr \/>\n<p>&nbsp;<\/p>\n","protected":false},"excerpt":{"rendered":"<p>El 10\u00ba Congreso y Asamblea General (AG) de RIPESS Europa &#8211; Solidarity Economy Europe se celebrar\u00e1 del 7 al 10 de septiembre de 2021 en La Bergerie de Villarceaux (Par\u00eds, [&hellip;]<\/p>\n","protected":false},"author":4,"featured_media":25312,"parent":2771,"menu_order":0,"comment_status":"closed","ping_status":"closed","template":"","meta":{"_et_pb_use_builder":"on","_et_pb_old_content":"","_et_gb_content_width":"","footnotes":""},"class_list":["post-25376","page","type-page","status-publish","has-post-thumbnail","hentry"],"_links":{"self":[{"href":"https:\/\/ripess.eu\/es\/wp-json\/wp\/v2\/pages\/25376","targetHints":{"allow":["GET"]}}],"collection":[{"href":"https:\/\/ripess.eu\/es\/wp-json\/wp\/v2\/pages"}],"about":[{"href":"https:\/\/ripess.eu\/es\/wp-json\/wp\/v2\/types\/page"}],"author":[{"embeddable":true,"href":"https:\/\/ripess.eu\/es\/wp-json\/wp\/v2\/users\/4"}],"replies":[{"embeddable":true,"href":"https:\/\/ripess.eu\/es\/wp-json\/wp\/v2\/comments?post=25376"}],"version-history":[{"count":0,"href":"https:\/\/ripess.eu\/es\/wp-json\/wp\/v2\/pages\/25376\/revisions"}],"up":[{"embeddable":true,"href":"https:\/\/ripess.eu\/es\/wp-json\/wp\/v2\/pages\/2771"}],"wp:featuredmedia":[{"embeddable":true,"href":"https:\/\/ripess.eu\/es\/wp-json\/wp\/v2\/media\/25312"}],"wp:attachment":[{"href":"https:\/\/ripess.eu\/es\/wp-json\/wp\/v2\/media?parent=25376"}],"curies":[{"name":"wp","href":"https:\/\/api.w.org\/{rel}","templated":true}]}}