{"id":20777,"date":"2020-09-30T16:09:35","date_gmt":"2020-09-30T14:09:35","guid":{"rendered":"https:\/\/www.ripess.eu\/?page_id=20777"},"modified":"2020-10-07T10:33:33","modified_gmt":"2020-10-07T08:33:33","slug":"fsmet","status":"publish","type":"page","link":"https:\/\/ripess.eu\/es\/fsmet\/","title":{"rendered":"FSMET"},"content":{"rendered":"\n<p class=\"has-text-align-center\"><strong>Aqu\u00ed encontrar\u00e1 todos los art\u00edculos y contenidos sobre el Foro Social Mundial de las Econom\u00edas Transformadoras 2020<\/strong><\/p>\n\n\n\n<p><a><\/a><\/p>\n\n\n\n<p class=\"has-text-align-center\"><a href=\"http:\/\/europe.ripess.rio20.net\/?lang=en\/es\/actividades-continentales-e-intercontinentales-ripess-en-el-fsmet\/\">FSMET 2020 : Actividades continentales e intercontinentales de RIPESS<\/a><\/p>\n\n\n\n<p class=\"has-text-align-center\"><a href=\"https:\/\/transformadora.org\/en\" target=\"_blank\" rel=\"noreferrer noopener\">https:\/\/transformadora.org\/es<\/a><\/p>\n\n\n\n<p class=\"has-text-align-center\"><a href=\"https:\/\/transformadora.org\/es\/aceptamos-el-reto-las-economias-transformadoras-frente-al-covid-19\">Aceptamos el reto (oct 2020)<\/a><\/p>\n\n\n\n<p class=\"has-text-align-center\"><a rel=\"noreferrer noopener\" href=\"https:\/\/forum.transformadora.org\/?locale=es\" target=\"_blank\">Forum.transformadora.org<\/a><\/p>\n\n\n\n<div class=\"wp-block-image\"><figure class=\"aligncenter size-large\"><img loading=\"lazy\" decoding=\"async\" width=\"455\" height=\"143\" src=\"https:\/\/europe.ripess.rio20.net\/wp-content\/uploads\/sites\/4\/2020\/10\/FSMET-ES.png\" alt=\"\" class=\"wp-image-20773\" srcset=\"https:\/\/ripess.eu\/wp-content\/uploads\/sites\/4\/2020\/10\/FSMET-ES.png 455w, https:\/\/ripess.eu\/wp-content\/uploads\/sites\/4\/2020\/10\/FSMET-ES-300x94.png 300w\" sizes=\"(max-width: 455px) 100vw, 455px\" \/><\/figure><\/div>\n","protected":false},"excerpt":{"rendered":"<p>Aqu\u00ed encontrar\u00e1 todos los art\u00edculos y contenidos sobre el Foro Social Mundial de las Econom\u00edas Transformadoras 2020 FSMET 2020 : Actividades continentales e intercontinentales de RIPESS https:\/\/transformadora.org\/es Aceptamos el reto [&hellip;]<\/p>\n","protected":false},"author":7021,"featured_media":20746,"parent":0,"menu_order":0,"comment_status":"closed","ping_status":"closed","template":"","meta":{"_et_pb_use_builder":"","_et_pb_old_content":"","_et_gb_content_width":"","footnotes":""},"class_list":["post-20777","page","type-page","status-publish","has-post-thumbnail","hentry"],"_links":{"self":[{"href":"https:\/\/ripess.eu\/es\/wp-json\/wp\/v2\/pages\/20777","targetHints":{"allow":["GET"]}}],"collection":[{"href":"https:\/\/ripess.eu\/es\/wp-json\/wp\/v2\/pages"}],"about":[{"href":"https:\/\/ripess.eu\/es\/wp-json\/wp\/v2\/types\/page"}],"author":[{"embeddable":true,"href":"https:\/\/ripess.eu\/es\/wp-json\/wp\/v2\/users\/7021"}],"replies":[{"embeddable":true,"href":"https:\/\/ripess.eu\/es\/wp-json\/wp\/v2\/comments?post=20777"}],"version-history":[{"count":0,"href":"https:\/\/ripess.eu\/es\/wp-json\/wp\/v2\/pages\/20777\/revisions"}],"wp:featuredmedia":[{"embeddable":true,"href":"https:\/\/ripess.eu\/es\/wp-json\/wp\/v2\/media\/20746"}],"wp:attachment":[{"href":"https:\/\/ripess.eu\/es\/wp-json\/wp\/v2\/media?parent=20777"}],"curies":[{"name":"wp","href":"https:\/\/api.w.org\/{rel}","templated":true}]}}